{"id":10306,"date":"2015-11-12T16:42:42","date_gmt":"2015-11-12T14:42:42","guid":{"rendered":"http:\/\/www.auderset.com\/?page_id=10306"},"modified":"2016-07-25T13:46:14","modified_gmt":"2016-07-25T11:46:14","slug":"dvd","status":"publish","type":"page","link":"https:\/\/www.auderset.com\/de\/dvd\/","title":{"rendered":"DVD"},"content":{"rendered":"<p><a href=\"http:\/\/www.auderset.com\/wp-content\/uploads\/alain-one-man-show.jpg\"><img loading=\"lazy\" decoding=\"async\" class=\"alignleft size-full wp-image-10307\" src=\"http:\/\/www.auderset.com\/wp-content\/uploads\/alain-one-man-show.jpg\" alt=\"alain-one-man-show\" width=\"400\" height=\"571\" srcset=\"https:\/\/www.auderset.com\/wp-content\/uploads\/alain-one-man-show.jpg 400w, https:\/\/www.auderset.com\/wp-content\/uploads\/alain-one-man-show-210x300.jpg 210w\" sizes=\"auto, (max-width: 400px) 100vw, 400px\" \/><\/a><\/p>\n<p>&nbsp;<\/p>\n<p><strong>Die DVD (leider zur Zeit nur auf Franz\u00f6sisch):<\/strong><br \/>\nDiese DVD (die zweite des Autors) widmet sich einer Show, die dutzende von Malen auf franz\u00f6sisch-sprachigen B\u00fchnen abgehalten wurde (Schweiz, Frankreich, Quebec, Belgien). Seit der Entstehung dieser One-Man-Show wurde sie laufend verfeinert und \u00fcberarbeitet, solange bis ein kleines Juwel entstand, das es w\u00fcrdig war &#8222;in den Kasten&#8220; zu kommen.<\/p>\n<p><strong>Der Inhalt :<\/strong><\/p>\n<p><span style=\"font-size: 14px;\"><big>Was w\u00fcrde passieren, wenn wir unseren atheistischen oder vagen \u201eGlauben\u201c ausleben?\u00a0<\/big><\/span><big><\/big><\/p>\n<p>A. Auderset spielt seine Figur bis ins Extreme, wenn er manchmal auch die Grenzen des Absurden \u00fcberschreitet. Er fokussiert die Scheinwerfer auf die Unstimmigkeiten in unserem Leben.<\/p>\n<p>Eine Folge von aussagekr\u00e4ftigen, intelligenten, lustigen Sketchs, mit feinen Wortspielen und voll Gef\u00fchl. Trotz\u00a0 des abgefahrenen Humors des K\u00fcnstlers, zieht sich ein roter Faden durch das St\u00fcck, der das Ganze zusammenh\u00e4lt.<\/p>\n<p>Eine kom\u00f6dische Leistung des bew\u00e4hrten Komik-Autors, die Sie in Atem halten wird. Man k\u00f6nnte fast meinen, eine seiner Komikfiguren sei seinem Zeichenbrett entsprungen, um sich auf den Brettern eines Theaters wieder\u00a0 zu finden.<strong><big><br \/>\n<\/big><\/strong><\/p>\n<p>&nbsp;<\/p>\n<p><strong>Ueber den Autor :<\/strong><br \/>\nAlain Auderset ist ein K\u00fcnstler mit vielen Talenten\u2009: Komik-Autor (10 ver\u00f6ffentlicht bis jetzt, \u00fcber 110&#8217;000 St\u00fcck verkauft und mehrmals ausgezeichnet), zudem Humorist mit einem neuen Stil, dessen One-Man-Shows und\u00a0 Reden sehr gesch\u00e4tzt werden.<br \/>\nSein Newsletter*, sein Blog und seine vielf\u00e4ltige Zusammenarbeit im Radio und auf Youtube werden regelm\u00e4ssig verfolgt von einer immer gr\u00f6sser werdenden Zuh\u00f6rerschaft.<br \/>\nIm Jahre 2013, hat das Moondog-Animation Studio einen Zeichentrickfilm produziert namens &#8220; ID&#8220; (steht f\u00fcr &#8222;Id\u00e9es re\u00e7ues&#8220; auf Deutsch Ach du lieber Himmel!), inspiriert durch Alain Audersets Werk. Der Film erz\u00e4hlt die Abenteuer des Willy Grunch, eine seiner kennzeichnenden Figuren. Dieses Projekt hat weltweite Tragweite.<br \/>\nAlain ist auch Gitarrist der Rockgruppe \u00ab\u200aSaahsal\u200a\u00bb, in der Eliane (seine Frau) singt. Eine Gruppe, die eben ihre erste, gleichnamige CD herausgegeben hat<br \/>\nTrotz seines vollen Terminplans und seiner wachsenden Ber\u00fchmtheit, ist der Autor zug\u00e4nglich, einfach und authentisch geblieben.<\/p>\n<p><span style=\"color: #808080;\">*\u2009die besten davon wurden ver\u00f6ffentlicht als Sammlung unter dem Titel \u00ab\u200aRendez-vous dans la for\u00eat\u200a\u00bb. Wird zur Zeit ins deutsche \u00fcbersetzt.<\/span><\/p>\n<p>&nbsp;<\/p>\n<p>&nbsp;<\/p>\n<p>&nbsp;<\/p>","protected":false},"excerpt":{"rendered":"<p>&nbsp; Die DVD (leider zur Zeit nur auf Franz\u00f6sisch): Diese DVD (die zweite des Autors) widmet sich einer Show, die dutzende von Malen auf franz\u00f6sisch-sprachigen B\u00fchnen abgehalten wurde (Schweiz, Frankreich, Quebec, Belgien). Seit der Entstehung dieser One-Man-Show wurde sie laufend &hellip; <a href=\"https:\/\/www.auderset.com\/de\/dvd\/\">More&#8230;<\/a> <a href=\"https:\/\/www.auderset.com\/de\/dvd\/\">More&#8230;<\/a><\/p>\n","protected":false},"author":1,"featured_media":0,"parent":0,"menu_order":0,"comment_status":"closed","ping_status":"closed","template":"","meta":{"footnotes":""},"class_list":["post-10306","page","type-page","status-publish","hentry"],"_links":{"self":[{"href":"https:\/\/www.auderset.com\/de\/wp-json\/wp\/v2\/pages\/10306","targetHints":{"allow":["GET"]}}],"collection":[{"href":"https:\/\/www.auderset.com\/de\/wp-json\/wp\/v2\/pages"}],"about":[{"href":"https:\/\/www.auderset.com\/de\/wp-json\/wp\/v2\/types\/page"}],"author":[{"embeddable":true,"href":"https:\/\/www.auderset.com\/de\/wp-json\/wp\/v2\/users\/1"}],"replies":[{"embeddable":true,"href":"https:\/\/www.auderset.com\/de\/wp-json\/wp\/v2\/comments?post=10306"}],"version-history":[{"count":28,"href":"https:\/\/www.auderset.com\/de\/wp-json\/wp\/v2\/pages\/10306\/revisions"}],"predecessor-version":[{"id":11389,"href":"https:\/\/www.auderset.com\/de\/wp-json\/wp\/v2\/pages\/10306\/revisions\/11389"}],"wp:attachment":[{"href":"https:\/\/www.auderset.com\/de\/wp-json\/wp\/v2\/media?parent=10306"}],"curies":[{"name":"wp","href":"https:\/\/api.w.org\/{rel}","templated":true}]}}