{"id":10456,"date":"2015-11-24T18:12:07","date_gmt":"2015-11-24T16:12:07","guid":{"rendered":"http:\/\/www.auderset.com\/?page_id=10456"},"modified":"2018-03-23T16:35:45","modified_gmt":"2018-03-23T14:35:45","slug":"athee-non-partiquant","status":"publish","type":"page","link":"https:\/\/www.auderset.com\/de\/athee-non-partiquant\/","title":{"rendered":"Nicht praktizierender Atheist"},"content":{"rendered":"<p><strong><big><a href=\"http:\/\/www.auderset.com\/wp-content\/uploads\/logo-titre-pt.jpg\"><img loading=\"lazy\" decoding=\"async\" class=\"alignleft size-full wp-image-10331\" src=\"http:\/\/www.auderset.com\/wp-content\/uploads\/logo-titre-pt.jpg\" alt=\"logo titre pt\" width=\"170\" height=\"113\" \/><\/a><\/big><\/strong><\/p>\n<p>&nbsp;<\/p>\n<p><strong>DIESE SHOW IST ZUR ZEIT NUR AUF FRANZOESISCH!!!<\/strong><\/p>\n<p>&nbsp;<\/p>\n<p><strong><big>Eine Show mit existenziellem Humor<\/big><\/strong><\/p>\n<p><span style=\"font-size: 12px;\"><big>Was w\u00fcrde passieren, wenn wir unseren atheistischen oder vagen &#8222;Glauben&#8220; ausleben?\u00a0<\/big><big><\/big><\/span><\/p>\n<p>A. Auderset spielt seine Figur bis ins Extreme, wenn er manchmal auch die Grenzen des Absurden \u00fcberschreitet. Er fokussiert die Scheinwerfer auf die Unstimmigkeiten in unserem Leben.<\/p>\n<p>Eine Folge von aussagekr\u00e4ftigen, intelligenten, lustigen Sketchs, mit feinen Wortspielen und voll Gef\u00fchl. Trotz\u00a0 des abgefahrenen Humors des K\u00fcnstlers, zieht sich ein roter Faden durch das St\u00fcck, der das Ganze zusammenh\u00e4lt.<\/p>\n<p>Eine kom\u00f6dische Leistung des bew\u00e4hrten Komik-Autors, die Sie in Atem halten wird. Man k\u00f6nnte fast meinen, eine seiner Komikfiguren sei seinem Zeichenbrett entsprungen, um sich auf den Brettern eines Theaters wieder\u00a0 zu finden.<strong><big><br \/>\n<\/big><\/strong><\/p>\n<address>Dauer: ung. 1 Std 40 Min.<\/address>\n<p><strong><span style=\"text-decoration: underline;\"><a href=\"http:\/\/www.auderset.com\/dvd\">DVD Trailer ansehen<\/a><\/span><\/strong><\/p>\n<p><a href=\"http:\/\/www.auderset.com\/dvd\"><span style=\"text-decoration: underline;\"><strong>+ Infos \u00fcber die DVD<\/strong><\/span><\/a><\/p>\n<p><a href=\"http:\/\/www.auderset.com\/shop\/new-products.php#\"><span style=\"text-decoration: underline;\"><strong>DVD bestellen<\/strong><\/span><\/a><\/p>\n<p><span style=\"text-decoration: underline;\"><strong><a href=\"http:\/\/www.auderset.com\/medias\/cp-un-one-man-show-comme-antidote-a-lextremisme\">Presse: Vernissage annuliert<\/a><\/strong><\/span><\/p>\n<p><a href=\"http:\/\/www.auderset.com\/wp-content\/uploads\/MG_5569w.jpg\"><img loading=\"lazy\" decoding=\"async\" class=\"alignleft wp-image-10337\" src=\"http:\/\/www.auderset.com\/wp-content\/uploads\/MG_5569w-200x300.jpg\" alt=\"_MG_5569w\" width=\"108\" height=\"162\" srcset=\"https:\/\/www.auderset.com\/wp-content\/uploads\/MG_5569w-200x300.jpg 200w, https:\/\/www.auderset.com\/wp-content\/uploads\/MG_5569w.jpg 400w\" sizes=\"auto, (max-width: 108px) 100vw, 108px\" \/><\/a> <a href=\"http:\/\/www.auderset.com\/wp-content\/uploads\/MG_5598w.jpg\"><img loading=\"lazy\" decoding=\"async\" class=\"alignleft wp-image-10338\" src=\"http:\/\/www.auderset.com\/wp-content\/uploads\/MG_5598w-300x200.jpg\" alt=\"_MG_5598w\" width=\"243\" height=\"162\" srcset=\"https:\/\/www.auderset.com\/wp-content\/uploads\/MG_5598w-300x200.jpg 300w, https:\/\/www.auderset.com\/wp-content\/uploads\/MG_5598w.jpg 600w\" sizes=\"auto, (max-width: 243px) 100vw, 243px\" \/><\/a><a href=\"http:\/\/www.auderset.com\/wp-content\/uploads\/MG_5672w.jpg\"><img loading=\"lazy\" decoding=\"async\" class=\"alignleft wp-image-10339\" src=\"http:\/\/www.auderset.com\/wp-content\/uploads\/MG_5672w-300x200.jpg\" alt=\"_MG_5672w\" width=\"243\" height=\"162\" srcset=\"https:\/\/www.auderset.com\/wp-content\/uploads\/MG_5672w-300x200.jpg 300w, https:\/\/www.auderset.com\/wp-content\/uploads\/MG_5672w.jpg 600w\" sizes=\"auto, (max-width: 243px) 100vw, 243px\" \/><\/a><\/p>\n<address>\u00a0<\/address>\n<address>\u00a0<\/address>\n<address>Auszug:<\/address>\n<address><span style=\"color: #808080; font-size: 10px;\">[youtube]n3X4fk2fcuc[\/youtube]Si la vid\u00e9o ne marche pas, cliquez ici:<a style=\"color: #808080;\" href=\"http:\/\/www.youtube.com\/watch?v=n3X4fk2fcuc\"> http:\/\/www.youtube.com\/watch?v=n3X4fk2fcuc<\/a><\/span><\/address>\n<address>\u00a0<\/address>\n<address>\n<address>\n<address><a href=\"http:\/\/www.auderset.com\/wp-content\/uploads\/2011\/06\/canal-alpha-ch.jpg\"><img loading=\"lazy\" decoding=\"async\" class=\"alignleft size-full wp-image-414\" src=\"http:\/\/www.auderset.com\/wp-content\/uploads\/2011\/06\/canal-alpha-ch.jpg\" alt=\"canal-alpha-ch\" width=\"60\" height=\"60\" srcset=\"https:\/\/www.auderset.com\/wp-content\/uploads\/2011\/06\/canal-alpha-ch.jpg 60w, https:\/\/www.auderset.com\/wp-content\/uploads\/2011\/06\/canal-alpha-ch-38x38.jpg 38w\" sizes=\"auto, (max-width: 60px) 100vw, 60px\" \/><\/a>Reportage \u00fcber die <strong>Kulissen\u00a0<\/strong><\/address>\n<\/address>\n<address><iframe loading=\"lazy\" src=\"https:\/\/www.youtube.com\/embed\/Z61kXSW_8lw\" width=\"560\" height=\"315\" frameborder=\"0\" allowfullscreen=\"allowfullscreen\"><\/iframe><\/address>\n<\/address>\n<address>\u00a0<\/address>\n<address>\u00a0<\/address>\n<address>\u00a0<\/address>\n<div><\/div>\n<div><\/div>\n<div><\/div>\n<p><\/p>","protected":false},"excerpt":{"rendered":"<p>&nbsp; DIESE SHOW IST ZUR ZEIT NUR AUF FRANZOESISCH!!! &nbsp; Eine Show mit existenziellem Humor Was w\u00fcrde passieren, wenn wir unseren atheistischen oder vagen &#8222;Glauben&#8220; ausleben?\u00a0 A. Auderset spielt seine Figur bis ins Extreme, wenn er manchmal auch die Grenzen &hellip; <a href=\"https:\/\/www.auderset.com\/de\/athee-non-partiquant\/\">More&#8230;<\/a> <a href=\"https:\/\/www.auderset.com\/de\/athee-non-partiquant\/\">More&#8230;<\/a><\/p>\n","protected":false},"author":1,"featured_media":0,"parent":0,"menu_order":0,"comment_status":"closed","ping_status":"closed","template":"","meta":{"footnotes":""},"class_list":["post-10456","page","type-page","status-publish","hentry"],"_links":{"self":[{"href":"https:\/\/www.auderset.com\/de\/wp-json\/wp\/v2\/pages\/10456","targetHints":{"allow":["GET"]}}],"collection":[{"href":"https:\/\/www.auderset.com\/de\/wp-json\/wp\/v2\/pages"}],"about":[{"href":"https:\/\/www.auderset.com\/de\/wp-json\/wp\/v2\/types\/page"}],"author":[{"embeddable":true,"href":"https:\/\/www.auderset.com\/de\/wp-json\/wp\/v2\/users\/1"}],"replies":[{"embeddable":true,"href":"https:\/\/www.auderset.com\/de\/wp-json\/wp\/v2\/comments?post=10456"}],"version-history":[{"count":7,"href":"https:\/\/www.auderset.com\/de\/wp-json\/wp\/v2\/pages\/10456\/revisions"}],"predecessor-version":[{"id":14236,"href":"https:\/\/www.auderset.com\/de\/wp-json\/wp\/v2\/pages\/10456\/revisions\/14236"}],"wp:attachment":[{"href":"https:\/\/www.auderset.com\/de\/wp-json\/wp\/v2\/media?parent=10456"}],"curies":[{"name":"wp","href":"https:\/\/api.w.org\/{rel}","templated":true}]}}