{"id":10462,"date":"2015-11-24T18:13:21","date_gmt":"2015-11-24T16:13:21","guid":{"rendered":"http:\/\/www.auderset.com\/?page_id=10462"},"modified":"2016-07-25T13:59:17","modified_gmt":"2016-07-25T11:59:17","slug":"lepitreries-2","status":"publish","type":"page","link":"https:\/\/www.auderset.com\/de\/lepitreries-2\/","title":{"rendered":"L\u2019\u00e9p\u00eetre(ries)"},"content":{"rendered":"<p>DIESE DVD IST ZUR ZEIT NUR AUF FRANZOESISCH ERHAELTLICH!<\/p>\n<p>&nbsp;<\/p>\n<p><strong><big>L&#8217;\u00e9p\u00eetre(ries) d&#8217;Alain<\/big><\/strong><\/p>\n<p>Erste DVD des Autors. Dieses Video (eine Art humoristische Konferenz, die einer One-Man-Show nahekommt) wird im Jahre 2008 in einem \u00fcberf\u00fcllten (und Tr\u00e4nen lachenden) Theater aufgenommen<\/p>\n<p>Diese Show geht davon aus, dass Gott nicht f\u00fcr eine religi\u00f6se Elite reserviert ist, sondern jedem nahe ist, ER ist einfach da&#8230;<\/p>\n<p><a href=\"http:\/\/www.auderset.com\/\/show\/one-man-show\/attachment\/auderset\/\" rel=\"attachment wp-att-550\"><br \/>\n<img loading=\"lazy\" decoding=\"async\" style=\"margin-left: 5px; margin-right: 7px;\" title=\"Auderset\" src=\"http:\/\/www.auderset.com\/\/wp-content\/uploads\/Auderset.jpg\" alt=\"\" width=\"87\" height=\"160\" \/><\/a><a href=\"http:\/\/www.auderset.com\/\/show\/one-man-show\/attachment\/auderset\/\" rel=\"attachment wp-att-550\"><img loading=\"lazy\" decoding=\"async\" class=\"alignnone size-full wp-image-592\" title=\"alain 19\" src=\"http:\/\/www.auderset.com\/\/wp-content\/uploads\/alain-19.jpg\" alt=\"\" width=\"200\" height=\"160\" srcset=\"https:\/\/www.auderset.com\/wp-content\/uploads\/alain-19.jpg 200w, https:\/\/www.auderset.com\/wp-content\/uploads\/alain-19-96x76.jpg 96w, https:\/\/www.auderset.com\/wp-content\/uploads\/alain-19-38x30.jpg 38w, https:\/\/www.auderset.com\/wp-content\/uploads\/alain-19-128x102.jpg 128w\" sizes=\"auto, (max-width: 200px) 100vw, 200px\" \/><\/a><a href=\"http:\/\/www.auderset.com\/\/show\/one-man-show\/attachment\/auderset\/\" rel=\"attachment wp-att-550\"><img loading=\"lazy\" decoding=\"async\" class=\"alignnone size-full wp-image-593\" style=\"margin: 0px 5px 0px 7px;\" title=\"alain 12\" src=\"http:\/\/www.auderset.com\/\/wp-content\/uploads\/alain-12.jpg\" alt=\"\" width=\"200\" height=\"160\" srcset=\"https:\/\/www.auderset.com\/wp-content\/uploads\/alain-12.jpg 200w, https:\/\/www.auderset.com\/wp-content\/uploads\/alain-12-96x76.jpg 96w, https:\/\/www.auderset.com\/wp-content\/uploads\/alain-12-38x30.jpg 38w, https:\/\/www.auderset.com\/wp-content\/uploads\/alain-12-128x102.jpg 128w\" sizes=\"auto, (max-width: 200px) 100vw, 200px\" \/><\/a><\/p>\n<p><span style=\"text-decoration: underline;\"><strong><a href=\"http:\/\/www.auderset.com\/\/store\/cd-dvd\/dvd-l\u00e9p\u00eetreries-dalain\/\">Jetzt kaufen<\/a><\/strong><\/span><\/p>\n<p><span style=\"text-decoration: underline;\"><strong><a href=\"http:\/\/www.auderset.com\/dvd-lepitreries\">Einen Auszug ansehen<\/a><\/strong><\/span><\/p>\n<p>&nbsp;<\/p>\n<p>&nbsp;<\/p>","protected":false},"excerpt":{"rendered":"<p>DIESE DVD IST ZUR ZEIT NUR AUF FRANZOESISCH ERHAELTLICH! &nbsp; L&#8217;\u00e9p\u00eetre(ries) d&#8217;Alain Erste DVD des Autors. Dieses Video (eine Art humoristische Konferenz, die einer One-Man-Show nahekommt) wird im Jahre 2008 in einem \u00fcberf\u00fcllten (und Tr\u00e4nen lachenden) Theater aufgenommen Diese Show &hellip; <a href=\"https:\/\/www.auderset.com\/de\/lepitreries-2\/\">More&#8230;<\/a> <a href=\"https:\/\/www.auderset.com\/de\/lepitreries-2\/\">More&#8230;<\/a><\/p>\n","protected":false},"author":1,"featured_media":0,"parent":0,"menu_order":0,"comment_status":"closed","ping_status":"closed","template":"","meta":{"footnotes":""},"class_list":["post-10462","page","type-page","status-publish","hentry"],"_links":{"self":[{"href":"https:\/\/www.auderset.com\/de\/wp-json\/wp\/v2\/pages\/10462","targetHints":{"allow":["GET"]}}],"collection":[{"href":"https:\/\/www.auderset.com\/de\/wp-json\/wp\/v2\/pages"}],"about":[{"href":"https:\/\/www.auderset.com\/de\/wp-json\/wp\/v2\/types\/page"}],"author":[{"embeddable":true,"href":"https:\/\/www.auderset.com\/de\/wp-json\/wp\/v2\/users\/1"}],"replies":[{"embeddable":true,"href":"https:\/\/www.auderset.com\/de\/wp-json\/wp\/v2\/comments?post=10462"}],"version-history":[{"count":3,"href":"https:\/\/www.auderset.com\/de\/wp-json\/wp\/v2\/pages\/10462\/revisions"}],"predecessor-version":[{"id":11396,"href":"https:\/\/www.auderset.com\/de\/wp-json\/wp\/v2\/pages\/10462\/revisions\/11396"}],"wp:attachment":[{"href":"https:\/\/www.auderset.com\/de\/wp-json\/wp\/v2\/media?parent=10462"}],"curies":[{"name":"wp","href":"https:\/\/api.w.org\/{rel}","templated":true}]}}