{"id":10469,"date":"2015-11-24T18:24:05","date_gmt":"2015-11-24T16:24:05","guid":{"rendered":"http:\/\/www.auderset.com\/?page_id=10469"},"modified":"2016-07-25T14:05:07","modified_gmt":"2016-07-25T12:05:07","slug":"temoignage","status":"publish","type":"page","link":"https:\/\/www.auderset.com\/de\/temoignage\/","title":{"rendered":"CD T\u00e9moignage"},"content":{"rendered":"<p><span class=\"Apple-style-span\"><a href=\"http:\/\/www.auderset.com\/wp-content\/uploads\/CD-temoignage3-ok.jpg\"><img loading=\"lazy\" decoding=\"async\" class=\"alignleft size-full wp-image-10510\" src=\"http:\/\/www.auderset.com\/wp-content\/uploads\/CD-temoignage3-ok.jpg\" alt=\"CD temoignage3 ok\" width=\"600\" height=\"600\" srcset=\"https:\/\/www.auderset.com\/wp-content\/uploads\/CD-temoignage3-ok.jpg 600w, https:\/\/www.auderset.com\/wp-content\/uploads\/CD-temoignage3-ok-150x150.jpg 150w, https:\/\/www.auderset.com\/wp-content\/uploads\/CD-temoignage3-ok-300x300.jpg 300w\" sizes=\"auto, (max-width: 600px) 100vw, 600px\" \/><\/a><strong>Aufgenommen in Mulhouse am 21. Januar 2003 (AUF FRANZOESICH)<\/strong><\/span><\/p>\n<p>W\u00e4hrend einer Begegnung im Elsass wurde sein Zeugnis auf H\u00f6r-CD aufgenommen (mit seinem eigenen Gitarrenintro) <a href=\"http:\/\/www.auderset.com\/shop\/product.php?id_product=26#\" target=\"_blank\"><strong><span class=\"Apple-style-span\">Zum Bestellen klicken Sie hier<\/span><\/strong><\/a><\/p>\n<p>Anstatt die Geschichte seiner Anf\u00e4nge zu erz\u00e4hlen (wie das Zeugnis weiter unten), gibt Alain immer mehr den <strong>allt\u00e4glichen Anekdoten seines K\u00fcnstlerlebens<\/strong> den Vorzug. Er tut nicht dergleichen, seine Kunst ist nicht nur ein Mittel, um seinen Lebensunterhalt zu verdienen, sondern sie ist das Resultat einer aufrichtigen und nicht religi\u00f6sen Freundschaft mit Gott. Sein Freimut wird sie richtig zum Lachen bringen und ihr Herz ber\u00fchren.<span class=\"Apple-style-span\"><br \/>\n<\/span><\/p>\n<p><span style=\"text-decoration: underline;\"><span style=\"font-family: Arial; font-size: small; color: #808080;\"><span style=\"font-size: 12px;\"><span style=\"color: #000000; text-decoration: underline;\">Das Lebenszeugnis anh\u00f6ren<\/span><\/span><\/span><\/span><\/p>\n<p><audio src=\"http:\/\/www.auderset.com\/wp-content\/uploads\/alain_auderset_limprevisible_temoige.mp3\" controls=\"controls\"><\/audio><\/p>\n<p><span style=\"font-family: Arial; font-size: small; color: #808080;\"><span style=\"font-size: 12px;\"><span style=\"color: #000000;\"><span style=\"color: #000000;\">\u00a0<\/span><\/span><\/span><\/span><span style=\"text-decoration: underline;\"><strong><a href=\"http:\/\/www.auderset.com\/show\/temoignage\">Mehr Infos<\/a><\/strong><\/span><\/p>\n<p>&nbsp;<\/p>","protected":false},"excerpt":{"rendered":"<p>Aufgenommen in Mulhouse am 21. Januar 2003 (AUF FRANZOESICH) W\u00e4hrend einer Begegnung im Elsass wurde sein Zeugnis auf H\u00f6r-CD aufgenommen (mit seinem eigenen Gitarrenintro) Zum Bestellen klicken Sie hier Anstatt die Geschichte seiner Anf\u00e4nge zu erz\u00e4hlen (wie das Zeugnis weiter &hellip; <a href=\"https:\/\/www.auderset.com\/de\/temoignage\/\">More&#8230;<\/a> <a href=\"https:\/\/www.auderset.com\/de\/temoignage\/\">More&#8230;<\/a><\/p>\n","protected":false},"author":1,"featured_media":0,"parent":0,"menu_order":0,"comment_status":"closed","ping_status":"closed","template":"","meta":{"footnotes":""},"class_list":["post-10469","page","type-page","status-publish","hentry"],"_links":{"self":[{"href":"https:\/\/www.auderset.com\/de\/wp-json\/wp\/v2\/pages\/10469","targetHints":{"allow":["GET"]}}],"collection":[{"href":"https:\/\/www.auderset.com\/de\/wp-json\/wp\/v2\/pages"}],"about":[{"href":"https:\/\/www.auderset.com\/de\/wp-json\/wp\/v2\/types\/page"}],"author":[{"embeddable":true,"href":"https:\/\/www.auderset.com\/de\/wp-json\/wp\/v2\/users\/1"}],"replies":[{"embeddable":true,"href":"https:\/\/www.auderset.com\/de\/wp-json\/wp\/v2\/comments?post=10469"}],"version-history":[{"count":3,"href":"https:\/\/www.auderset.com\/de\/wp-json\/wp\/v2\/pages\/10469\/revisions"}],"predecessor-version":[{"id":11397,"href":"https:\/\/www.auderset.com\/de\/wp-json\/wp\/v2\/pages\/10469\/revisions\/11397"}],"wp:attachment":[{"href":"https:\/\/www.auderset.com\/de\/wp-json\/wp\/v2\/media?parent=10469"}],"curies":[{"name":"wp","href":"https:\/\/api.w.org\/{rel}","templated":true}]}}