{"id":10471,"date":"2015-11-24T18:24:42","date_gmt":"2015-11-24T16:24:42","guid":{"rendered":"http:\/\/www.auderset.com\/?page_id=10471"},"modified":"2016-07-25T13:58:52","modified_gmt":"2016-07-25T11:58:52","slug":"cd-saahsal","status":"publish","type":"page","link":"https:\/\/www.auderset.com\/de\/cd-saahsal\/","title":{"rendered":"CD Saahsal"},"content":{"rendered":"<p><\/p>\n<address><a href=\"http:\/\/www.auderset.com\/wp-content\/uploads\/cd-saahsal.jpg\"><img loading=\"lazy\" decoding=\"async\" class=\"alignleft wp-image-10310\" src=\"http:\/\/www.auderset.com\/wp-content\/uploads\/cd-saahsal.jpg\" alt=\"cd saahsal\" width=\"278\" height=\"147\" srcset=\"https:\/\/www.auderset.com\/wp-content\/uploads\/cd-saahsal.jpg 500w, https:\/\/www.auderset.com\/wp-content\/uploads\/cd-saahsal-300x158.jpg 300w\" sizes=\"auto, (max-width: 278px) 100vw, 278px\" \/><\/a><\/address>\n<address>\u00a0<\/address>\n<p><span style=\"font-size: 16px;\"><strong>Der Stil<br \/>\n<\/strong>Eine zugleich warme und kr\u00e4ftige Stimme, die aus alternativem und festlichem Rock herausklingt, unterst\u00fctzt von Akkordeon und einem Bisschen Metall.. so k\u00f6nnte man den ziemlich eigenen Stil der Gruppe definieren, deren erstes Opus \u201eSaahsal\u201c heisst (wie die Gruppe)\u2026<\/span><\/p>\n<address>Vor allem in Franz\u00f6sisch gesungen, ist die Botschaft vielf\u00e4ltig und regt zum Nachdenken an.<\/address>\n<p>&nbsp;<\/p>\n<address>\n<address>\n<address><em><strong>Die Mitglieder der Gruppe :<\/strong><\/em><br \/>\nSaahsal das sind:<\/address>\n<address><strong>Eliane Auderset<\/strong> (lead vocals)<\/address>\n<address><strong>Alain Auderset<\/strong> (lead elektrische Gitarre)<\/address>\n<address><strong>Silas Auderset<\/strong> (Schlagzeug)<\/address>\n<address><strong>David Lehmann<\/strong> (Akkordeon, Gitarre und Gesang)<\/address>\n<address><strong>Xavier Sprunger<\/strong> (Bass)<\/address>\n<address><strong>Loriane T\u00e9<\/strong> (Gesang)<\/address>\n<address><strong>\u00a0<\/strong><\/address>\n<\/address>\n<address>\u00a0<\/address>\n<\/address>\n<address><span style=\"text-decoration: underline;\"><strong><a href=\"http:\/\/www.auderset.com\/show\/saahsal\">Mehr Infos<\/a><\/strong><\/span><\/address>\n<address>\u00a0<\/address>\n<address><span style=\"text-decoration: underline;\"><strong><a href=\"http:\/\/www.auderset.com\/shop\/product.php?id_product=80#\">CD bestellen<\/a><\/strong><\/span><\/address>\n<address>\u00a0<\/address>\n<address>\u00a0<\/address>\n<p><\/p>","protected":false},"excerpt":{"rendered":"<p>\u00a0 Der Stil Eine zugleich warme und kr\u00e4ftige Stimme, die aus alternativem und festlichem Rock herausklingt, unterst\u00fctzt von Akkordeon und einem Bisschen Metall.. so k\u00f6nnte man den ziemlich eigenen Stil der Gruppe definieren, deren erstes Opus \u201eSaahsal\u201c heisst (wie die &hellip; <a href=\"https:\/\/www.auderset.com\/de\/cd-saahsal\/\">More&#8230;<\/a> <a href=\"https:\/\/www.auderset.com\/de\/cd-saahsal\/\">More&#8230;<\/a><\/p>\n","protected":false},"author":1,"featured_media":0,"parent":0,"menu_order":0,"comment_status":"closed","ping_status":"closed","template":"","meta":{"footnotes":""},"class_list":["post-10471","page","type-page","status-publish","hentry"],"_links":{"self":[{"href":"https:\/\/www.auderset.com\/de\/wp-json\/wp\/v2\/pages\/10471","targetHints":{"allow":["GET"]}}],"collection":[{"href":"https:\/\/www.auderset.com\/de\/wp-json\/wp\/v2\/pages"}],"about":[{"href":"https:\/\/www.auderset.com\/de\/wp-json\/wp\/v2\/types\/page"}],"author":[{"embeddable":true,"href":"https:\/\/www.auderset.com\/de\/wp-json\/wp\/v2\/users\/1"}],"replies":[{"embeddable":true,"href":"https:\/\/www.auderset.com\/de\/wp-json\/wp\/v2\/comments?post=10471"}],"version-history":[{"count":4,"href":"https:\/\/www.auderset.com\/de\/wp-json\/wp\/v2\/pages\/10471\/revisions"}],"predecessor-version":[{"id":11395,"href":"https:\/\/www.auderset.com\/de\/wp-json\/wp\/v2\/pages\/10471\/revisions\/11395"}],"wp:attachment":[{"href":"https:\/\/www.auderset.com\/de\/wp-json\/wp\/v2\/media?parent=10471"}],"curies":[{"name":"wp","href":"https:\/\/api.w.org\/{rel}","templated":true}]}}