{"id":10475,"date":"2015-11-24T18:27:22","date_gmt":"2015-11-24T16:27:22","guid":{"rendered":"http:\/\/www.auderset.com\/?page_id=10475"},"modified":"2016-07-25T14:08:23","modified_gmt":"2016-07-25T12:08:23","slug":"dvd-lepitreries","status":"publish","type":"page","link":"https:\/\/www.auderset.com\/de\/dvd-lepitreries\/","title":{"rendered":"DVD  L\u2019\u00e9p\u00eetre(ries)"},"content":{"rendered":"<p><strong><big>L&#8217;\u00e9p\u00eetre(ries) d&#8217;Alain (zur Zeit nur auf franz\u00f6sisch erh\u00e4ltlich)<br \/>\n<\/big><\/strong><\/p>\n<p><strong>\u00a0<\/strong><\/p>\n<p>Erste DVD des Autors. Dieses Video (eine Art humoristische Konferenz, die einer One-Man-Show nahekommt) wird im Jahre 2008 in einem \u00fcberf\u00fcllten (und Tr\u00e4nen lachenden) Theater aufgenommen.<\/p>\n<p><img loading=\"lazy\" decoding=\"async\" class=\"alignleft size-full wp-image-591\" title=\"DVD\" src=\"http:\/\/www.auderset.com\/\/wp-content\/uploads\/DVD.jpg\" alt=\"\" width=\"200\" height=\"278\" srcset=\"https:\/\/www.auderset.com\/wp-content\/uploads\/DVD.jpg 200w, https:\/\/www.auderset.com\/wp-content\/uploads\/DVD-69x96.jpg 69w, https:\/\/www.auderset.com\/wp-content\/uploads\/DVD-27x38.jpg 27w, https:\/\/www.auderset.com\/wp-content\/uploads\/DVD-154x215.jpg 154w, https:\/\/www.auderset.com\/wp-content\/uploads\/DVD-92x128.jpg 92w\" sizes=\"auto, (max-width: 200px) 100vw, 200px\" \/><\/p>\n<p>Auszug aus &#8222;L&#8217;\u00e9pitre(rie) d&#8217;Alain:[youtube]g1P1MUiCTfI[\/youtube]<\/p>\n<p><span style=\"text-decoration: underline;\"><strong><a href=\"http:\/\/www.auderset.com\/shop\/product.php?id_product=27#\">DVD bestellen<\/a><\/strong><\/span><\/p>\n<p>&nbsp;<\/p>\n<p>&nbsp;<\/p>","protected":false},"excerpt":{"rendered":"<p>L&#8217;\u00e9p\u00eetre(ries) d&#8217;Alain (zur Zeit nur auf franz\u00f6sisch erh\u00e4ltlich) \u00a0 Erste DVD des Autors. Dieses Video (eine Art humoristische Konferenz, die einer One-Man-Show nahekommt) wird im Jahre 2008 in einem \u00fcberf\u00fcllten (und Tr\u00e4nen lachenden) Theater aufgenommen. Auszug aus &#8222;L&#8217;\u00e9pitre(rie) d&#8217;Alain:[youtube]g1P1MUiCTfI[\/youtube] DVD &hellip; <a href=\"https:\/\/www.auderset.com\/de\/dvd-lepitreries\/\">More&#8230;<\/a> <a href=\"https:\/\/www.auderset.com\/de\/dvd-lepitreries\/\">More&#8230;<\/a><\/p>\n","protected":false},"author":1,"featured_media":0,"parent":0,"menu_order":0,"comment_status":"closed","ping_status":"closed","template":"","meta":{"footnotes":""},"class_list":["post-10475","page","type-page","status-publish","hentry"],"_links":{"self":[{"href":"https:\/\/www.auderset.com\/de\/wp-json\/wp\/v2\/pages\/10475","targetHints":{"allow":["GET"]}}],"collection":[{"href":"https:\/\/www.auderset.com\/de\/wp-json\/wp\/v2\/pages"}],"about":[{"href":"https:\/\/www.auderset.com\/de\/wp-json\/wp\/v2\/types\/page"}],"author":[{"embeddable":true,"href":"https:\/\/www.auderset.com\/de\/wp-json\/wp\/v2\/users\/1"}],"replies":[{"embeddable":true,"href":"https:\/\/www.auderset.com\/de\/wp-json\/wp\/v2\/comments?post=10475"}],"version-history":[{"count":5,"href":"https:\/\/www.auderset.com\/de\/wp-json\/wp\/v2\/pages\/10475\/revisions"}],"predecessor-version":[{"id":11399,"href":"https:\/\/www.auderset.com\/de\/wp-json\/wp\/v2\/pages\/10475\/revisions\/11399"}],"wp:attachment":[{"href":"https:\/\/www.auderset.com\/de\/wp-json\/wp\/v2\/media?parent=10475"}],"curies":[{"name":"wp","href":"https:\/\/api.w.org\/{rel}","templated":true}]}}