{"id":10477,"date":"2015-11-24T18:28:50","date_gmt":"2015-11-24T16:28:50","guid":{"rendered":"http:\/\/www.auderset.com\/?page_id=10477"},"modified":"2016-07-25T14:15:16","modified_gmt":"2016-07-25T12:15:16","slug":"dvd-athee-non-pratiquant","status":"publish","type":"page","link":"https:\/\/www.auderset.com\/de\/dvd-athee-non-pratiquant\/","title":{"rendered":"DVD Ath\u00e9e non-pratiquant"},"content":{"rendered":"<p><a href=\"http:\/\/www.auderset.com\/wp-content\/uploads\/ATNP_box-pt.jpg\"><img loading=\"lazy\" decoding=\"async\" class=\"alignleft size-medium wp-image-10329\" src=\"http:\/\/www.auderset.com\/wp-content\/uploads\/ATNP_box-pt-214x300.jpg\" alt=\"ATNP_box pt\" width=\"214\" height=\"300\" srcset=\"https:\/\/www.auderset.com\/wp-content\/uploads\/ATNP_box-pt-214x300.jpg 214w, https:\/\/www.auderset.com\/wp-content\/uploads\/ATNP_box-pt.jpg 571w\" sizes=\"auto, (max-width: 214px) 100vw, 214px\" \/><\/a><strong><a href=\"http:\/\/www.auderset.com\/wp-content\/uploads\/logo-titre-pt.jpg\"><img loading=\"lazy\" decoding=\"async\" class=\"alignleft size-full wp-image-10331\" src=\"http:\/\/www.auderset.com\/wp-content\/uploads\/logo-titre-pt.jpg\" alt=\"logo titre pt\" width=\"170\" height=\"113\" \/><\/a><\/strong><\/p>\n<p><strong>Die DVD (zur Zeit nur auf franz\u00f6sisch erh\u00e4ltlich) :<br \/>\n<\/strong><br \/>\nDieses Video ist die Kr\u00f6nung einer Show, die dutzende von Malen auf franz\u00f6sischsprachigen B\u00fchnen gespielt wurde (Schweiz, Frankreich, Quebec, Belgien). Seit ihrer Erschaffung ist diese One-Man-Show verfeinert und \u00fcberarbeitet worden, bis dieses kleine Juwel entstanden ist, das es Wert war &#8222;in den Kasten&#8220; zu kommen.<\/p>\n<p><span style=\"text-decoration: underline;\"><strong><a href=\"http:\/\/www.auderset.com\/show\/one-man-show\">Mehr Infos \u00fcber die One-Man-Show<\/a><\/strong><\/span><br \/>\n<strong><a href=\"https:\/\/youtu.be\/h6QtQApe-XA\" target=\"_blank\">Trailer 1<\/a><\/strong><iframe loading=\"lazy\" src=\"https:\/\/www.youtube.com\/embed\/h6QtQApe-XA\" width=\"560\" height=\"315\" frameborder=\"0\" allowfullscreen=\"allowfullscreen\"><\/iframe><\/p>\n<p><a href=\"https:\/\/youtu.be\/0UTgcYT72PM\" target=\"_blank\"><strong>Trailer 2<\/strong><\/a><\/p>\n<p><iframe loading=\"lazy\" src=\"https:\/\/www.youtube.com\/embed\/0UTgcYT72PM\" width=\"560\" height=\"315\" frameborder=\"0\" allowfullscreen=\"allowfullscreen\"><br \/>\n<a href=\"http:\/\/www.auderset.com\/show\/one-man-show\"><span style=\"text-decoration: underline;\"><strong>En savoir + sur le spectacle<\/strong><\/span><\/a>Contenu:\u2022 Spectacle &#8222;Ath\u00e9e non-pratiquant&#8220;\u2022 T\u00e9moignage de l\u2019artiste sur ses d\u00e9buts<br \/>\n\u2022 Reportage sur les coulisses<br \/>\n\u2022 Sous-titres pour malentendants<span style=\"font-size: 12px;\"><em><span style=\"color: #808080;\"><strong>Dessins du spectacle<\/strong> :<br \/>\nAlain Auderset.<\/span><\/em><\/span><span style=\"font-size: 12px;\"><em><span style=\"color: #808080;\"><strong>Musiques<\/strong> :<br \/>\nSilas Auderset et Saahsal.<\/span><\/em><\/span><span style=\"font-size: 12px;\"><em><span style=\"color: #808080;\"><strong>R\u00e9gie lumi\u00e8res<\/strong> :<br \/>\nBenjamin Auderset assist\u00e9 de Martin Flohr et Daniel Stehlin.<\/span><\/em><\/span><span style=\"font-size: 12px;\"><em><span style=\"color: #808080;\"><strong>Son<\/strong> :<br \/>\nStephan Neuhaus. <\/span><\/em><\/span><span style=\"font-size: 12px;\"><em><span style=\"color: #808080;\"><strong>Cam\u00e9ras<\/strong> :<br \/>\nMax Wiedmer et Daniel R\u00e9diger.<\/span><\/em><\/span><span style=\"font-size: 12px;\"><em><span style=\"color: #808080;\"><strong>Montage<\/strong> :<br \/>\nEric Oberli.<\/span><\/em><\/span><span style=\"font-size: 12px;\"><em><span style=\"color: #808080;\"><strong>Photos<\/strong> :<br \/>\nenseigne-moi.com et brigou.ch.<\/span><\/em><\/span><em><span style=\"color: #808080;\"><span style=\"font-size: 12px;\"><strong>Sous-titre:<\/strong><\/span><br \/>\n<span style=\"font-size: 12px;\"> Silas Auderset, Carlo Veyret, S\u00e9phora Auderset, Maja Mischler, Cynthia et David Lehmann, Jean-Vincent Racary, Eric Oberli.<\/span><br \/>\n<\/span><\/em>&nbsp;<\/p>\n<p>&nbsp;<\/p>\n<p>&nbsp;<\/p>\n<p>&nbsp;<\/p>\n<p>&nbsp;<\/p>\n<p>&nbsp;<\/p>\n<p>&nbsp;<\/p>\n<p>&nbsp;<\/p>\n<p>&nbsp;<\/p>\n<p>&nbsp;<\/p>\n<p>&nbsp;<\/p>\n<p>&nbsp;<\/p>\n<p>&nbsp;<\/p>\n<p>&nbsp;<\/p>\n<p>&nbsp;<\/p>\n<p><\/iframe><\/p>\n<p><a href=\"http:\/\/www.auderset.com\/shop\/new-products.php#\"><span style=\"text-decoration: underline;\"><strong>DVD bestellen<\/strong><\/span><\/a><\/p>","protected":false},"excerpt":{"rendered":"<p>Die DVD (zur Zeit nur auf franz\u00f6sisch erh\u00e4ltlich) : Dieses Video ist die Kr\u00f6nung einer Show, die dutzende von Malen auf franz\u00f6sischsprachigen B\u00fchnen gespielt wurde (Schweiz, Frankreich, Quebec, Belgien). Seit ihrer Erschaffung ist diese One-Man-Show verfeinert und \u00fcberarbeitet worden, bis &hellip; <a href=\"https:\/\/www.auderset.com\/de\/dvd-athee-non-pratiquant\/\">More&#8230;<\/a> <a href=\"https:\/\/www.auderset.com\/de\/dvd-athee-non-pratiquant\/\">More&#8230;<\/a><\/p>\n","protected":false},"author":1,"featured_media":0,"parent":0,"menu_order":0,"comment_status":"closed","ping_status":"closed","template":"","meta":{"footnotes":""},"class_list":["post-10477","page","type-page","status-publish","hentry"],"_links":{"self":[{"href":"https:\/\/www.auderset.com\/de\/wp-json\/wp\/v2\/pages\/10477","targetHints":{"allow":["GET"]}}],"collection":[{"href":"https:\/\/www.auderset.com\/de\/wp-json\/wp\/v2\/pages"}],"about":[{"href":"https:\/\/www.auderset.com\/de\/wp-json\/wp\/v2\/types\/page"}],"author":[{"embeddable":true,"href":"https:\/\/www.auderset.com\/de\/wp-json\/wp\/v2\/users\/1"}],"replies":[{"embeddable":true,"href":"https:\/\/www.auderset.com\/de\/wp-json\/wp\/v2\/comments?post=10477"}],"version-history":[{"count":2,"href":"https:\/\/www.auderset.com\/de\/wp-json\/wp\/v2\/pages\/10477\/revisions"}],"predecessor-version":[{"id":11400,"href":"https:\/\/www.auderset.com\/de\/wp-json\/wp\/v2\/pages\/10477\/revisions\/11400"}],"wp:attachment":[{"href":"https:\/\/www.auderset.com\/de\/wp-json\/wp\/v2\/media?parent=10477"}],"curies":[{"name":"wp","href":"https:\/\/api.w.org\/{rel}","templated":true}]}}