{"id":2,"date":"2010-10-13T14:15:06","date_gmt":"2010-10-13T14:15:06","guid":{"rendered":"http:\/\/www.auderset.com\/\/?page_id=2"},"modified":"2017-04-11T14:19:30","modified_gmt":"2017-04-11T12:19:30","slug":"about","status":"publish","type":"page","link":"https:\/\/www.auderset.com\/de\/about\/","title":{"rendered":"Der Autor"},"content":{"rendered":"<p><span style=\"font-family: Arial;\"><br \/>\n<\/span><\/p>\n<h3><span style=\"color: #000000;\"><span style=\"color: #000000;\"><span style=\"font-family: Arial;\"><a href=\"http:\/\/www.auderset.com\/\/wp-content\/uploads\/A_Auderset.jpg\"><img loading=\"lazy\" decoding=\"async\" class=\"alignnone size-full wp-image-727\" title=\"A_Auderset\" src=\"http:\/\/www.auderset.com\/\/wp-content\/uploads\/A_Auderset.jpg\" alt=\"\" width=\"400\" height=\"267\" srcset=\"https:\/\/www.auderset.com\/wp-content\/uploads\/A_Auderset.jpg 400w, https:\/\/www.auderset.com\/wp-content\/uploads\/A_Auderset-300x200.jpg 300w, https:\/\/www.auderset.com\/wp-content\/uploads\/A_Auderset-96x64.jpg 96w, https:\/\/www.auderset.com\/wp-content\/uploads\/A_Auderset-38x25.jpg 38w, https:\/\/www.auderset.com\/wp-content\/uploads\/A_Auderset-322x215.jpg 322w, https:\/\/www.auderset.com\/wp-content\/uploads\/A_Auderset-128x85.jpg 128w\" sizes=\"auto, (max-width: 400px) 100vw, 400px\" \/><\/a><\/span><\/span><\/span><\/h3>\n<p>&nbsp;<\/p>\n<p>Als er noch Sch\u00fcler war, nahm Alain an den traditionellen Altpapiersammlungen f\u00fcrs Recycling teil. Das war f\u00fcr den Jungen die Gelegenheit verblichene Comichefte, auf welche er begierig war, f\u00fcr sich selber abzuzweigen. Als er davon einmal eine riesige Menge mit dem Namen &#8222;Tournesol&#8220; aufst\u00f6berte, packte er die Gelegenheit um mit ihnen nach Hause zu verduften und sich an seinen Fund zu erfreuen\u2026<\/p>\n<p>Die Lekt\u00fcre dieser christlichen Comics war f\u00fcr ihn eine Offenbarung, die sein Leben auf den\u00a0 Kopf stellte! Der Ausl\u00f6ser, der ihn seinerseits dazu brachte, jenen zu treffen, der zum Motor seines Lebens wurde, Jesus Christus!<\/p>\n<p>Nach seiner Ausbildung zum Grafiker und Jahren der Schinderei schaffte er es seinen <strong>ersten Comic<\/strong> heraus zu geben, bald gefolgt von weiteren neun Werken. Er hat am Comic-Festival von Angoul\u00eame drei Preise gewonnen.<br \/>\nVon diesen B\u00fcchern wurden \u00fcber 110&#8217;00 St\u00fcck verkauft. Zudem wurden sie in 8 Sprachen \u00fcbersetzt.<\/p>\n<p>Er hat auch ein Buch (kein Comic) <strong><span style=\"color: #000000;\"><span style=\"font-family: Arial;\"><span style=\"font-size: small;\">&#8222;Rendez-vous dans la for\u00eat&#8220;\u00a0 (Trefffen im Wald) <\/span><\/span><\/span><\/strong>herausgebeben, in welchem er seine Erlebnisse mit Gott erz\u00e4hlt.<\/p>\n<p>Ein <strong>Zeichentrickfilm<\/strong>, in Zusammenarbeit mit den amerikanischen Moondog Animations, folgte. Bis jetzt hat ist er schon \u00fcber 64,6 Mio mal auf Facebook angeklickt worden.<\/p>\n<p><span style=\"color: #000000;\"><span style=\"font-family: Arial;\"><span style=\"font-size: small;\">Alain macht auch Tourneen mit seinen humoristischen <\/span><\/span><\/span><strong><span style=\"color: #000000;\"><span style=\"font-family: Arial;\"><span style=\"font-size: small;\">One-man-shows<\/span><\/span><\/span><\/strong><span style=\"color: #000000;\"><span style=\"font-family: Arial;\"><span style=\"font-size: small;\">\u00a0 (zBsp \u00abAth\u00e9e non pratiquant\u00a0\u00bb).<\/span><\/span><\/span><\/p>\n<p>Das Atelier Auderset macht je l\u00e4nger je mehr audio-visuelle Produkte.<\/p>\n<p>&nbsp;<\/p>\n<p>&nbsp;<\/p>\n<p>Verheiratet und Vater von vier Kindern lebt und arbeitet Alain Auderset in Saint-Imier in der Schweiz.<\/p>\n<p><a href=\"http:\/\/www.auderset.com\/\/wp-content\/uploads\/lilou.jpg\" data-slb-active=\"1\" data-slb-asset=\"365371465\" data-slb-internal=\"0\" data-slb-group=\"562\"><img loading=\"lazy\" decoding=\"async\" title=\"lilou\" src=\"http:\/\/www.auderset.com\/\/wp-content\/uploads\/lilou-150x150.jpg\" alt=\"\" width=\"150\" height=\"150\" \/><\/a><\/p>\n<p><em>Lilou, Alains Ehefrau, S\u00e4ngerin und Musikerin (Jazzschule Z\u00fcrich).<\/em><\/p>","protected":false},"excerpt":{"rendered":"<p>&nbsp; Als er noch Sch\u00fcler war, nahm Alain an den traditionellen Altpapiersammlungen f\u00fcrs Recycling teil. Das war f\u00fcr den Jungen die Gelegenheit verblichene Comichefte, auf welche er begierig war, f\u00fcr sich selber abzuzweigen. Als er davon einmal eine riesige Menge &hellip; <a href=\"https:\/\/www.auderset.com\/de\/about\/\">More&#8230;<\/a> <a href=\"https:\/\/www.auderset.com\/de\/about\/\">More&#8230;<\/a><\/p>\n","protected":false},"author":1,"featured_media":729,"parent":0,"menu_order":0,"comment_status":"closed","ping_status":"closed","template":"","meta":{"footnotes":""},"class_list":["post-2","page","type-page","status-publish","has-post-thumbnail","hentry"],"_links":{"self":[{"href":"https:\/\/www.auderset.com\/de\/wp-json\/wp\/v2\/pages\/2","targetHints":{"allow":["GET"]}}],"collection":[{"href":"https:\/\/www.auderset.com\/de\/wp-json\/wp\/v2\/pages"}],"about":[{"href":"https:\/\/www.auderset.com\/de\/wp-json\/wp\/v2\/types\/page"}],"author":[{"embeddable":true,"href":"https:\/\/www.auderset.com\/de\/wp-json\/wp\/v2\/users\/1"}],"replies":[{"embeddable":true,"href":"https:\/\/www.auderset.com\/de\/wp-json\/wp\/v2\/comments?post=2"}],"version-history":[{"count":31,"href":"https:\/\/www.auderset.com\/de\/wp-json\/wp\/v2\/pages\/2\/revisions"}],"predecessor-version":[{"id":12383,"href":"https:\/\/www.auderset.com\/de\/wp-json\/wp\/v2\/pages\/2\/revisions\/12383"}],"wp:featuredmedia":[{"embeddable":true,"href":"https:\/\/www.auderset.com\/de\/wp-json\/wp\/v2\/media\/729"}],"wp:attachment":[{"href":"https:\/\/www.auderset.com\/de\/wp-json\/wp\/v2\/media?parent=2"}],"curies":[{"name":"wp","href":"https:\/\/api.w.org\/{rel}","templated":true}]}}