{"id":22282,"date":"2026-02-04T19:46:04","date_gmt":"2026-02-04T17:46:04","guid":{"rendered":"https:\/\/www.auderset.com\/?page_id=22282"},"modified":"2026-02-04T19:46:04","modified_gmt":"2026-02-04T17:46:04","slug":"de-show","status":"publish","type":"page","link":"https:\/\/www.auderset.com\/de\/de-show\/","title":{"rendered":"SHOW"},"content":{"rendered":"<p><strong><big>One-man-show<\/big><\/strong><\/p>\n<p>Seit mehr als 10 Jahren ist A. Auderset anerkannt f\u00fcr seine humoristischen Zeugnisvortr\u00e4ge voller Emotionen und Aufrichtigkeit; die One-man-show war nichts als ein weiterer Schritt. Im Jahr 2009 wurde ein Produzent vom franz\u00f6sischen Fernsehen auf ihn aufmerksam, was Anlass f\u00fcr seine erste DVD war: \u201eAlains Epistalbernheiten\u201c (nur auf Franz\u00f6sisch). Im Fr\u00fchling 2010 wird er an ein Humorfestival im S\u00fcden Frankreichs eingeladen, wo er das spielen wird, was nachher sein neues B\u00fchnenst\u00fcck \u201e<strong>Nichtpraktizierender Atheist<\/strong>\u201c wird.<\/p>\n<ul>\n<li><a title=\"LSD\" href=\"http:\/\/www.auderset.com\/\/de\/show\/one-man-show\/\">One-man-show<\/a><\/li>\n<li><a title=\"LSD\" href=\"http:\/\/www.auderset.com\/\/de\/show\/temoignage-de-vie\/\">Lebenszeugnis<\/a><\/li>\n<li><a title=\"LSD\" href=\"http:\/\/www.auderset.com\/\/de\/show\/saahsal\/\">Saahsal<\/a><\/li>\n<li><a title=\"LSD\" href=\"http:\/\/www.auderset.com\/\/de\/show\/lsd\/\">LSD<\/a><\/li>\n<\/ul>\n<p><\/p>","protected":false},"excerpt":{"rendered":"<p>One-man-show Seit mehr als 10 Jahren ist A. Auderset anerkannt f\u00fcr seine humoristischen Zeugnisvortr\u00e4ge voller Emotionen und Aufrichtigkeit; die One-man-show war nichts als ein weiterer Schritt. Im Jahr 2009 wurde ein Produzent vom franz\u00f6sischen Fernsehen auf ihn aufmerksam, was Anlass &hellip; <a href=\"https:\/\/www.auderset.com\/de\/de-show\/\">More&#8230;<\/a> <a href=\"https:\/\/www.auderset.com\/de\/de-show\/\">More&#8230;<\/a><\/p>\n","protected":false},"author":1,"featured_media":0,"parent":0,"menu_order":0,"comment_status":"closed","ping_status":"closed","template":"","meta":{"footnotes":""},"class_list":["post-22282","page","type-page","status-publish","hentry"],"_links":{"self":[{"href":"https:\/\/www.auderset.com\/de\/wp-json\/wp\/v2\/pages\/22282","targetHints":{"allow":["GET"]}}],"collection":[{"href":"https:\/\/www.auderset.com\/de\/wp-json\/wp\/v2\/pages"}],"about":[{"href":"https:\/\/www.auderset.com\/de\/wp-json\/wp\/v2\/types\/page"}],"author":[{"embeddable":true,"href":"https:\/\/www.auderset.com\/de\/wp-json\/wp\/v2\/users\/1"}],"replies":[{"embeddable":true,"href":"https:\/\/www.auderset.com\/de\/wp-json\/wp\/v2\/comments?post=22282"}],"version-history":[{"count":1,"href":"https:\/\/www.auderset.com\/de\/wp-json\/wp\/v2\/pages\/22282\/revisions"}],"predecessor-version":[{"id":22283,"href":"https:\/\/www.auderset.com\/de\/wp-json\/wp\/v2\/pages\/22282\/revisions\/22283"}],"wp:attachment":[{"href":"https:\/\/www.auderset.com\/de\/wp-json\/wp\/v2\/media?parent=22282"}],"curies":[{"name":"wp","href":"https:\/\/api.w.org\/{rel}","templated":true}]}}