{"id":272,"date":"2013-11-12T16:16:43","date_gmt":"2013-11-12T14:16:43","guid":{"rendered":"http:\/\/www.auderset.com\/\/?page_id=272"},"modified":"2015-11-25T10:03:01","modified_gmt":"2015-11-25T08:03:01","slug":"one-man-show","status":"publish","type":"page","link":"https:\/\/www.auderset.com\/de\/show\/one-man-show\/","title":{"rendered":"One-man-show"},"content":{"rendered":"<p>Seit mehr als 10 Jahren ist A. Auderset anerkannt f\u00fcr seine humoristischen Zeugnisvortr\u00e4ge voller Emotionen und Aufrichtigkeit; die One-man-show war nichts als ein weiterer Schritt. Im Jahr 2009 wurde ein Produzent vom franz\u00f6sischen Fernsehen auf ihn aufmerksam, was Anlass f\u00fcr seine erste DVD war: \u201eAlains Epistalbernheiten\u201c. Im Fr\u00fchling 2010 wird er an ein Humorfestival im S\u00fcden Frankreichs eingeladen, wo er das spielen wird, was nachher sein neues B\u00fchnenst\u00fcck \u201e<strong>Nichtpraktizierender Atheist<\/strong>\u201c wird.<\/p>\n<p><strong><big>\u201eNichtpraktizierender Atheist\u201c <\/big><\/strong>(Das neue B\u00fchnenst\u00fcck)<\/p>\n<p>Und wenn wir <strong>bis ans Ende unseres unkritischen atheistischen \u201eGlaubens\u201c<\/strong> gehen w\u00fcrden, <strong>was w\u00fcrde dabei heraus kommen?<\/strong> A. Auderset spielt seine Figuren bis ins Extreme, zum gr\u00f6ssten Vergn\u00fcgen des Publikums und auf die Gefahr hin, alle Grenzen des Absurden zu \u00fcberschreiten. Er richtet den Scheinwerfer auf die Ungereimtheiten unseres Lebens, um sie auszuleuchten, um nicht zu sagen jedes <strong>peinliche und vermeintlich noch so pers\u00f6nliche Detail<\/strong> in helles Licht zu tauchen. Eine grosse Tortenschlacht f\u00fcr unsere \u00fcberholten Vorstellungen, Lacher sind garantiert. Umrahmt von seinen an die Leinwand projizierten Zeichnungen vermittelt er den Eindruck, dass er einem Comic entsprungen sei, der kleine Kerl!<\/p>\n<p>Dauer: ca. 1 h 15<\/p>\n<p>\u00a0<\/p>\n<p><img loading=\"lazy\" decoding=\"async\" title=\"Auderset\" src=\"http:\/\/www.auderset.com\/\/wp-content\/uploads\/Auderset.jpg\" alt=\"\" width=\"87\" height=\"160\" \/>\u00a0 <a href=\"http:\/\/www.auderset.com\/\/show\/one-man-show\/attachment\/auderset\/\" rel=\"attachment wp-att-550\"><img loading=\"lazy\" decoding=\"async\" title=\"alain 19\" src=\"http:\/\/www.auderset.com\/\/wp-content\/uploads\/alain-19.jpg\" alt=\"\" width=\"200\" height=\"160\" \/>\u00a0 <\/a><a href=\"http:\/\/www.auderset.com\/\/show\/one-man-show\/attachment\/auderset\/\" rel=\"attachment wp-att-550\"><img loading=\"lazy\" decoding=\"async\" title=\"alain 12\" src=\"http:\/\/www.auderset.com\/\/wp-content\/uploads\/alain-12.jpg\" alt=\"\" width=\"200\" height=\"160\" \/><\/a><\/p>\n<p><strong><big><strong><big>\u201e<\/big><\/strong>Alains Epistalbernheiten<strong><big>\u201c<\/big><\/strong><\/big><\/strong><\/p>\n<p>Erste DVD. Dieses B\u00fchnenst\u00fcck (im Stile einer One-man-show) aufgenommen im Jahr 2008 in einem \u00fcberf\u00fcllten Theater (mit Leuten, die sich krumm lachen) geht vom Postulat aus, dass Gott nicht einer religi\u00f6se Elite vorenthalten ist sondern dass er direkt hier ist, ganz nah bei jedem einzelnen\u2026<\/p>\n<p><img loading=\"lazy\" decoding=\"async\" title=\"DVD\" src=\"http:\/\/www.auderset.com\/\/wp-content\/uploads\/DVD.jpg\" alt=\"\" width=\"200\" height=\"278\" \/><\/p>","protected":false},"excerpt":{"rendered":"<p>Seit mehr als 10 Jahren ist A. Auderset anerkannt f\u00fcr seine humoristischen Zeugnisvortr\u00e4ge voller Emotionen und Aufrichtigkeit; die One-man-show war nichts als ein weiterer Schritt. Im Jahr 2009 wurde ein Produzent vom franz\u00f6sischen Fernsehen auf ihn aufmerksam, was Anlass f\u00fcr &hellip; <a href=\"https:\/\/www.auderset.com\/de\/show\/one-man-show\/\">More&#8230;<\/a> <a href=\"https:\/\/www.auderset.com\/de\/show\/one-man-show\/\">More&#8230;<\/a><\/p>\n","protected":false},"author":1,"featured_media":0,"parent":270,"menu_order":0,"comment_status":"closed","ping_status":"closed","template":"","meta":{"footnotes":""},"class_list":["post-272","page","type-page","status-publish","hentry"],"_links":{"self":[{"href":"https:\/\/www.auderset.com\/de\/wp-json\/wp\/v2\/pages\/272","targetHints":{"allow":["GET"]}}],"collection":[{"href":"https:\/\/www.auderset.com\/de\/wp-json\/wp\/v2\/pages"}],"about":[{"href":"https:\/\/www.auderset.com\/de\/wp-json\/wp\/v2\/types\/page"}],"author":[{"embeddable":true,"href":"https:\/\/www.auderset.com\/de\/wp-json\/wp\/v2\/users\/1"}],"replies":[{"embeddable":true,"href":"https:\/\/www.auderset.com\/de\/wp-json\/wp\/v2\/comments?post=272"}],"version-history":[{"count":92,"href":"https:\/\/www.auderset.com\/de\/wp-json\/wp\/v2\/pages\/272\/revisions"}],"predecessor-version":[{"id":10493,"href":"https:\/\/www.auderset.com\/de\/wp-json\/wp\/v2\/pages\/272\/revisions\/10493"}],"up":[{"embeddable":true,"href":"https:\/\/www.auderset.com\/de\/wp-json\/wp\/v2\/pages\/270"}],"wp:attachment":[{"href":"https:\/\/www.auderset.com\/de\/wp-json\/wp\/v2\/media?parent=272"}],"curies":[{"name":"wp","href":"https:\/\/api.w.org\/{rel}","templated":true}]}}