{"id":275,"date":"2011-06-08T09:22:09","date_gmt":"2011-06-08T07:22:09","guid":{"rendered":"http:\/\/www.auderset.com\/\/?page_id=275"},"modified":"2017-04-07T13:49:39","modified_gmt":"2017-04-07T11:49:39","slug":"temoignage","status":"publish","type":"page","link":"https:\/\/www.auderset.com\/de\/show\/temoignage\/","title":{"rendered":"Lebenszeugnis"},"content":{"rendered":"<p><strong><a href=\"http:\/\/www.auderset.com\/\/wp-content\/uploads\/Alain-Sion.jpg\"><img loading=\"lazy\" decoding=\"async\" style=\"margin: 5px; border: 5px solid black;\" title=\"Alain Sion\" src=\"http:\/\/www.auderset.com\/\/wp-content\/uploads\/Alain-Sion.jpg\" alt=\"\" width=\"240\" height=\"180\" \/><\/a><\/strong><\/p>\n<p><strong><span style=\"font-size: 18px;\">Zeugnisabend<\/span><\/strong><\/p>\n<p>Seit mehr als zehn Jahren geht A. Auderset auf Tour und teilt seine Erfahrungen mit den Leuten. Humor, empfindsame Emotionen und vor allem eine verwirrende Ehrlichkeit. Auch wenn Alain gerne sagt, dass er daraus kein B\u00fchnenst\u00fcck machen will, berichtet er mit dem Talent eines fesselnden Erz\u00e4hlers und in aller Bescheidenheit von seinen Lebenserfahrungen. Das Ganze begleitet von Zeichnungen auf Grossleinwand, vergangene und aktuelle Anekdoten, Poesie aus einer entlegenen Region im Berner Jura und mit einer geh\u00f6rigen Dosis Improvisation.<\/p>\n<p><span style=\"color: #666699;\"><span style=\"font-size: 12px;\">Dauer: 10 Minuten bis 1 Stunde (oder mehr) je nach Bedarf. M\u00f6gliche Sprachen: Franz\u00f6sisch, Spanisch, Schweizerdeutsch, Deutsch, Englisch, Italienisch<\/span><\/span><\/p>\n<p>W\u00e4hrend einer Begegnung im Elsass wurde sein Zeugnis auf H\u00f6r-CD aufgenommen (mit seinem eigenen Gitarrenintro) Zum Bestellen klicken Sie hier<\/p>\n<p>Anstatt die Geschichte seiner Anf\u00e4nge zu erz\u00e4hlen (wie das Zeugnis weiter unten), gibt Alain immer mehr den <strong>allt\u00e4glichen Anekdoten seines K\u00fcnstlerlebens<\/strong> den Vorzug. Er tut nicht dergleichen, seine Kunst ist nicht nur ein Mittel, um seinen Lebensunterhalt zu verdienen, sondern sie ist das Resultat einer aufrichtigen und nicht religi\u00f6sen Freundschaft mit Gott. Sein Freimut wird sie richtig zum Lachen bringen und ihr Herz ber\u00fchren.<\/p>\n<p><a href=\"http:\/\/www.auderset.com\/\/de\/blog\/temoignage-da-auderset\"><strong>Alain Audersets Zeugnis, geschrieben in deutsch<\/strong><\/a><\/p>\n<p>[youtube]4vvXCXewKVY[\/youtube]<\/p>\n<p>[youtube]paxsUs099TU[\/youtube]<\/p>\n<p>[youtube]1y3s0FQCi4s[\/youtube]<\/p>\n<p>[youtube]dLs9NckMang[\/youtube]<\/p>\n<p>[youtube]WnSe6twFqQw[\/youtube]<\/p>\n<p>[youtube]qrRG-1drnUY[\/youtube]<\/p>","protected":false},"excerpt":{"rendered":"<p>Zeugnisabend Seit mehr als zehn Jahren geht A. Auderset auf Tour und teilt seine Erfahrungen mit den Leuten. Humor, empfindsame Emotionen und vor allem eine verwirrende Ehrlichkeit. Auch wenn Alain gerne sagt, dass er daraus kein B\u00fchnenst\u00fcck machen will, berichtet &hellip; <a href=\"https:\/\/www.auderset.com\/de\/show\/temoignage\/\">More&#8230;<\/a> <a href=\"https:\/\/www.auderset.com\/de\/show\/temoignage\/\">More&#8230;<\/a><\/p>\n","protected":false},"author":1,"featured_media":0,"parent":270,"menu_order":0,"comment_status":"closed","ping_status":"closed","template":"","meta":{"footnotes":""},"class_list":["post-275","page","type-page","status-publish","hentry"],"_links":{"self":[{"href":"https:\/\/www.auderset.com\/de\/wp-json\/wp\/v2\/pages\/275","targetHints":{"allow":["GET"]}}],"collection":[{"href":"https:\/\/www.auderset.com\/de\/wp-json\/wp\/v2\/pages"}],"about":[{"href":"https:\/\/www.auderset.com\/de\/wp-json\/wp\/v2\/types\/page"}],"author":[{"embeddable":true,"href":"https:\/\/www.auderset.com\/de\/wp-json\/wp\/v2\/users\/1"}],"replies":[{"embeddable":true,"href":"https:\/\/www.auderset.com\/de\/wp-json\/wp\/v2\/comments?post=275"}],"version-history":[{"count":27,"href":"https:\/\/www.auderset.com\/de\/wp-json\/wp\/v2\/pages\/275\/revisions"}],"predecessor-version":[{"id":12380,"href":"https:\/\/www.auderset.com\/de\/wp-json\/wp\/v2\/pages\/275\/revisions\/12380"}],"up":[{"embeddable":true,"href":"https:\/\/www.auderset.com\/de\/wp-json\/wp\/v2\/pages\/270"}],"wp:attachment":[{"href":"https:\/\/www.auderset.com\/de\/wp-json\/wp\/v2\/media?parent=275"}],"curies":[{"name":"wp","href":"https:\/\/api.w.org\/{rel}","templated":true}]}}