{"id":277,"date":"2011-06-08T09:22:31","date_gmt":"2011-06-08T07:22:31","guid":{"rendered":"http:\/\/www.auderset.com\/\/?page_id=277"},"modified":"2016-07-18T14:04:39","modified_gmt":"2016-07-18T12:04:39","slug":"saahsal","status":"publish","type":"page","link":"https:\/\/www.auderset.com\/de\/show\/saahsal\/","title":{"rendered":"Saahsal"},"content":{"rendered":"<p><\/p>\n<address><strong>Neuheit:<\/strong><\/address>\n<address><a href=\"http:\/\/www.auderset.com\/wp-content\/uploads\/cd-saahsal.jpg\"><img loading=\"lazy\" decoding=\"async\" class=\"alignleft wp-image-10310\" src=\"http:\/\/www.auderset.com\/wp-content\/uploads\/cd-saahsal.jpg\" alt=\"cd saahsal\" width=\"278\" height=\"147\" srcset=\"https:\/\/www.auderset.com\/wp-content\/uploads\/cd-saahsal.jpg 500w, https:\/\/www.auderset.com\/wp-content\/uploads\/cd-saahsal-300x158.jpg 300w\" sizes=\"auto, (max-width: 278px) 100vw, 278px\" \/><\/a><\/address>\n<address>\u00a0<\/address>\n<p><em><strong>Der Stil<br \/>\n<\/strong>Eine zugleich warme und kr\u00e4ftige Stimme, die aus alternativem und festlichem Rock herausklingt, unterst\u00fctzt von Akkordeon und einem Bisschen Metall.. so k\u00f6nnte man den ziemlich eigenen Stil der Gruppe definieren, deren erstes Opus &#8222;Saahsal&#8220; heisst <\/em><em>(wie die Gruppe) &#8230;<br \/>\n<\/em><\/p>\n<address>Vor allem in Franz\u00f6sisch gesungen, ist die Botschaft vielf\u00e4ltig und regt zum Nachdenken an.<\/address>\n<address>\u00a0<\/address>\n<address><strong>Die Grundlage<\/strong><br \/>\nWenn sie auch nicht systematisch in jedem Lied davon sprechen, so sind alle Mitglieder der Gruppe im Glauben verankert und teilen die gleichen starken Werte.<br \/>\nSaahsal sieht ihre Berufung darin, die Jugend anzusprechen, Festivals und Rockkonzerte abzusch\u00f6pfen und Werte hineinzubringen, neue Inspiration in festlicher Stimmung.<\/address>\n<address><a href=\"http:\/\/www.auderset.com\/wp-content\/uploads\/Case-a-chocs-2016-1pt.jpg\" rel=\"attachment wp-att-10837\"><img loading=\"lazy\" decoding=\"async\" class=\"alignleft size-thumbnail wp-image-10837\" src=\"http:\/\/www.auderset.com\/wp-content\/uploads\/Case-a-chocs-2016-1pt-150x150.jpg\" alt=\"Case-a-chocs 2016-1pt\" width=\"150\" height=\"150\" \/><\/a> <a href=\"http:\/\/www.auderset.com\/wp-content\/uploads\/Case-a-chocs-2016-5pt.jpg\" rel=\"attachment wp-att-10838\"><img loading=\"lazy\" decoding=\"async\" class=\"alignleft size-thumbnail wp-image-10838\" src=\"http:\/\/www.auderset.com\/wp-content\/uploads\/Case-a-chocs-2016-5pt-150x150.jpg\" alt=\"Case-a-chocs 2016-5pt\" width=\"150\" height=\"150\" \/><\/a>\u00a0 <a href=\"http:\/\/www.auderset.com\/wp-content\/uploads\/Case-a-chocs-2016-10pt.jpg\" rel=\"attachment wp-att-10840\"><img loading=\"lazy\" decoding=\"async\" class=\"alignleft size-thumbnail wp-image-10840\" src=\"http:\/\/www.auderset.com\/wp-content\/uploads\/Case-a-chocs-2016-10pt-150x150.jpg\" alt=\"Case-a-chocs 2016-10pt\" width=\"150\" height=\"150\" \/><\/a><\/address>\n<address>\u00a0<\/address>\n<address><strong>Ausz\u00fcge anh\u00f6ren auf <span style=\"color: #00ccff;\"><a style=\"color: #00ccff;\" href=\"http:\/\/www.saahsal.com\/song\">saahsal.com<\/a><\/span><\/strong><\/address>\n<address><strong>\u00a0<\/strong><\/address>\n<address>\n<address><strong>Die Mitglieder der Gruppe :<\/strong><br \/>\nSaahsal das sind:<\/address>\n<address><strong>Eliane Auderset<\/strong> (lead vocals)<\/address>\n<address><strong>Alain Auderset<\/strong> (lead elektrische Gitarre)<\/address>\n<address><strong>Silas Auderset<\/strong> (Schlagzeug)<\/address>\n<address><strong>David Lehmann<\/strong> (Akkordeon, Gitarre und Gesang)<\/address>\n<address><strong>Xavier Sprunger<\/strong> (Bass)<\/address>\n<address><strong>Loriane T\u00e9<\/strong> (Gesang)<\/address>\n<address><strong>Jean-Vincent Racary<\/strong> (Graphiker)<\/address>\n<\/address>\n<address>\u00a0<\/address>\n<address><a href=\"http:\/\/www.auderset.com\/shop\/product.php?id_product=80#\"><span style=\"text-decoration: underline;\"><strong>Die CD bestellen<\/strong><\/span><\/a><\/address>\n<p>&nbsp;<\/p>\n<p>&nbsp;<\/p>\n<p>Offizielle Webseite der Band: <a href=\"www.saahsal.com\" target=\"_blank\">www.saahsal.com<\/a><\/p>\n<p><span lang=\"de-DE\"><b>K\u00fcrzlich veranstaltete Konzerte<\/b><\/span>:<\/p>\n<p>Freitag, 28.08.2015, <span lang=\"de-DE\">auf der \u00ab\u00a0F\u00eate de Courtelary\u00a0\u00bb <\/span><\/p>\n<p><iframe loading=\"lazy\" src=\"https:\/\/www.youtube.com\/embed\/z_AQXyd7ois\" width=\"560\" height=\"315\" frameborder=\"0\" allowfullscreen=\"allowfullscreen\"><\/iframe><\/p>\n<table width=\"846\">\n<tbody>\n<tr>\n<td width=\"170\"><span style=\"color: #000000;\"><span style=\"color: #000000;\"><strong>Souvenir <\/strong><\/span><\/span><\/p>\n<p>(Erinnerung)<\/p>\n<p><span style=\"color: #000000;\"><strong><br \/>\n<\/strong><\/span><\/td>\n<td style=\"padding-left: 10px;\">[audio:http:\/\/www.auderset.com\/\/wp-content\/uploads\/07-Souvenir.mp3|titles=Souvenir]<\/td>\n<td width=\"150\"><\/td>\n<\/tr>\n<\/tbody>\n<\/table>\n<p><span style=\"color: #888888;\"><a href=\"http:\/\/get.adobe.com\/fr\/flashplayer\/\" target=\"_blank\"><span style=\"color: #888888;\">Hier<\/span><\/a><\/span>. Ihr m\u00fcsst auch JavaScript auf eurem Browser aktiviert haben.<\/p>\n<p>[youtube]http:\/\/www.youtube.com\/watch?v=_249wYgfsho[\/youtube]<\/p>\n[audio:http:\/\/www.auderset.com\/\/wp-content\/uploads\/hedehi_DLA_BOMBE1.mp3]\n<p><a name=\"_GoBack\"><\/a>Wenn Ihr wollt, dass die Band in eurer Gegend spielt,<\/p>\n<p>kontaktiert: <a href=\"mailto:lilou_elia@yahoo.fr\" target=\"_blank\">lilou_elia@yahoo.fr<\/a><\/p>\n<p>SAAHSAL ist die Rockgruppe, in der Alain die Klampfe schl\u00e4gt<\/p>\n<p>und manchmal, je nach Bedarf, schm\u00fcckt er die Pausen zwischen den St\u00fccken mit Anekdoten aus seinem Leben aus <span style=\"color: #666699;\">(poetisch-humoristisch)<\/span><\/p>\n<p>Stil: Pop-Rock, franz\u00f6sische\/englische Lieder.<\/p>\n<p><em><span style=\"color: #666699;\">Gesang:<\/span> Lilou Auderset (seine Liebste)<\/em><\/p>\n<p><em><span style=\"color: #666699;\"> Lead-Gitarre:<\/span> Alain Auderset<\/em><\/p>\n<p><em><span style=\"color: #666699;\"> Akkordeon:<\/span> David Lehmann<\/em><\/p>\n<p><em><span style=\"color: #666699;\"> Bass:<\/span> Xavier Sprunger<br \/>\n<\/em><\/p>\n<p><em><span style=\"color: #666699;\"> Schlagzeug:<\/span> Silas Auderset<\/em><\/p>\n<p><em><span style=\"color: #666699;\"> Mischpult:<\/span> Laurent Bachmann<\/em><\/p>\n<p>Kontakt, um uns einzuladen:<\/p>\n<p><a href=\"mailto:yroulet@hotmail.com\" target=\"_blank\">yroulet@hotmail.com<\/a><\/p>\n<p><a href=\"mailto:lehmanndavid@hotmail.com\" target=\"_blank\">lehmanndavid@hotmail.com<\/a><\/p>\n<p>Mehr Informationen siehe <strong><a href=\"http:\/\/www.myspace.com\/saahsal\"><span class=\"Apple-style-span\" style=\"font-style: normal; color: #000000;\">offizielle Internetseite<\/span><\/a><\/strong> (Konzert und andere H\u00f6rproben)<\/p>","protected":false},"excerpt":{"rendered":"<p>Neuheit: \u00a0 Der Stil Eine zugleich warme und kr\u00e4ftige Stimme, die aus alternativem und festlichem Rock herausklingt, unterst\u00fctzt von Akkordeon und einem Bisschen Metall.. so k\u00f6nnte man den ziemlich eigenen Stil der Gruppe definieren, deren erstes Opus &#8222;Saahsal&#8220; heisst (wie &hellip; <a href=\"https:\/\/www.auderset.com\/de\/show\/saahsal\/\">More&#8230;<\/a> <a href=\"https:\/\/www.auderset.com\/de\/show\/saahsal\/\">More&#8230;<\/a><\/p>\n","protected":false},"author":1,"featured_media":0,"parent":270,"menu_order":0,"comment_status":"closed","ping_status":"closed","template":"","meta":{"footnotes":""},"class_list":["post-277","page","type-page","status-publish","hentry"],"_links":{"self":[{"href":"https:\/\/www.auderset.com\/de\/wp-json\/wp\/v2\/pages\/277","targetHints":{"allow":["GET"]}}],"collection":[{"href":"https:\/\/www.auderset.com\/de\/wp-json\/wp\/v2\/pages"}],"about":[{"href":"https:\/\/www.auderset.com\/de\/wp-json\/wp\/v2\/types\/page"}],"author":[{"embeddable":true,"href":"https:\/\/www.auderset.com\/de\/wp-json\/wp\/v2\/users\/1"}],"replies":[{"embeddable":true,"href":"https:\/\/www.auderset.com\/de\/wp-json\/wp\/v2\/comments?post=277"}],"version-history":[{"count":149,"href":"https:\/\/www.auderset.com\/de\/wp-json\/wp\/v2\/pages\/277\/revisions"}],"predecessor-version":[{"id":11374,"href":"https:\/\/www.auderset.com\/de\/wp-json\/wp\/v2\/pages\/277\/revisions\/11374"}],"up":[{"embeddable":true,"href":"https:\/\/www.auderset.com\/de\/wp-json\/wp\/v2\/pages\/270"}],"wp:attachment":[{"href":"https:\/\/www.auderset.com\/de\/wp-json\/wp\/v2\/media?parent=277"}],"curies":[{"name":"wp","href":"https:\/\/api.w.org\/{rel}","templated":true}]}}