{"id":279,"date":"2013-06-09T20:15:50","date_gmt":"2013-06-09T18:15:50","guid":{"rendered":"http:\/\/www.auderset.com\/\/?page_id=279"},"modified":"2019-01-07T12:38:04","modified_gmt":"2019-01-07T10:38:04","slug":"lsd","status":"publish","type":"page","link":"https:\/\/www.auderset.com\/de\/show\/lsd\/","title":{"rendered":"LSD"},"content":{"rendered":"<p><\/p>\n<style type=\"text\/css\"><!--\nP { margin-bottom: 0.21cm; direction: ltr; widows: 2; orphans: 2; }A:link { color: rgb(0, 0, 255); }\n--><\/style>\n<address>LSD steht f\u00fcr \u201elou\u00e9 soit Dieu\u201c (=Gepriesen sei Gott)! Das gibt doch gleich den Ton an!<\/address>\n<address>Kann man treffend von Gott sprechen und gleichzeitig zum sich totlachen herumalbern? Alain Auderset und sein Komplize Christof Schnegg stellen sich dieser Herausforderung!<\/address>\n<address lang=\"de-DE\">\u00a0<\/address>\n<address>Wir stellen regelm\u00e4\u00dfig neue Sketche ins Netz. Bedingung: Diese Sketche k\u00f6nnten im Internet frei genutzt werden, d\u00fcrfen aber keinesfalls ver\u00e4ndert werden (Bitte die Herkunft <a href=\"http:\/\/www.auderset.com\/\">www.auderset.com<\/a> vermerken)<\/address>\n<hr size=\"1px\" \/>\n<p lang=\"fr-FR\"><span style=\"color: #000000;\"><strong><span style=\"font-size: medium;\"><span class=\"Apple-style-span\" style=\"font-size: 14px;\"><span style=\"font-family: Arial;\">Der Sketch des Monats :<\/span><\/span><\/span><\/strong><\/span><\/p>\n<table>\n<tbody>\n<tr>\n<td width=\"170\"><span style=\"color: #000000;\"><strong>Der N\u00fctgl\u00e4uibig\u00e4<\/strong><\/span><\/td>\n<td style=\"padding-left: 10px;\">[audio:http:\/\/www.auderset.com\/\/wp-content\/uploads\/Der-Nutglauibiga-192kbs.mp3|titles=Der N\u00fctgl\u00e4uibig\u00e4 192kbs]<\/td>\n<td width=\"150\"><strong><span style=\"text-decoration: underline;\"><a href=\"http:\/\/www.auderset.com\/\/wp-content\/uploads\/Der-Nutglauibiga-192kbs.mp3\"><span style=\"color: #000000; text-decoration: underline;\">T\u00e9l\u00e9charger le MP3<\/span><\/a> <\/span><\/strong><\/td>\n<\/tr>\n<\/tbody>\n<\/table>\n<p><span style=\"font-size: medium;\"><span class=\"Apple-style-span\" style=\"font-size: 14px;\"><span style=\"font-family: Arial;\">Und hier noch einen kleinen <strong>Bonus<\/strong>, Der Making of von diesem Sketch !!!!! Sie werden sehen (h\u00f6ren) dass es gar nicht so einfach ist&#8230;<\/span><\/span><\/span><\/p>\n<table>\n<tbody>\n<tr>\n<td width=\"170\"><span style=\"color: #000000;\"><strong>Making Of Der N\u00fctgl\u00e4uibig\u00e4<\/strong><\/span><\/td>\n<td style=\"padding-left: 10px;\">[audio:http:\/\/www.auderset.com\/\/wp-content\/uploads\/Making-Of-Der-Nutglauibiga.mp3|titles=Making Of Der N\u00fctgl\u00e4uibig\u00e4 192kbs]<\/td>\n<td width=\"150\"><strong><span style=\"text-decoration: underline;\"><a href=\"http:\/\/www.auderset.com\/\/wp-content\/uploads\/Making-Of-Der-Nutglauibiga.mp3\"><span style=\"color: #000000; text-decoration: underline;\">T\u00e9l\u00e9charger le MP3<\/span><\/a> <\/span><\/strong><\/td>\n<\/tr>\n<\/tbody>\n<\/table>\n<hr size=\"1px\" \/>\n<p><strong>Ein paar Fotos\u2026<\/strong><\/p>\n<table>\n<tbody>\n<tr>\n<td><img loading=\"lazy\" decoding=\"async\" style=\"margin: 5px; border: 5px solid black;\" title=\"LSD-AlainAuderset\" alt=\"\" src=\"http:\/\/www.auderset.com\/\/wp-content\/uploads\/2011\/06\/LSD-Alain.jpg\" width=\"181\" height=\"150\" \/><\/td>\n<td><img loading=\"lazy\" decoding=\"async\" style=\"margin: 5px; border: 5px solid black;\" title=\"Schnegg_et_Auderset\" alt=\"\" src=\"http:\/\/www.auderset.com\/\/wp-content\/uploads\/2011\/06\/ChristofetAuderset.jpg\" width=\"252\" height=\"150\" \/><\/td>\n<\/tr>\n<tr>\n<td><img loading=\"lazy\" decoding=\"async\" style=\"margin: 5px; border: 5px solid black;\" title=\"LSD-Christof\" alt=\"\" src=\"http:\/\/www.auderset.com\/\/wp-content\/uploads\/2011\/06\/LSD-Christof.jpg\" width=\"220\" height=\"150\" \/><\/td>\n<td>\u00a0<img loading=\"lazy\" decoding=\"async\" style=\"margin: 5px; border: 5px solid black;\" title=\"Seph_Silas_LSD\" alt=\"\" src=\"http:\/\/www.auderset.com\/\/wp-content\/uploads\/2011\/06\/Seph_Silas_LSD.jpg\" width=\"199\" height=\"150\" \/><\/td>\n<\/tr>\n<\/tbody>\n<\/table>\n<p>Die Auderset Teenager (S\u00e9phora und Silas) kommen und helfen mit.<\/p>\n<hr size=\"1px\" \/>\n<style type=\"text\/css\"><!--\nP { margin-bottom: 0.21cm; direction: ltr; widows: 2; orphans: 2; }A:link { color: rgb(0, 0, 255); }\n--><\/style>\n<p>Inderview in der Sendung Solarium24<\/p>\n<p>(Info: Solarium24 wurde eingestellt, aber LSD geht weiter: verf\u00fcgbar auf dieser Seite)<\/p>\n<p><b>Wir werden uns auf Solarium24 totlachen! Zum Schulanfang weiht Solarium24 eine neue Rubrik ein. Sie hei\u00dft: LSD! Einmal pro Monat entf\u00fchrt euch Alain Auderset und sein langj\u00e4hriger Kumpel Christof Schnegg in das gnadenlose Universum des\u2026 Humors! Ab dem 3. September exklusiv auf S24. <\/b><\/p>\n<p>Sie haben reichlich Humor und lieben es, ihn mit anderen zu teilen! Alain und Christof haben sich daher in das LSD-Projekt gest\u00fcrzt (LSD steht f\u00fcr \u201eLou\u00e9 soit Dieu\u201c = Gepriesen sei Gott). Eine Sketchreihe deren Konzept dem der Comics von Alain Auderset \u201eId\u00e9es re\u00e7u = Ach du lieber Himmel\u201c \u00e4hnelt. Exklusivinterview!<\/p>\n<p><b>Was hat Euch zum LSD-Projekt motiviert?<\/b><\/p>\n<p><b>Alain<\/b>: In meinem allt\u00e4glichen Leben scherze ich st\u00e4ndig. Und, wenn das eine Gabe Gottes w\u00e4re? Au\u00dferdem, mit Humor kann man von toternsten Dingen reden, ohne dass es danach aussieht, was das Ganze noch verst\u00e4rkt! Wir nehmen unsere Sketchentw\u00fcrfe in Christofs K\u00fcche auf und lachen uns dabei total schief! Manchmal tut mir davon richtig der Bauch weh und das tut richtig gut! Zu Beginn sind unsere Sketche experimental: Wir wissen \u00fcberhaupt nicht, ob es die Leute zum Lachen bringen wird oder nicht. Seit einem Jahr arbeiten wir nun daran. Wir haben uns auf jeden Fall k\u00f6stlich am\u00fcsiert \u2026<\/p>\n<p><b>Christof<\/b>: Vor mehr als 15 Jahren hatte ich die Idee solche Sketche f\u00fcr einen Radiosender zu machen, die Leute zum Lachen zu bringen und sie gleichzeitig zum Nachdenken \u00fcber grundlegende Fragen des Lebens anzuregen, ihnen einen angenehmen Moment zu schenken und ihnen gleichzeitig Hoffnung zu geben. Aber ich habe mir gesagt: \u201eH\u00f6r auf zu tr\u00e4umen! Welcher Sender w\u00fcrde solche Sketche in sein Programm aufnehmen?!\u201c<\/p>\n<p><b>Wenn man Eure Sketche anh\u00f6rt k\u00f6nnte man manchmal glauben, dass Ihr Euch \u00fcber bestimmte Christen lustig macht \u2026<\/b><\/p>\n<p><b>Alain<\/b>: Ich kann mich nur schuldig bekennen und wir am\u00fcsieren uns unverhohlen dabei. Dabei sind wir aber keineswegs den Leuten gegen\u00fcber b\u00f6sartig. Ich mag keinen schwarzen Humor, der sich direkt an jemanden richtet, ich habe das leidlich an der Kunstschule erfahren\u2026 Wir leben vielmehr von typischen Verhaltensweisen unseres Gemeindemilieus, die die Zuh\u00f6rer sicherlich schon an verschiedenen Stellen beobachtet haben (was sie noch mehr zum Lachen bringt).<\/p>\n<p><b>Kann man \u00fcber alles lachen? Selbst \u00fcber den Glauben?<\/b><\/p>\n<p><b>Alain<\/b>: Vielleicht. Aber wir machen uns nie \u00fcber Gott lustig, wohl aber \u00fcber die Macken gut gesinnter Christen.<\/p>\n<p><b>Eure Inspirationsquelle?<\/b><\/p>\n<p><b>Alain<\/b>: Ich h\u00f6re alle Humoristen an, die mir unter die Finger kommen\u2026 Besonders Fran\u00e7ois P\u00e9russe (\u00ab\u00a0Les 2 minutes du peuple\u00a0\u00bb = die 2 Minuten des Volks)<\/p>\n<p><b>Christof<\/b>\u00a0: Dito f\u00fcr mich.<\/p>\n<p><a name=\"_GoBack\"><\/a><b>Bef\u00fcrchtet Ihr zu schockieren?<\/b><\/p>\n<p><b>Alain<\/b>: Nun, wir f\u00fcrchten uns \u00fcberhaupt nicht, das ist vielleicht das Problem\u2026<\/p>\n<p><b>Christof<\/b>: Nein, wovor ich mich wirklich f\u00fcrchte sind Spinnen!<\/p>\n<p><b>Wie seht Ihr die Gemeinden?<\/b><\/p>\n<p>Ich besuche eine kleine typische Freikirche und ich mag es. Es ist ein bisschen wie eine zweite Familie f\u00fcr mich, nat\u00fcrlich ist es nicht ganz perfekt (aber keine Familie ist es wirklich, nicht wahr?)<\/p>\n<p><b>Christof<\/b>: Bei mir ist es genauso. Ich sehe und begreife die Gemeinde als eine zweite Familie, in der man sich gegenseitig st\u00fctzt und unterst\u00fctzt, offen und gastfreundlich ist. Ich finde es wichtig, dass die Gemeinde ein Ort ist, an dem man sich wie zu Hause f\u00fchlt.<\/p>\n<p><b>Wie lebt Ihr euren Glauben? auch mit Humor?<\/b><\/p>\n<p><b>Alain<\/b>: Sicherlich! Und ich hoffe vor allem mit Liebe. Wenn man die Gleichnisse Jesus liest, stellt man fest, dass es davon eine ordentliche Ladung hat (Bsp. der Balken im Auge\u2026)<\/p>\n<p><b>Christof<\/b>: Im Allgemeinen tue ich mich schwer ernst zu bleiben. Aber ich denke, dass das von meinem Sch\u00f6pfer kommt, der einen sehr guten Sinn f\u00fcr Humor hat.<\/p>\n<p>Niederschrift durch das Team S24<\/p>\n<div>\n<hr size=\"1px\" \/>\n<\/div>\n<p><\/p>","protected":false},"excerpt":{"rendered":"<p>LSD steht f\u00fcr \u201elou\u00e9 soit Dieu\u201c (=Gepriesen sei Gott)! Das gibt doch gleich den Ton an! Kann man treffend von Gott sprechen und gleichzeitig zum sich totlachen herumalbern? Alain Auderset und sein Komplize Christof Schnegg stellen sich dieser Herausforderung! \u00a0 &hellip; <a href=\"https:\/\/www.auderset.com\/de\/show\/lsd\/\">More&#8230;<\/a> <a href=\"https:\/\/www.auderset.com\/de\/show\/lsd\/\">More&#8230;<\/a><\/p>\n","protected":false},"author":1,"featured_media":0,"parent":270,"menu_order":0,"comment_status":"open","ping_status":"closed","template":"","meta":{"footnotes":""},"class_list":["post-279","page","type-page","status-publish","hentry"],"_links":{"self":[{"href":"https:\/\/www.auderset.com\/de\/wp-json\/wp\/v2\/pages\/279","targetHints":{"allow":["GET"]}}],"collection":[{"href":"https:\/\/www.auderset.com\/de\/wp-json\/wp\/v2\/pages"}],"about":[{"href":"https:\/\/www.auderset.com\/de\/wp-json\/wp\/v2\/types\/page"}],"author":[{"embeddable":true,"href":"https:\/\/www.auderset.com\/de\/wp-json\/wp\/v2\/users\/1"}],"replies":[{"embeddable":true,"href":"https:\/\/www.auderset.com\/de\/wp-json\/wp\/v2\/comments?post=279"}],"version-history":[{"count":85,"href":"https:\/\/www.auderset.com\/de\/wp-json\/wp\/v2\/pages\/279\/revisions"}],"predecessor-version":[{"id":14959,"href":"https:\/\/www.auderset.com\/de\/wp-json\/wp\/v2\/pages\/279\/revisions\/14959"}],"up":[{"embeddable":true,"href":"https:\/\/www.auderset.com\/de\/wp-json\/wp\/v2\/pages\/270"}],"wp:attachment":[{"href":"https:\/\/www.auderset.com\/de\/wp-json\/wp\/v2\/media?parent=279"}],"curies":[{"name":"wp","href":"https:\/\/api.w.org\/{rel}","templated":true}]}}