{"id":5374,"date":"2013-12-02T16:00:58","date_gmt":"2013-12-02T14:00:58","guid":{"rendered":"http:\/\/www.auderset.com\/\/?page_id=5374"},"modified":"2023-11-16T19:32:46","modified_gmt":"2023-11-16T17:32:46","slug":"rendez-vous-dans-la-foret","status":"publish","type":"page","link":"https:\/\/www.auderset.com\/de\/comics\/rendez-vous-dans-la-foret\/","title":{"rendered":"Treffen im Wald"},"content":{"rendered":"<p>DAS BUCH \u00ab TREFFEN IM WALD \u00bb IST ENDLICH \u00dcBERSETZT!<img loading=\"lazy\" decoding=\"async\" class=\"alignnone wp-image-14647\" src=\"http:\/\/www.auderset.com\/wp-content\/uploads\/RDV1-DE-w-206x300.jpg\" alt=\"\" width=\"300\" height=\"436\" srcset=\"https:\/\/www.auderset.com\/wp-content\/uploads\/RDV1-DE-w-206x300.jpg 206w, https:\/\/www.auderset.com\/wp-content\/uploads\/RDV1-DE-w.jpg 529w\" sizes=\"auto, (max-width: 300px) 100vw, 300px\" \/><\/p>\n<p>&nbsp;<\/p>\n<p>Dieses Werk enth\u00e4lt meine besten Newletters, die ich bisher geschrieben habe, gespickt mit Fotos und Illustrationen, von denen die meisten noch nie ver\u00f6ffentlicht wurden. Und all dies zusammen wird wie ein Reisejournal pr\u00e4sentiert.<\/p>\n<p>Hier sind zwei Geschichten zu sehen :<\/p>\n<p><span style=\"text-decoration: underline;\"><a href=\"https:\/\/www.auderset.com\/de\/blog\/article-2\"><b>Unter der Erde mit Papa<\/b><\/a><\/span><\/p>\n<p><span style=\"text-decoration: underline;\"><a href=\"https:\/\/www.auderset.com\/de\/blog\/le-sentier-entre-les-reves-2\"><b>Der Pfad zwischen den Tr\u00e4umen<\/b><\/a><\/span><b><br \/>\n<\/b><br \/>\n<b>Energie pur<\/b><br \/>\nOb ich von der Front oder aus den Tiefen der W\u00e4lder zur\u00fcckkomme, egal, es ist nie mit leeren H\u00e4nden\u00a0!<br \/>\nImmer habe ich das Herz und den Kopf voll von epischen Anekdoten, die ich mit Gott als Komplizen erlebt habe&#8230;<br \/>\nDies ist positive Energie pur, Ermutigung wie in Energieriegeln, die einem hilft zu leben und die so enorm ist, dass ich sie unm\u00f6glich f\u00fcr mich behalten kann !!<\/p>\n<p><b>Durch euch, f\u00fcr euch<\/b><br \/>\nIch habe das Gef\u00fchl, euch allen etwas zu schulden, euch, die ihr mit mir seid in euren Gebeten (teils schon seit meinen Anf\u00e4ngen)&#8230; \u00a0Ohne diese Unterst\u00fctzung h\u00e4tte ich nie die Kraft gehabt, so viele feindliche Gebiete, welche noch nicht f\u00fcr das Evangelium ber\u00fchrt worden sind, zu durchqueren. \u00a0\u00a0Heute sagen mir viele Leute, dass sie meinen n\u00e4chsten Newsletter (wie die n\u00e4chste Folge einer TV-Serie\u00a0!) ungeduldig erwarten, da er in ihrem eigenen Leben wie eine starke Triebfeder wirkt (das ist \u00fcbrigens nicht immer einfach!).<br \/>\nDas ber\u00fchmte\u00a0: \u00ab\u00a0daraus solltest du ein Buch machen\u00a0\u00bb kommt immer wieder&#8230;<br \/>\nNaja, hier ist es\u00a0!<\/p>\n<p><b>Auf dem Men\u00fc :<\/b><br \/>\nEine doppelte Dosis Z\u00e4rtlichkeit und Poesie, serviert in einem Coktail aus kleinen gut gesch\u00fcttelten Anekdoten.<br \/>\nUeber den Glauben im Leben, \u00fcber Gott und \u00fcber gen\u00fcgend Hoffnung, um einen Toten (vor Lachen) wieder zu erwecken.<br \/>\nN\u00fctzliche Vitamine zum regelm\u00e4ssig einnehmen, aber bitte in kleinen Dosen, damit die Seele gen\u00fcgend Zeit hat zum Verdauen&#8230;<br \/>\nKurz, rein ins Vergn\u00fcgen &#8230; und guten Appetit\u00a0!<\/p>\n<p>&nbsp;<\/p>\n<p>Das Buch ist vollst\u00e4ndig ins Deutsche \u00fcbersetzt, leider noch nicht im Handel erh\u00e4ltlich, da es noch immer einen Verleger sucht\u00a0!!<\/p>\n<p>&nbsp;<\/p>\n<p><img loading=\"lazy\" decoding=\"async\" class=\"alignnone wp-image-14648\" src=\"http:\/\/www.auderset.com\/wp-content\/uploads\/rdvf1-de-p242-300x252.jpg\" alt=\"\" width=\"400\" height=\"335\" srcset=\"https:\/\/www.auderset.com\/wp-content\/uploads\/rdvf1-de-p242-300x252.jpg 300w, https:\/\/www.auderset.com\/wp-content\/uploads\/rdvf1-de-p242.jpg 600w\" sizes=\"auto, (max-width: 400px) 100vw, 400px\" \/><img loading=\"lazy\" decoding=\"async\" class=\"alignnone wp-image-14646\" src=\"http:\/\/www.auderset.com\/wp-content\/uploads\/RDVF1-de-p124-300x241.jpg\" alt=\"\" width=\"400\" height=\"321\" srcset=\"https:\/\/www.auderset.com\/wp-content\/uploads\/RDVF1-de-p124-300x241.jpg 300w, https:\/\/www.auderset.com\/wp-content\/uploads\/RDVF1-de-p124.jpg 600w\" sizes=\"auto, (max-width: 400px) 100vw, 400px\" \/><\/p>\n<hr \/>\n<p>&nbsp;<\/p>\n<p><a href=\"https:\/\/mailchi.mp\/8c95a9386bbd\/treffen-im-wald\"><img loading=\"lazy\" decoding=\"async\" class=\"alignnone wp-image-19804\" src=\"http:\/\/www.auderset.com\/wp-content\/uploads\/Treffen-im-wald-80p-268x300.png\" alt=\"\" width=\"400\" height=\"448\" srcset=\"https:\/\/www.auderset.com\/wp-content\/uploads\/Treffen-im-wald-80p-268x300.png 268w, https:\/\/www.auderset.com\/wp-content\/uploads\/Treffen-im-wald-80p.png 600w\" sizes=\"auto, (max-width: 400px) 100vw, 400px\" \/><\/a><\/p>\n<p><a href=\"https:\/\/mailchi.mp\/8c95a9386bbd\/treffen-im-wald\"><span style=\"text-decoration: underline;\"><strong>80 kostenlos &#8222;Treffen im wald&#8220;<\/strong><\/span><\/a><\/p>\n<p>&nbsp;<\/p>\n<p>&nbsp;<\/p>","protected":false},"excerpt":{"rendered":"<p>DAS BUCH \u00ab TREFFEN IM WALD \u00bb IST ENDLICH \u00dcBERSETZT! &nbsp; Dieses Werk enth\u00e4lt meine besten Newletters, die ich bisher geschrieben habe, gespickt mit Fotos und Illustrationen, von denen die meisten noch nie ver\u00f6ffentlicht wurden. Und all dies zusammen wird &hellip; <a href=\"https:\/\/www.auderset.com\/de\/comics\/rendez-vous-dans-la-foret\/\">More&#8230;<\/a> <a href=\"https:\/\/www.auderset.com\/de\/comics\/rendez-vous-dans-la-foret\/\">More&#8230;<\/a><\/p>\n","protected":false},"author":1,"featured_media":0,"parent":24,"menu_order":0,"comment_status":"closed","ping_status":"closed","template":"","meta":{"footnotes":""},"class_list":["post-5374","page","type-page","status-publish","hentry"],"_links":{"self":[{"href":"https:\/\/www.auderset.com\/de\/wp-json\/wp\/v2\/pages\/5374","targetHints":{"allow":["GET"]}}],"collection":[{"href":"https:\/\/www.auderset.com\/de\/wp-json\/wp\/v2\/pages"}],"about":[{"href":"https:\/\/www.auderset.com\/de\/wp-json\/wp\/v2\/types\/page"}],"author":[{"embeddable":true,"href":"https:\/\/www.auderset.com\/de\/wp-json\/wp\/v2\/users\/1"}],"replies":[{"embeddable":true,"href":"https:\/\/www.auderset.com\/de\/wp-json\/wp\/v2\/comments?post=5374"}],"version-history":[{"count":80,"href":"https:\/\/www.auderset.com\/de\/wp-json\/wp\/v2\/pages\/5374\/revisions"}],"predecessor-version":[{"id":20295,"href":"https:\/\/www.auderset.com\/de\/wp-json\/wp\/v2\/pages\/5374\/revisions\/20295"}],"up":[{"embeddable":true,"href":"https:\/\/www.auderset.com\/de\/wp-json\/wp\/v2\/pages\/24"}],"wp:attachment":[{"href":"https:\/\/www.auderset.com\/de\/wp-json\/wp\/v2\/media?parent=5374"}],"curies":[{"name":"wp","href":"https:\/\/api.w.org\/{rel}","templated":true}]}}