{"id":8319,"date":"2010-12-21T16:25:41","date_gmt":"2010-12-21T14:25:41","guid":{"rendered":"http:\/\/www.auderset.com\/\/?page_id=8319"},"modified":"2021-02-22T16:35:42","modified_gmt":"2021-02-22T14:35:42","slug":"marcel-t3","status":"publish","type":"page","link":"https:\/\/www.auderset.com\/de\/comics\/marcel-t3\/","title":{"rendered":"Marcel 3"},"content":{"rendered":"<p><a name=\"_GoBack\"><\/a> <b><\/b><\/p>\n<p><a href=\"http:\/\/www.auderset.com\/\/wp-content\/uploads\/Marcel-3pt.jpg\"><img loading=\"lazy\" decoding=\"async\" class=\" size-medium wp-image-8333 alignleft\" src=\"http:\/\/www.auderset.com\/\/wp-content\/uploads\/Marcel-3pt-210x300.jpg\" alt=\"Marcel 3pt\" width=\"210\" height=\"300\" srcset=\"https:\/\/www.auderset.com\/wp-content\/uploads\/Marcel-3pt-210x300.jpg 210w, https:\/\/www.auderset.com\/wp-content\/uploads\/Marcel-3pt.jpg 444w\" sizes=\"auto, (max-width: 210px) 100vw, 210px\" \/><\/a><\/p>\n<p><a href=\"http:\/\/www.auderset.com\/\/wp-content\/uploads\/d\u00e9mon-magie1pt.jpg\">\u00a0<\/a><a href=\"http:\/\/www.auderset.com\/wp-content\/uploads\/demon-magie1b-D.jpg\"><img loading=\"lazy\" decoding=\"async\" class=\"alignleft wp-image-8337 size-thumbnail\" style=\"border: 5px solid black; margin-top: 0px; margin-bottom: 0px;\" src=\"http:\/\/www.auderset.com\/wp-content\/uploads\/d\u00e9mon-magie1pt-150x150.jpg\" alt=\"d\u00e9mon magie1pt\" width=\"150\" height=\"150\" \/><\/a>\u00a0\u00a0<a href=\"http:\/\/www.auderset.com\/wp-content\/uploads\/demon-magie2-D.jpg\"><img loading=\"lazy\" decoding=\"async\" class=\"alignleft wp-image-8338 size-thumbnail\" style=\"border: 5px solid black; margin: 0px 5px;\" src=\"http:\/\/www.auderset.com\/wp-content\/uploads\/d\u00e9mon-magie2pt-150x150.jpg\" alt=\"d\u00e9mon magie2pt\" width=\"150\" height=\"150\" \/><\/a><br \/>\n<a href=\"http:\/\/www.auderset.com\/wp-content\/uploads\/conformiste-FD.jpg\"><br \/>\n<img loading=\"lazy\" decoding=\"async\" class=\"alignleft size-thumbnail wp-image-8336\" style=\"border: 5px solid black; margin-top: 0px; margin-bottom: 0px;\" src=\"http:\/\/www.auderset.com\/\/wp-content\/uploads\/conformiste-colorpt-150x150.jpg\" alt=\"conformiste colorpt\" width=\"150\" height=\"150\" \/><\/a>\u00a0 \u00a0 \u00a0<a href=\"http:\/\/www.auderset.com\/\/wp-content\/uploads\/auto-dollardpt.jpg\"><img loading=\"lazy\" decoding=\"async\" class=\"alignleft size-thumbnail wp-image-8335\" style=\"border: 5px solid black; margin-top: 0px; margin-bottom: 0px;\" src=\"http:\/\/www.auderset.com\/\/wp-content\/uploads\/auto-dollardpt-150x150.jpg\" alt=\"auto dollardpt\" width=\"150\" height=\"150\" \/>\u00a0\u00a0<\/a><a href=\"http:\/\/www.auderset.com\/\/wp-content\/uploads\/auto-divorce-colorpt.jpg\">\u00a0 \u00a0<\/a><a href=\"http:\/\/www.auderset.com\/wp-content\/uploads\/auto-divorce-color-FD.jpg\"><img loading=\"lazy\" decoding=\"async\" class=\"alignleft wp-image-8334 size-thumbnail\" style=\"border: 5px solid black; margin-top: 0px; margin-bottom: 0px;\" src=\"http:\/\/www.auderset.com\/wp-content\/uploads\/auto-divorce-colorpt-150x150.jpg\" alt=\"auto divorce colorpt\" width=\"150\" height=\"150\" srcset=\"https:\/\/www.auderset.com\/wp-content\/uploads\/auto-divorce-colorpt-150x150.jpg 150w, https:\/\/www.auderset.com\/wp-content\/uploads\/auto-divorce-colorpt.jpg 537w\" sizes=\"auto, (max-width: 150px) 100vw, 150px\" \/><\/a><\/p>\n<p><span lang=\"de-DE\"><b>Zur\u00fcck zu den Wurzeln! <\/b><\/span><span lang=\"de-DE\">(nur in Franz\u00f6sisch)<\/span><\/p>\n<p><span lang=\"de-DE\">Mit Marcel 3 signiert A.Auderset sein 8. Comic innerhalb seiner 20-j\u00e4hrigen Laufbahn. <\/span><\/p>\n<p><span lang=\"de-DE\">Marcel 2 war nur ein Zwischenst\u00fcck, ein Sommerausflug. Dieses neue Comic allerdings ist ein Nachkomme von Marcel 1. Es spielt eine Folge von kurzen und treffenden Gags ab, in der Art von \u201eAch du lieber Himmel\u201c. <\/span><\/p>\n<p><span lang=\"de-DE\">Der Autor nimmt uns in Marcels Auto mit und entf\u00fchrt uns aus unserem Alltagsleben zu neuen Horizonten. Mittels Marcel, seiner unverbesserlich positiven Figur, nimmt Alain Auderset die Jungen-M\u00e4dchen-Beziehungen auseinander. Angefangen von ungeschickten Anbagger-Techniken bis zum blutigen Rosenkrieg ist alles dabei! Alain geht auf grundlegende Fragen des Lebens (siehe Esoterik) ein, versehen mit einigen Funken Umweltschutz und eingebettet in schr\u00e4gem Humor. \u00dcber die Jahre hinweg hat es der Sankt-Immerer Autor geschafft, seine mitreissende Art zu bewahren, mit der er existenzielle Ohrfeigen verteilt, Misst\u00e4nde anprangert aber dennoch seine Ladung Hoffnung her\u00fcber bringt. <\/span><\/p>\n<p><span lang=\"de-DE\">Erh\u00e4ltlich ab dem 25. Oktober 2014. <\/span><\/p>","protected":false},"excerpt":{"rendered":"<p>\u00a0\u00a0\u00a0 \u00a0 \u00a0 \u00a0\u00a0\u00a0\u00a0 \u00a0 Zur\u00fcck zu den Wurzeln! (nur in Franz\u00f6sisch) Mit Marcel 3 signiert A.Auderset sein 8. Comic innerhalb seiner 20-j\u00e4hrigen Laufbahn. Marcel 2 war nur ein Zwischenst\u00fcck, ein Sommerausflug. Dieses neue Comic allerdings ist ein Nachkomme von &hellip; <a href=\"https:\/\/www.auderset.com\/de\/comics\/marcel-t3\/\">More&#8230;<\/a> <a href=\"https:\/\/www.auderset.com\/de\/comics\/marcel-t3\/\">More&#8230;<\/a><\/p>\n","protected":false},"author":1,"featured_media":0,"parent":24,"menu_order":0,"comment_status":"closed","ping_status":"closed","template":"","meta":{"footnotes":""},"class_list":["post-8319","page","type-page","status-publish","hentry"],"_links":{"self":[{"href":"https:\/\/www.auderset.com\/de\/wp-json\/wp\/v2\/pages\/8319","targetHints":{"allow":["GET"]}}],"collection":[{"href":"https:\/\/www.auderset.com\/de\/wp-json\/wp\/v2\/pages"}],"about":[{"href":"https:\/\/www.auderset.com\/de\/wp-json\/wp\/v2\/types\/page"}],"author":[{"embeddable":true,"href":"https:\/\/www.auderset.com\/de\/wp-json\/wp\/v2\/users\/1"}],"replies":[{"embeddable":true,"href":"https:\/\/www.auderset.com\/de\/wp-json\/wp\/v2\/comments?post=8319"}],"version-history":[{"count":18,"href":"https:\/\/www.auderset.com\/de\/wp-json\/wp\/v2\/pages\/8319\/revisions"}],"predecessor-version":[{"id":17720,"href":"https:\/\/www.auderset.com\/de\/wp-json\/wp\/v2\/pages\/8319\/revisions\/17720"}],"up":[{"embeddable":true,"href":"https:\/\/www.auderset.com\/de\/wp-json\/wp\/v2\/pages\/24"}],"wp:attachment":[{"href":"https:\/\/www.auderset.com\/de\/wp-json\/wp\/v2\/media?parent=8319"}],"curies":[{"name":"wp","href":"https:\/\/api.w.org\/{rel}","templated":true}]}}