{"id":85,"date":"2010-12-21T16:08:51","date_gmt":"2010-12-21T14:08:51","guid":{"rendered":"http:\/\/www.auderset.com\/\/"},"modified":"2021-02-22T16:02:39","modified_gmt":"2021-02-22T14:02:39","slug":"les-vacances-de-marcel-t2","status":"publish","type":"page","link":"https:\/\/www.auderset.com\/de\/comics\/les-vacances-de-marcel-t2\/","title":{"rendered":"Marcel 2"},"content":{"rendered":"<p><\/p>\n<p lang=\"de-CH\"><span style=\"font-size: medium;\"><span style=\"font-family: Arial; font-size: small;\"><span style=\"font-size: 12px;\"><a href=\"http:\/\/www.auderset.com\/\/wp-content\/uploads\/2010\/12\/Marcel2.jpg\"><img loading=\"lazy\" decoding=\"async\" class=\"alignleft size-full wp-image-487\" title=\"Marcel2\" src=\"http:\/\/www.auderset.com\/\/wp-content\/uploads\/2010\/12\/Marcel2.jpg\" alt=\"\" width=\"300\" height=\"271\" srcset=\"https:\/\/www.auderset.com\/wp-content\/uploads\/2010\/12\/Marcel2.jpg 300w, https:\/\/www.auderset.com\/wp-content\/uploads\/2010\/12\/Marcel2-96x86.jpg 96w, https:\/\/www.auderset.com\/wp-content\/uploads\/2010\/12\/Marcel2-38x34.jpg 38w, https:\/\/www.auderset.com\/wp-content\/uploads\/2010\/12\/Marcel2-238x215.jpg 238w, https:\/\/www.auderset.com\/wp-content\/uploads\/2010\/12\/Marcel2-128x115.jpg 128w\" sizes=\"auto, (max-width: 300px) 100vw, 300px\" \/><\/a><\/span><\/span><\/span><\/p>\n<p lang=\"de-CH\"><span style=\"font-size: medium;\"><span style=\"font-family: Arial; font-size: small;\"><span style=\"font-size: 12px;\"><span style=\"color: #000000;\"><a href=\"http:\/\/www.auderset.com\/\/wp-content\/uploads\/2010\/12\/caracol-Marcel.jpg\"><img loading=\"lazy\" decoding=\"async\" style=\"margin: 5px; border: 5px solid black;\" title=\"caracol Marcel\" src=\"http:\/\/www.auderset.com\/\/wp-content\/uploads\/2010\/12\/caracol-Marcel-150x150.jpg\" alt=\"\" width=\"150\" height=\"150\" \/><\/a><a href=\"http:\/\/www.auderset.com\/wp-content\/uploads\/vacances-7.jpg\"><img loading=\"lazy\" decoding=\"async\" class=\"alignnone\" style=\"margin: 5px; border: 5px solid black;\" title=\"Marcelp7\" src=\"http:\/\/www.auderset.com\/\/wp-content\/uploads\/2010\/12\/Marcelp7-150x150.jpg\" alt=\"\" width=\"150\" height=\"150\" \/><\/a><strong><a href=\"http:\/\/www.auderset.com\/wp-content\/uploads\/vacances-8.jpg\"><img loading=\"lazy\" decoding=\"async\" class=\"alignnone\" style=\"margin: 5px; border: 5px solid black;\" title=\"Marcelp8\" src=\"http:\/\/www.auderset.com\/\/wp-content\/uploads\/2010\/12\/Marcelp8-150x150.jpg\" alt=\"\" width=\"150\" height=\"150\" \/><\/a><\/strong><\/span><\/span><\/span><\/span><\/p>\n<p lang=\"de-CH\">Sonne, Strand, Meer, Spanien, h\u00fcbsche M\u00e4dchen, Poesie, Humor\u2026 alles atmet Lebensfreude im neuen Comicband von Alain Auderset. Eine perfekte Mischung aus idyllischen Landschaften, Poesie und vermessenem Humor. Es passiert in ihrem \u00ab\u00a0<strong>Caracol<\/strong>\u00a0\u00bb (motorisierte Schnecke), wo sich f\u00fcr Marcel und seine Truppe alles \u00e4ndern wird; sie sind best\u00fcrzt von einem Kind im Fernsehen, das an Hunger sterben wird. Gemeinsam beschliessen sie, den Rest ihrer Ferien damit zu verbringen, Gelder zugunsten dieses Kindes zu sammeln. Marcel erfindet die \u00ab\u00a0Express Fettabsaugungsmaschine\u00a0\u00bb (um diese unerl\u00e4ssliche Dienstleistung den vielen beleibten Touristen am Strand anzubieten)\u2026 Sandrine (verliebt) und Bob (der es nicht bemerkt) k\u00fcmmern sich um die <strong>Barabob<\/strong> Bar. Grunch und seine Freunde singen Metal Musik auf der Strasse. Ray \u00fcberlegt sich seinerseits andere L\u00f6sungen (in einer H\u00e4ngematte, im Schatten einer Palme)\u2026 Werden sie es schaffen?<\/p>\n<p lang=\"de-CH\"><span style=\"color: #666699;\">Preis: CHF 19.- \/ \u20ac 12.50 (nur auf Franz\u00f6sisch)<\/span><\/p>\n<p lang=\"de-CH\"><span style=\"color: #000000;\"><strong><span style=\"font-family: Arial; font-size: x-large;\"><span style=\"font-size: 24px;\">Collector Spezialausgabe<\/span><\/span><\/strong><\/span><\/p>\n<p lang=\"de-CH\"><span style=\"color: #000000;\"><span style=\"font-family: Arial; font-size: small;\"><span style=\"font-size: 12px;\"><a href=\"http:\/\/www.auderset.com\/\/wp-content\/uploads\/2010\/12\/set-couch\u00e9.jpg\"><img loading=\"lazy\" decoding=\"async\" class=\"alignleft size-full wp-image-490\" title=\"set couch\u00e9\" src=\"http:\/\/www.auderset.com\/\/wp-content\/uploads\/2010\/12\/set-couch\u00e9.jpg\" alt=\"\" width=\"580\" height=\"253\" srcset=\"https:\/\/www.auderset.com\/wp-content\/uploads\/2010\/12\/set-couch\u00e9.jpg 580w, https:\/\/www.auderset.com\/wp-content\/uploads\/2010\/12\/set-couch\u00e9-300x130.jpg 300w, https:\/\/www.auderset.com\/wp-content\/uploads\/2010\/12\/set-couch\u00e9-96x41.jpg 96w, https:\/\/www.auderset.com\/wp-content\/uploads\/2010\/12\/set-couch\u00e9-38x16.jpg 38w, https:\/\/www.auderset.com\/wp-content\/uploads\/2010\/12\/set-couch\u00e9-425x185.jpg 425w, https:\/\/www.auderset.com\/wp-content\/uploads\/2010\/12\/set-couch\u00e9-128x55.jpg 128w\" sizes=\"auto, (max-width: 580px) 100vw, 580px\" \/><\/a><\/span><\/span><\/span><\/p>\n<p><a href=\"http:\/\/www.auderset.com\/\/wp-content\/uploads\/2010\/12\/bo%C3%AEte-ouverte.jpg\"><img loading=\"lazy\" decoding=\"async\" class=\"alignleft size-full wp-image-491\" title=\"bo\u00eete ouverte\" src=\"http:\/\/www.auderset.com\/\/wp-content\/uploads\/2010\/12\/bo%C3%AEte-ouverte.jpg\" alt=\"\" width=\"671\" height=\"363\" \/><\/a><br \/>\n<a href=\"http:\/\/www.auderset.com\/\/wp-content\/uploads\/2010\/12\/pages-exclusives.jpg\"><span style=\"font-family: Arial; font-size: small;\"><span class=\"Apple-style-span\" style=\"font-size: 12px;\"><br \/>\n<\/span><\/span> <img loading=\"lazy\" decoding=\"async\" class=\"alignleft size-full wp-image-493\" title=\"pages exclusives\" src=\"http:\/\/www.auderset.com\/\/wp-content\/uploads\/2010\/12\/pages-exclusives.jpg\" alt=\"\" width=\"500\" height=\"327\" srcset=\"https:\/\/www.auderset.com\/wp-content\/uploads\/2010\/12\/pages-exclusives.jpg 500w, https:\/\/www.auderset.com\/wp-content\/uploads\/2010\/12\/pages-exclusives-300x196.jpg 300w, https:\/\/www.auderset.com\/wp-content\/uploads\/2010\/12\/pages-exclusives-96x62.jpg 96w, https:\/\/www.auderset.com\/wp-content\/uploads\/2010\/12\/pages-exclusives-38x24.jpg 38w, https:\/\/www.auderset.com\/wp-content\/uploads\/2010\/12\/pages-exclusives-328x215.jpg 328w, https:\/\/www.auderset.com\/wp-content\/uploads\/2010\/12\/pages-exclusives-128x83.jpg 128w\" sizes=\"auto, (max-width: 500px) 100vw, 500px\" \/><\/a><\/p>\n<p>Es lag uns viel daran, 200 nummerierte und vom Autor signierte Exemplare seines neuen Comicbands \u00ab\u00a0Marcels Ferien\u00a0\u00bb als Luxus Sammelversion herauszugeben. Eine Box mit einem Skizzenheft, einem Sonderdruck von h\u00f6chster Qualit\u00e4t und der Comic mit einem Exlibris. Der Verkauf dieser aussergew\u00f6hnlichen B\u00fccher hilft Alain, neue Auflagen seiner Comics sowie seine Predigert\u00e4tigkeit zu finanzieren.<\/p>\n<p><span style=\"color: #666699;\">Preis: CHF 200.- \/ \u20ac 150 (nur auf Franz\u00f6sisch)<br \/>\n<\/span><\/p>","protected":false},"excerpt":{"rendered":"<p>Sonne, Strand, Meer, Spanien, h\u00fcbsche M\u00e4dchen, Poesie, Humor\u2026 alles atmet Lebensfreude im neuen Comicband von Alain Auderset. Eine perfekte Mischung aus idyllischen Landschaften, Poesie und vermessenem Humor. Es passiert in ihrem \u00ab\u00a0Caracol\u00a0\u00bb (motorisierte Schnecke), wo sich f\u00fcr Marcel und seine &hellip; <a href=\"https:\/\/www.auderset.com\/de\/comics\/les-vacances-de-marcel-t2\/\">More&#8230;<\/a> <a href=\"https:\/\/www.auderset.com\/de\/comics\/les-vacances-de-marcel-t2\/\">More&#8230;<\/a><\/p>\n","protected":false},"author":1,"featured_media":0,"parent":24,"menu_order":0,"comment_status":"closed","ping_status":"closed","template":"","meta":{"footnotes":""},"class_list":["post-85","page","type-page","status-publish","hentry"],"_links":{"self":[{"href":"https:\/\/www.auderset.com\/de\/wp-json\/wp\/v2\/pages\/85","targetHints":{"allow":["GET"]}}],"collection":[{"href":"https:\/\/www.auderset.com\/de\/wp-json\/wp\/v2\/pages"}],"about":[{"href":"https:\/\/www.auderset.com\/de\/wp-json\/wp\/v2\/types\/page"}],"author":[{"embeddable":true,"href":"https:\/\/www.auderset.com\/de\/wp-json\/wp\/v2\/users\/1"}],"replies":[{"embeddable":true,"href":"https:\/\/www.auderset.com\/de\/wp-json\/wp\/v2\/comments?post=85"}],"version-history":[{"count":34,"href":"https:\/\/www.auderset.com\/de\/wp-json\/wp\/v2\/pages\/85\/revisions"}],"predecessor-version":[{"id":17715,"href":"https:\/\/www.auderset.com\/de\/wp-json\/wp\/v2\/pages\/85\/revisions\/17715"}],"up":[{"embeddable":true,"href":"https:\/\/www.auderset.com\/de\/wp-json\/wp\/v2\/pages\/24"}],"wp:attachment":[{"href":"https:\/\/www.auderset.com\/de\/wp-json\/wp\/v2\/media?parent=85"}],"curies":[{"name":"wp","href":"https:\/\/api.w.org\/{rel}","templated":true}]}}