{"id":8692,"date":"2014-12-09T16:23:49","date_gmt":"2014-12-09T14:23:49","guid":{"rendered":"http:\/\/www.auderset.com\/\/?page_id=8692"},"modified":"2025-11-26T12:09:08","modified_gmt":"2025-11-26T10:09:08","slug":"conte-legende-de-mi","status":"publish","type":"page","link":"https:\/\/www.auderset.com\/de\/show\/conte-legende-de-mi\/","title":{"rendered":"Erz\u00e4hlung : Die Legende von Mi"},"content":{"rendered":"<p><a href=\"http:\/\/www.auderset.com\/\/wp-content\/uploads\/MIst-pt.jpg\"><img loading=\"lazy\" decoding=\"async\" class=\"alignleft wp-image-8698\" src=\"http:\/\/www.auderset.com\/\/wp-content\/uploads\/MIst-pt.jpg\" alt=\"MIst pt\" width=\"495\" height=\"700\" srcset=\"https:\/\/www.auderset.com\/wp-content\/uploads\/MIst-pt.jpg 619w, https:\/\/www.auderset.com\/wp-content\/uploads\/MIst-pt-212x300.jpg 212w\" sizes=\"auto, (max-width: 495px) 100vw, 495px\" \/><\/a><\/p>\n<p>&nbsp;<\/p>\n<p>&nbsp;<\/p>\n<p>LEIDER IST DIE LEGENDE ZUR ZEIT NUR AUF FRANZOESICH VERFUEGBAR!!<\/p>\n<p>&nbsp;<\/p>\n<p>&nbsp;<\/p>\n<address><strong>Die Legende von Mi<\/strong><\/address>\n<address>\u00a0<\/address>\n<address>\u00a0<\/address>\n<address>Minelo\u00efda, der Pr\u00fcgelknabe seines Quartiers, tritt in das fantastische K\u00f6nigreich ein, das er von seiner heruntergekommen Mansarde aus sieht.<\/address>\n<address>\u00a0<\/address>\n<address>Wird er dem Legendenk\u00f6nig begegnen, den alle Welt f\u00fcrchtet ohne ihn zu kennen?<\/address>\n<address>\u00a0<\/address>\n<address>Nichts geht so wie es sollte f\u00fcr den Helden dieser spannenden Geschichte.<\/address>\n<address>\u00a0<\/address>\n<address>\u00a0Minelo\u00efda nimmt uns, ohne uns zu fragen, mit in ein Abenteuer voll \u00fcberraschender Wendungen, wo Gut und B\u00f6se oft nicht das sind, was man meint&#8230;<\/address>\n<address>\u00a0<\/address>\n<address>und wenn er uns auch manchmal bis auf den Grund ungerechter Situationen mitschleppt, dorthin wo das Leiden keine Erkl\u00e4rung findet, wird er Euch intelligente Antworten auf Eure diesbez\u00fcglichen Fragen geben, eine konkrete Hoffnung.<\/address>\n<address>\u00a0<\/address>\n<address>\u00a0<\/address>\n<address>Eine Erz\u00e4hlung von A.Auderset, die Eure eigenen d\u00fcstersten Lebens-Geschichten mit einem neuen Licht erhellen kann &#8230;<\/address>\n<address>\u00a0<\/address>\n<address>\u00a0<\/address>\n<address>\u00a0<\/address>\n<address><strong>N\u00e4chste Vorstellungen:<\/strong><\/address>\n<address>\u00a0Im Moment nichts vorgesehen&#8230;<\/address>\n<address>\u00a0<\/address>\n<address><strong>Was Sie verpasst haben:<\/strong><\/address>\n<address>\u00a0&#8211; <a href=\"http:\/\/www.auderset.com\/\/news\/noel-pour-tous-a-bienne\" target=\"_blank\">Bienne<\/a> (13.12.2014)<\/address>\n<address>&#8211; \u00a0<a href=\"http:\/\/www.auderset.com\/\/news\/la-legende-de-mi-a-chalon-sur-saone\" target=\"_blank\">Chalon-sur-Sa\u00f4ne<\/a> (21.12.2014)<\/address>\n<address>&#8211; St-Imier (2013)<\/address>\n<address>&#8211; Chaux de fonds (2013)<\/address>\n<address>\u00a0<\/address>\n<address>\u00a0<\/address>\n<p><\/p>","protected":false},"excerpt":{"rendered":"<p>&nbsp; &nbsp; LEIDER IST DIE LEGENDE ZUR ZEIT NUR AUF FRANZOESICH VERFUEGBAR!! &nbsp; &nbsp; Die Legende von Mi \u00a0 \u00a0 Minelo\u00efda, der Pr\u00fcgelknabe seines Quartiers, tritt in das fantastische K\u00f6nigreich ein, das er von seiner heruntergekommen Mansarde aus sieht. \u00a0 &hellip; <a href=\"https:\/\/www.auderset.com\/de\/show\/conte-legende-de-mi\/\">More&#8230;<\/a> <a href=\"https:\/\/www.auderset.com\/de\/show\/conte-legende-de-mi\/\">More&#8230;<\/a><\/p>\n","protected":false},"author":1,"featured_media":0,"parent":270,"menu_order":5,"comment_status":"closed","ping_status":"closed","template":"","meta":{"footnotes":""},"class_list":["post-8692","page","type-page","status-publish","hentry"],"_links":{"self":[{"href":"https:\/\/www.auderset.com\/de\/wp-json\/wp\/v2\/pages\/8692","targetHints":{"allow":["GET"]}}],"collection":[{"href":"https:\/\/www.auderset.com\/de\/wp-json\/wp\/v2\/pages"}],"about":[{"href":"https:\/\/www.auderset.com\/de\/wp-json\/wp\/v2\/types\/page"}],"author":[{"embeddable":true,"href":"https:\/\/www.auderset.com\/de\/wp-json\/wp\/v2\/users\/1"}],"replies":[{"embeddable":true,"href":"https:\/\/www.auderset.com\/de\/wp-json\/wp\/v2\/comments?post=8692"}],"version-history":[{"count":46,"href":"https:\/\/www.auderset.com\/de\/wp-json\/wp\/v2\/pages\/8692\/revisions"}],"predecessor-version":[{"id":22160,"href":"https:\/\/www.auderset.com\/de\/wp-json\/wp\/v2\/pages\/8692\/revisions\/22160"}],"up":[{"embeddable":true,"href":"https:\/\/www.auderset.com\/de\/wp-json\/wp\/v2\/pages\/270"}],"wp:attachment":[{"href":"https:\/\/www.auderset.com\/de\/wp-json\/wp\/v2\/media?parent=8692"}],"curies":[{"name":"wp","href":"https:\/\/api.w.org\/{rel}","templated":true}]}}