{"id":88,"date":"2010-12-21T16:09:37","date_gmt":"2010-12-21T14:09:37","guid":{"rendered":"http:\/\/www.auderset.com\/\/"},"modified":"2021-02-22T15:58:30","modified_gmt":"2021-02-22T13:58:30","slug":"willy-grunch","status":"publish","type":"page","link":"https:\/\/www.auderset.com\/de\/comics\/willy-grunch\/","title":{"rendered":"Willy Grunch"},"content":{"rendered":"<p><strong><a href=\"http:\/\/www.auderset.com\/\/wp-content\/uploads\/2010\/12\/Grunch.jpg\"><img loading=\"lazy\" decoding=\"async\" title=\"Grunch\" src=\"http:\/\/www.auderset.com\/\/wp-content\/uploads\/2010\/12\/Grunch-150x150.jpg\" alt=\"\" width=\"150\" height=\"150\" \/><\/a><\/strong>Dieses Buch wird zur Zeit ins Deutsche \u00fcbersetzt. Wir suchen noch einen Verleger.<\/p>\n<p><strong><a href=\"http:\/\/www.auderset.com\/wp-content\/uploads\/bad-religion-color-D-www.jpg\"><img loading=\"lazy\" decoding=\"async\" style=\"margin: 5px; border: 5px solid black;\" title=\"bad_religion Grunch\" src=\"http:\/\/www.auderset.com\/wp-content\/uploads\/bad-religion-color-D-150.jpg\" alt=\"\" width=\"150\" height=\"150\" \/><\/a><a href=\"http:\/\/www.auderset.com\/wp-content\/uploads\/xnet-color.jpg\"><img loading=\"lazy\" decoding=\"async\" class=\"alignnone\" style=\"margin: 5px; border: 5px solid black;\" title=\"xnet Grunch\" src=\"http:\/\/www.auderset.com\/\/wp-content\/uploads\/2010\/12\/xnet-Grunch-150x150.jpg\" alt=\"\" width=\"150\" height=\"150\" \/><\/a><a href=\"http:\/\/www.auderset.com\/wp-content\/uploads\/juge-color-web1.jpg\"><img loading=\"lazy\" decoding=\"async\" class=\"alignnone\" style=\"margin: 5px; border: 5px solid black;\" title=\"juge color\" src=\"http:\/\/www.auderset.com\/wp-content\/uploads\/juge-color-web-150.jpg\" alt=\"\" width=\"150\" height=\"150\" \/><\/a><\/strong><\/p>\n<p><strong><big>Willy Grunchs unanst\u00e4ndige Fragen<\/big><\/strong><\/p>\n<p>In diesem ausgesprochenen \u201eTeenager\u201c-Comic werden vor allem die Landschaften sehr sch\u00f6n dar gestellt. Ein Witz pro Seite und trotzdem gibt es immer einen roten Faden. Nur mit seiner Gitarre im Gep\u00e4ck, ist Willy Philosoph und Poet zugleich aber von Zeit zu Zeit auch etwas unreif. Er missversteht auch alles und bringt dadurch haupts\u00e4chlich unsere eigenen Fehler ans Licht!<\/p>\n<p>Willy Grunch stammt aus Paris. Er kommt in den Berner Jura. Man muss sagen, dass es ihn am Anfang regelrecht anko\u2026 Dann verliebt er sich in Jasmine. Pornografie, Beziehungen zwischen M\u00e4dchen und Jungen, Rassismus, existenzielle Fragen, Depressionen und Mittel, um aus unseren Zw\u00e4ngen heraus zu kommen sind Themen, die in diesem Album, wo der Humor omnipr\u00e4sent ist, er\u00f6rtert werden.<\/p>\n<p><strong>Zielpublikum:<\/strong> Jugendliche, junge Erwachsene, breites Publikum, welches Humor mag.<\/p>\n<p>Willy Grunch zwingt uns in das Universum eines Teenagers mit pikanten Fragen zum Thema Beziehung M\u00e4dchen\/Junge. Die Geschichten nehmen an Reife zu und enden in existenzielleren aber immer lustigen Fragen.<\/p>\n<p>21.5 x 30 cm \u2013 64 Seiten.<\/p>\n<p><span style=\"color: #666699;\">Preis: CHF 19.- \/ \u20ac 12.50 \/ sofort erh\u00e4ltlich<\/span><\/p>","protected":false},"excerpt":{"rendered":"<p>Dieses Buch wird zur Zeit ins Deutsche \u00fcbersetzt. Wir suchen noch einen Verleger. Willy Grunchs unanst\u00e4ndige Fragen In diesem ausgesprochenen \u201eTeenager\u201c-Comic werden vor allem die Landschaften sehr sch\u00f6n dar gestellt. Ein Witz pro Seite und trotzdem gibt es immer einen &hellip; <a href=\"https:\/\/www.auderset.com\/de\/comics\/willy-grunch\/\">More&#8230;<\/a> <a href=\"https:\/\/www.auderset.com\/de\/comics\/willy-grunch\/\">More&#8230;<\/a><\/p>\n","protected":false},"author":1,"featured_media":0,"parent":24,"menu_order":0,"comment_status":"closed","ping_status":"closed","template":"","meta":{"footnotes":""},"class_list":["post-88","page","type-page","status-publish","hentry"],"_links":{"self":[{"href":"https:\/\/www.auderset.com\/de\/wp-json\/wp\/v2\/pages\/88","targetHints":{"allow":["GET"]}}],"collection":[{"href":"https:\/\/www.auderset.com\/de\/wp-json\/wp\/v2\/pages"}],"about":[{"href":"https:\/\/www.auderset.com\/de\/wp-json\/wp\/v2\/types\/page"}],"author":[{"embeddable":true,"href":"https:\/\/www.auderset.com\/de\/wp-json\/wp\/v2\/users\/1"}],"replies":[{"embeddable":true,"href":"https:\/\/www.auderset.com\/de\/wp-json\/wp\/v2\/comments?post=88"}],"version-history":[{"count":32,"href":"https:\/\/www.auderset.com\/de\/wp-json\/wp\/v2\/pages\/88\/revisions"}],"predecessor-version":[{"id":17714,"href":"https:\/\/www.auderset.com\/de\/wp-json\/wp\/v2\/pages\/88\/revisions\/17714"}],"up":[{"embeddable":true,"href":"https:\/\/www.auderset.com\/de\/wp-json\/wp\/v2\/pages\/24"}],"wp:attachment":[{"href":"https:\/\/www.auderset.com\/de\/wp-json\/wp\/v2\/media?parent=88"}],"curies":[{"name":"wp","href":"https:\/\/api.w.org\/{rel}","templated":true}]}}