{"id":92,"date":"2010-12-15T16:10:32","date_gmt":"2010-12-15T14:10:32","guid":{"rendered":"http:\/\/www.auderset.com\/\/"},"modified":"2024-08-06T22:35:31","modified_gmt":"2024-08-06T20:35:31","slug":"idees-recues-1","status":"publish","type":"page","link":"https:\/\/www.auderset.com\/de\/comics\/idees-recues-1\/","title":{"rendered":"Ach du lieber Himmel 1"},"content":{"rendered":"<p><a href=\"http:\/\/www.auderset.com\/\/wp-content\/uploads\/2010\/12\/iR1.jpg\"><img loading=\"lazy\" decoding=\"async\" title=\"iR1\" src=\"http:\/\/www.auderset.com\/\/wp-content\/uploads\/2010\/12\/iR1.jpg\" alt=\"\" width=\"200\" height=\"313\" \/><\/a><\/p>\n<p><a href=\"http:\/\/www.auderset.com\/\/wp-content\/uploads\/Fleur-D-pt.jpg\"><img loading=\"lazy\" decoding=\"async\" class=\"alignleft size-thumbnail wp-image-8866\" style=\"border: 5px solid black;\" src=\"http:\/\/www.auderset.com\/\/wp-content\/uploads\/Fleur-D-pt-150x150.jpg\" alt=\"Fleur D pt\" width=\"150\" height=\"150\" \/><\/a>\u00a0<a href=\"http:\/\/www.auderset.com\/\/wp-content\/uploads\/Flaque-avec-blanc-D-pt.jpg\"><img loading=\"lazy\" decoding=\"async\" class=\"alignleft size-thumbnail wp-image-8867\" style=\"border: 5px solid black;\" src=\"http:\/\/www.auderset.com\/\/wp-content\/uploads\/Flaque-avec-blanc-D-pt-150x150.jpg\" alt=\"Flaque avec blanc D pt\" width=\"150\" height=\"150\" \/><\/a><\/p>\n<p><a href=\"http:\/\/www.auderset.com\/\/wp-content\/uploads\/Foot-noir-D-pt.jpg\"><img loading=\"lazy\" decoding=\"async\" class=\"alignleft size-thumbnail wp-image-8868\" style=\"border: 5px solid black;\" src=\"http:\/\/www.auderset.com\/\/wp-content\/uploads\/Foot-noir-D-pt-150x150.jpg\" alt=\"Foot noir D pt\" width=\"150\" height=\"150\" \/><\/a>\u00a0<a href=\"http:\/\/www.auderset.com\/\/wp-content\/uploads\/Avion-guerre-D-noir-pt.jpg\"><img loading=\"lazy\" decoding=\"async\" class=\"alignleft size-thumbnail wp-image-8869\" style=\"border: 5px solid black;\" src=\"http:\/\/www.auderset.com\/\/wp-content\/uploads\/Avion-guerre-D-noir-pt-150x150.jpg\" alt=\"Avion guerre D noir pt\" width=\"150\" height=\"150\" \/><\/a><\/p>\n<p>Es ist das erste Werk des Autors und wahrhaft unumg\u00e4nglich. Schwarzen Humor, existenzielle Fragen und Glaube auf diese Art und Weise zu vermischen, ist eine Premiere. Drei Monate nach der Herausgabe in der Schweiz war es bereits ein Bestseller im Selbstverlag. Mehr als 60\u20180000 verkaufte Exemplare in sieben Sprachen (eine davon Mandarin). Er hat einen Sonderpreis f\u00fcr franz\u00f6sischsprachigen, christlichen Comic am internationalen Comicfestival von Angoul\u00eame erhalten.<\/p>\n<p>Schwarzer Humor mit zeichnerischer Gestaltung und Farben von eben dieser Schattierung um von all den \u201eEingebungen\u201c zu erz\u00e4hlen, die man von Gott, von Religion, vom Menschen hat. Es ist frisch, bewegend, lustig und ehrlich. Eine Ehrlichkeit, die sich entwickelt und die Sicherheiten des Lesers ins Wanken bringt, Atheist oder nicht.<\/p>\n<p>Adressaten: Jugendliche, junge Erwachsene, schwarzer Humor, religi\u00f6s aber unkonventionell.<\/p>\n<p>Gebunden: 21.5 x 30 cm \u2013 64 Seiten.<\/p>\n<p><span style=\"color: #666699;\">Preis: CHF 19.- \/ \u20ac 12.50 \/ sofort erh\u00e4ltlich<\/span><\/p>\n<p><span style=\"text-decoration: underline;\">Jetzt kaufen<\/span><\/p>","protected":false},"excerpt":{"rendered":"<p>\u00a0 \u00a0 Es ist das erste Werk des Autors und wahrhaft unumg\u00e4nglich. Schwarzen Humor, existenzielle Fragen und Glaube auf diese Art und Weise zu vermischen, ist eine Premiere. Drei Monate nach der Herausgabe in der Schweiz war es bereits ein &hellip; <a href=\"https:\/\/www.auderset.com\/de\/comics\/idees-recues-1\/\">More&#8230;<\/a> <a href=\"https:\/\/www.auderset.com\/de\/comics\/idees-recues-1\/\">More&#8230;<\/a><\/p>\n","protected":false},"author":1,"featured_media":0,"parent":24,"menu_order":0,"comment_status":"closed","ping_status":"closed","template":"","meta":{"footnotes":""},"class_list":["post-92","page","type-page","status-publish","hentry"],"_links":{"self":[{"href":"https:\/\/www.auderset.com\/de\/wp-json\/wp\/v2\/pages\/92","targetHints":{"allow":["GET"]}}],"collection":[{"href":"https:\/\/www.auderset.com\/de\/wp-json\/wp\/v2\/pages"}],"about":[{"href":"https:\/\/www.auderset.com\/de\/wp-json\/wp\/v2\/types\/page"}],"author":[{"embeddable":true,"href":"https:\/\/www.auderset.com\/de\/wp-json\/wp\/v2\/users\/1"}],"replies":[{"embeddable":true,"href":"https:\/\/www.auderset.com\/de\/wp-json\/wp\/v2\/comments?post=92"}],"version-history":[{"count":54,"href":"https:\/\/www.auderset.com\/de\/wp-json\/wp\/v2\/pages\/92\/revisions"}],"predecessor-version":[{"id":21042,"href":"https:\/\/www.auderset.com\/de\/wp-json\/wp\/v2\/pages\/92\/revisions\/21042"}],"up":[{"embeddable":true,"href":"https:\/\/www.auderset.com\/de\/wp-json\/wp\/v2\/pages\/24"}],"wp:attachment":[{"href":"https:\/\/www.auderset.com\/de\/wp-json\/wp\/v2\/media?parent=92"}],"curies":[{"name":"wp","href":"https:\/\/api.w.org\/{rel}","templated":true}]}}