{"id":9419,"date":"2015-06-29T16:44:50","date_gmt":"2015-06-29T14:44:50","guid":{"rendered":"http:\/\/www.auderset.com\/?page_id=9419"},"modified":"2015-12-16T15:45:40","modified_gmt":"2015-12-16T13:45:40","slug":"collectors","status":"publish","type":"page","link":"https:\/\/www.auderset.com\/de\/collectors\/","title":{"rendered":"(FR) Collectors"},"content":{"rendered":"<p><img loading=\"lazy\" decoding=\"async\" src=\"http:\/\/www.auderset.com\/wp-content\/uploads\/collector-wg2.jpg\" alt=\"WG2 collector\" width=\"317\" height=\"405\" \/><\/p>\n<p><span style=\"font-family: Times New Roman,serif;\"><span style=\"font-family: Arial,serif;\"><span style=\"font-size: small;\"><span lang=\"de-DE\">Collector Willy Grunch 2<\/span><\/span><\/span><span style=\"font-family: Arial,serif;\"><span style=\"font-size: small;\"><span lang=\"de-DE\"><br \/>\n<\/span><\/span><\/span><span style=\"font-family: Arial,serif;\"><span style=\"font-size: small;\"><span lang=\"de-DE\">Gebundene Ausgabe<\/span><\/span><\/span><span style=\"font-family: Arial,serif;\"><span style=\"font-size: small;\"><span lang=\"de-DE\"><br \/>\n<\/span><\/span><\/span><span style=\"font-family: Arial,serif;\"><span style=\"font-size: small;\"><span lang=\"de-DE\">Luxusausgabe auf Kunstpapier<\/span><\/span><\/span><\/span><\/p>\n<p><span style=\"font-family: Times New Roman,serif;\"><span style=\"font-family: Arial,serif;\"><span style=\"font-size: small;\"><span lang=\"de-DE\">Relief- und goldene Heissfolienpr\u00e4gung<br \/>\nfeste Bindung<\/span><\/span><\/span><\/span><\/p>\n<p><span style=\"font-family: Times New Roman,serif;\"><span style=\"font-family: Arial,serif;\"><span style=\"font-size: small;\"><span lang=\"de-DE\">mit geflochtenem Kapitalband<br \/>\n<\/span><\/span><\/span><\/span><\/p>\n<p><span style=\"font-family: Times New Roman,serif;\"><span style=\"color: #000000;\"><span style=\"font-family: Arial,serif;\"><span style=\"font-size: small;\"><span lang=\"de-DE\">Diese exklusive Sammlerausgabe dient zum einen dazu, die Kosten des Drucks dieses Schmuckst\u00fccks zu decken und zugleich dazu, den Autor zu unterst\u00fctzen. Erh\u00e4ltlich zum Unterst\u00fctzerpreis von CHF 200.00 \/ EUR 180.00<\/span><\/span><\/span><\/span><span style=\"color: #000000;\"><span style=\"font-family: Arial,serif;\"><span style=\"font-size: small;\"><span lang=\"de-DE\">, inklusive Versandkosten. <\/span><\/span><\/span><\/span><\/span><\/p>\n<ul>\n<li><span style=\"font-family: Times New Roman,serif;\"><span style=\"color: #000000;\"><span style=\"font-family: Arial,serif;\"><span style=\"font-size: small;\"><span lang=\"de-DE\">Limitierte Ausgabe, nummeriert und unterschrieben<\/span><\/span><\/span><\/span><\/span><\/li>\n<li><span style=\"font-family: Times New Roman,serif;\"><span style=\"color: #000000;\"><span style=\"font-family: Arial,serif;\"><span style=\"font-size: small;\"><span lang=\"de-DE\">Nicht ver\u00f6ffentlichte Zeichnung auf dem dezenten und doch luxuri\u00f6sen Einband<\/span><\/span><\/span><\/span><\/span><\/li>\n<li><span style=\"font-family: Times New Roman,serif;\"><span style=\"color: #000000;\"><span style=\"font-family: Arial,serif;\"><span style=\"font-size: small;\"><span lang=\"de-DE\">Auf speziellem Papier gedruckt, das den kostbaren Inhalt betont <\/span><\/span><\/span><\/span><\/span><\/li>\n<\/ul>\n<p lang=\"de-DE\"><a name=\"_GoBack\"><\/a><\/p>\n<p><\/p>","protected":false},"excerpt":{"rendered":"<p>Collector Willy Grunch 2 Gebundene Ausgabe Luxusausgabe auf Kunstpapier Relief- und goldene Heissfolienpr\u00e4gung feste Bindung mit geflochtenem Kapitalband Diese exklusive Sammlerausgabe dient zum einen dazu, die Kosten des Drucks dieses Schmuckst\u00fccks zu decken und zugleich dazu, den Autor zu unterst\u00fctzen. &hellip; <a href=\"https:\/\/www.auderset.com\/de\/collectors\/\">More&#8230;<\/a> <a href=\"https:\/\/www.auderset.com\/de\/collectors\/\">More&#8230;<\/a><\/p>\n","protected":false},"author":1,"featured_media":0,"parent":0,"menu_order":0,"comment_status":"closed","ping_status":"closed","template":"","meta":{"footnotes":""},"class_list":["post-9419","page","type-page","status-publish","hentry"],"_links":{"self":[{"href":"https:\/\/www.auderset.com\/de\/wp-json\/wp\/v2\/pages\/9419","targetHints":{"allow":["GET"]}}],"collection":[{"href":"https:\/\/www.auderset.com\/de\/wp-json\/wp\/v2\/pages"}],"about":[{"href":"https:\/\/www.auderset.com\/de\/wp-json\/wp\/v2\/types\/page"}],"author":[{"embeddable":true,"href":"https:\/\/www.auderset.com\/de\/wp-json\/wp\/v2\/users\/1"}],"replies":[{"embeddable":true,"href":"https:\/\/www.auderset.com\/de\/wp-json\/wp\/v2\/comments?post=9419"}],"version-history":[{"count":1,"href":"https:\/\/www.auderset.com\/de\/wp-json\/wp\/v2\/pages\/9419\/revisions"}],"predecessor-version":[{"id":10618,"href":"https:\/\/www.auderset.com\/de\/wp-json\/wp\/v2\/pages\/9419\/revisions\/10618"}],"wp:attachment":[{"href":"https:\/\/www.auderset.com\/de\/wp-json\/wp\/v2\/media?parent=9419"}],"curies":[{"name":"wp","href":"https:\/\/api.w.org\/{rel}","templated":true}]}}