{"id":9547,"date":"2015-08-10T16:25:04","date_gmt":"2015-08-10T14:25:04","guid":{"rendered":"http:\/\/www.auderset.com\/?page_id=9547"},"modified":"2023-01-27T16:32:20","modified_gmt":"2023-01-27T14:32:20","slug":"son-biotope","status":"publish","type":"page","link":"https:\/\/www.auderset.com\/de\/son-biotope\/","title":{"rendered":"Sein Lebensraum"},"content":{"rendered":"<p><span style=\"font-size: medium;\"><strong>SEIN LEBENSRAUM<\/strong><\/span><\/p>\n<p>Die Auderset Sippe nimmt eine Schl\u00fcsselrolle im Leben des Autors ein, dessen soziales Umfeld eine Quelle des Austausches, der Inspiration und des Gleichgewichts ist\u2026<\/p>\n<p>Eine untypische und warmherzige Familie bildet den Kern dieser Grossfamilie, welche in sprudelnder k\u00fcnstlerischer Aktivit\u00e4t badet (welche um Alain herum herrscht) und die sie ihrerseits ern\u00e4hrt. Die Spiritualit\u00e4t nimmt auch einen wichtigen Platz ein im Schaffen von Alain, welcher sich aktiv in der christlichen Gemeinde \u201eLe Roc\u201c engagiert, der er seit zahlreichen Jahren angeh\u00f6rt.<\/p>\n<p><a href=\"http:\/\/www.auderset.com\/\/wp-content\/uploads\/Benjamin_Auderset-bl.jpg\"><img loading=\"lazy\" decoding=\"async\" style=\"margin: 5px; border: 5px solid black;\" title=\"Benjamin_Auderset bl\" src=\"http:\/\/www.auderset.com\/\/wp-content\/uploads\/Benjamin_Auderset-bl-150x150.jpg\" alt=\"\" width=\"150\" height=\"150\" \/><\/a> <a href=\"http:\/\/www.auderset.com\/\/wp-content\/uploads\/sep_Auderset_et_son_papa-e1308944192101.jpg\"><img loading=\"lazy\" decoding=\"async\" style=\"margin: 5px; border: 5px solid black;\" title=\"Seph_Auderset_et_son_papa\" src=\"http:\/\/www.auderset.com\/\/wp-content\/uploads\/sep_Auderset_et_son_papa-e1308944192101.jpg\" alt=\"\" width=\"112\" height=\"188\" \/><\/a> <a href=\"http:\/\/www.auderset.com\/\/wp-content\/uploads\/silas.jpg\"><img loading=\"lazy\" decoding=\"async\" style=\"margin: 5px; border: 5px solid black;\" title=\"silas\" src=\"http:\/\/www.auderset.com\/\/wp-content\/uploads\/silas.jpg\" alt=\"\" width=\"112\" height=\"125\" \/><\/a> <a href=\"http:\/\/www.auderset.com\/\/wp-content\/uploads\/Oceane_Auderset.jpg\"><img loading=\"lazy\" decoding=\"async\" style=\"margin: 5px; border: 5px solid black;\" title=\"Oceane_Auderset\" src=\"http:\/\/www.auderset.com\/\/wp-content\/uploads\/Oceane_Auderset.jpg\" alt=\"\" width=\"120\" height=\"90\" \/><\/a><\/p>\n<p><span style=\"font-size: x-small;\"><em>Die Kinder:<\/em><\/span><\/p>\n<p><span style=\"font-size: x-small;\"><em>Benjamin: \u201eWenn ich gross bin, werde ich wie Papa sein\u201c \u2013 S\u00e9phora und ihr Vater (Foto: S. Amman) \u2013 Silas, S\u00e4nger und Schlagzeuger von Rhumpage (weiter unten) \u2013 Oc\u00e9ane-Aim\u00e9e geborene Schauspielerin\u2026<\/em><\/span><\/p>\n<p><a href=\"http:\/\/www.auderset.com\/\/wp-content\/uploads\/Rhumpage.jpg\"><img loading=\"lazy\" decoding=\"async\" style=\"margin: 5px; border: 5px solid black;\" title=\"Rhumpage\" src=\"http:\/\/www.auderset.com\/\/wp-content\/uploads\/Rhumpage.jpg\" alt=\"\" width=\"300\" height=\"200\" \/><\/a><\/p>\n<p>Ist nicht der geborene Unternehmer\u2026<\/p>\n<p>&#8230; deshalb war Alain so klug, sich mit einem Komitee von Freunden zu umringen. Sie kommen aus verschiedenen Fachrichtungen und versammeln sie sich regelm\u00e4ssig, um ihn im Vorgehen und der Planung seiner Aktivit\u00e4ten zu beraten sowie um zu helfen, das n\u00f6tige Kapital f\u00fcr die Herausgabe seiner Werke zu sammeln.<\/p>\n<p>\u00a0<\/p>","protected":false},"excerpt":{"rendered":"<p>SEIN LEBENSRAUM Die Auderset Sippe nimmt eine Schl\u00fcsselrolle im Leben des Autors ein, dessen soziales Umfeld eine Quelle des Austausches, der Inspiration und des Gleichgewichts ist\u2026 Eine untypische und warmherzige Familie bildet den Kern dieser Grossfamilie, welche in sprudelnder k\u00fcnstlerischer &hellip; <a href=\"https:\/\/www.auderset.com\/de\/son-biotope\/\">More&#8230;<\/a> <a href=\"https:\/\/www.auderset.com\/de\/son-biotope\/\">More&#8230;<\/a><\/p>\n","protected":false},"author":1,"featured_media":0,"parent":0,"menu_order":0,"comment_status":"closed","ping_status":"closed","template":"","meta":{"footnotes":""},"class_list":["post-9547","page","type-page","status-publish","hentry"],"_links":{"self":[{"href":"https:\/\/www.auderset.com\/de\/wp-json\/wp\/v2\/pages\/9547","targetHints":{"allow":["GET"]}}],"collection":[{"href":"https:\/\/www.auderset.com\/de\/wp-json\/wp\/v2\/pages"}],"about":[{"href":"https:\/\/www.auderset.com\/de\/wp-json\/wp\/v2\/types\/page"}],"author":[{"embeddable":true,"href":"https:\/\/www.auderset.com\/de\/wp-json\/wp\/v2\/users\/1"}],"replies":[{"embeddable":true,"href":"https:\/\/www.auderset.com\/de\/wp-json\/wp\/v2\/comments?post=9547"}],"version-history":[{"count":7,"href":"https:\/\/www.auderset.com\/de\/wp-json\/wp\/v2\/pages\/9547\/revisions"}],"predecessor-version":[{"id":19523,"href":"https:\/\/www.auderset.com\/de\/wp-json\/wp\/v2\/pages\/9547\/revisions\/19523"}],"wp:attachment":[{"href":"https:\/\/www.auderset.com\/de\/wp-json\/wp\/v2\/media?parent=9547"}],"curies":[{"name":"wp","href":"https:\/\/api.w.org\/{rel}","templated":true}]}}