{"id":20331,"date":"2023-11-29T11:03:27","date_gmt":"2023-11-29T09:03:27","guid":{"rendered":"http:\/\/www.auderset.com\/?page_id=20331"},"modified":"2024-03-29T14:10:46","modified_gmt":"2024-03-29T12:10:46","slug":"4-cours-danimation-2024","status":"publish","type":"page","link":"https:\/\/www.auderset.com\/en\/4-cours-danimation-2024\/","title":{"rendered":"4 cours d&#8217;animation 2024"},"content":{"rendered":"<p><\/p>\n<p style=\"line-height: 1.5;\"><span style=\"font-size: 20px;\"><strong><span style=\"font-family: helvetica, arial, sans-serif;\">Bonne nouvelle!<\/span><\/strong><\/span><\/p>\n<p><iframe loading=\"lazy\" title=\"YouTube video player\" src=\"https:\/\/www.youtube.com\/embed\/l2ti3WrNjgo?si=ikevsTVdRWAzuOsb\" width=\"600\" height=\"338\" frameborder=\"0\" allowfullscreen=\"allowfullscreen\"><\/iframe><\/p>\n<p style=\"line-height: 1.5;\"><span style=\"font-family: helvetica, arial, sans-serif; font-size: 20px;\">Comme vous le savez peut-\u00eatre, l\u2019atelier Auderset se lance dans le dessin anim\u00e9.<\/span><br \/>\n<span style=\"font-family: helvetica, arial, sans-serif; font-size: 20px;\">Pour cette ann\u00e9e 2024, on a mis en place <strong>4 cours d\u2019une semaine<\/strong> qui porteront sur les m\u00e9tiers de l\u2019animation. Et en plus, \u00e7a sera donn\u00e9 par deux profs d\u2019exception !<\/span><\/p>\n<p>&nbsp;<\/p>\n<p style=\"line-height: 1.5;\"><span style=\"font-family: helvetica, arial, sans-serif; font-size: 20px;\">Nous cherchons \u00e0 lever une nouvelle g\u00e9n\u00e9ration d\u2019animateurs qui ont \u00e0 c\u0153ur des valeurs spirituelles fortes et \u00e0 susciter une \u00e9mulation artistique dans un monde qui en a besoin !<\/span><\/p>\n<p>&nbsp;<\/p>\n<p style=\"line-height: 1.5;\"><span style=\"font-family: helvetica, arial, sans-serif; font-size: 20px;\">Si tu as de bonnes bases en dessin, en animation et un vif int\u00e9r\u00eat pour les arts visuels en g\u00e9n\u00e9ral, ces cours sont pour toi !<\/span><\/p>\n<p>&nbsp;<\/p>\n<p style=\"line-height: 1.5;\"><span style=\"font-size: 20px;\"><strong><span style=\"font-family: helvetica, arial, sans-serif;\">Voici les 4 cours ainsi que les dates:<\/span><\/strong><\/span><\/p>\n<p style=\"line-height: 1.5;\"><span style=\"font-family: helvetica, arial, sans-serif; font-size: 20px;\"><strong>Character Design :<\/strong> Du 26.02.2024 au 01.03.2024.<\/span><br \/>\n<span style=\"font-family: helvetica, arial, sans-serif; font-size: 20px;\"><strong>Design et narration visuelle :<\/strong> Du 08.04.2024 au 12.04.2024.<\/span><br \/>\n<span style=\"font-family: helvetica, arial, sans-serif; font-size: 20px;\"><strong>Composition d&#8217;image :<\/strong> Du 01.07.2024 au 05.07.2024.<\/span><br \/>\n<span style=\"font-family: helvetica, arial, sans-serif; font-size: 20px;\"><strong>Couleur :<\/strong> Du 07.10.2024 au 11.10.2024.<\/span><\/p>\n<p>&nbsp;<\/p>\n<p style=\"line-height: 1.5;\"><span style=\"font-size: 20px;\"><strong><span style=\"font-family: helvetica, arial, sans-serif;\">Vous retrouverez toutes les informations en d\u00e9tail dans ce PDF:<\/span><\/strong><\/span><br \/>\n<span style=\"text-decoration: underline; font-size: 20px;\"><span style=\"font-family: helvetica, arial, sans-serif;\"><a href=\"http:\/\/www.auderset.com\/wp-content\/uploads\/pdf-cours-animation-2024.pdf\">Cours d\u2019animation<\/a><\/span><\/span><\/p>\n<p style=\"line-height: 1.5;\"><span style=\"font-size: 20px;\"><strong><span style=\"font-family: helvetica, arial, sans-serif;\">Le lien vers le formulaire d\u2019inscription:<\/span><\/strong><\/span><br \/>\n<span style=\"text-decoration: underline; font-size: 20px;\"><span style=\"font-family: helvetica, arial, sans-serif;\"><a href=\"https:\/\/forms.gle\/D554qVkN71Mv9MDA6\">Formulaire d&#8217;inscription<\/a><\/span><\/span><\/p>\n<p>&nbsp;<\/p>\n<p><a href=\"http:\/\/www.auderset.com\/wp-content\/uploads\/cours-24-reseaux2-min.jpg\"><img loading=\"lazy\" decoding=\"async\" class=\"alignnone wp-image-20337\" src=\"http:\/\/www.auderset.com\/wp-content\/uploads\/cours-24-reseaux2-min-768x1024.jpg\" alt=\"\" width=\"400\" height=\"533\" srcset=\"https:\/\/www.auderset.com\/wp-content\/uploads\/cours-24-reseaux2-min-768x1024.jpg 768w, https:\/\/www.auderset.com\/wp-content\/uploads\/cours-24-reseaux2-min-225x300.jpg 225w\" sizes=\"auto, (max-width: 400px) 100vw, 400px\" \/><\/a><\/p>\n<p><a href=\"http:\/\/www.auderset.com\/wp-content\/uploads\/cours-24-reseaux3b-min.jpg\"><img loading=\"lazy\" decoding=\"async\" class=\"alignnone wp-image-20332\" src=\"http:\/\/www.auderset.com\/wp-content\/uploads\/cours-24-reseaux3b-min-225x300.jpg\" alt=\"\" width=\"400\" height=\"533\" srcset=\"https:\/\/www.auderset.com\/wp-content\/uploads\/cours-24-reseaux3b-min-225x300.jpg 225w, https:\/\/www.auderset.com\/wp-content\/uploads\/cours-24-reseaux3b-min-768x1024.jpg 768w\" sizes=\"auto, (max-width: 400px) 100vw, 400px\" \/><\/a><\/p>\n<p><a href=\"http:\/\/www.auderset.com\/wp-content\/uploads\/cours-24-reseaux4-min.jpg\"><img loading=\"lazy\" decoding=\"async\" class=\"alignnone wp-image-20333\" src=\"http:\/\/www.auderset.com\/wp-content\/uploads\/cours-24-reseaux4-min-225x300.jpg\" alt=\"\" width=\"400\" height=\"533\" srcset=\"https:\/\/www.auderset.com\/wp-content\/uploads\/cours-24-reseaux4-min-225x300.jpg 225w, https:\/\/www.auderset.com\/wp-content\/uploads\/cours-24-reseaux4-min-768x1024.jpg 768w\" sizes=\"auto, (max-width: 400px) 100vw, 400px\" \/><\/a><\/p>\n<p><a href=\"http:\/\/www.auderset.com\/wp-content\/uploads\/cours-24-reseaux5-min.jpg\"><img loading=\"lazy\" decoding=\"async\" class=\"alignnone wp-image-20334\" src=\"http:\/\/www.auderset.com\/wp-content\/uploads\/cours-24-reseaux5-min-225x300.jpg\" alt=\"\" width=\"400\" height=\"533\" srcset=\"https:\/\/www.auderset.com\/wp-content\/uploads\/cours-24-reseaux5-min-225x300.jpg 225w, https:\/\/www.auderset.com\/wp-content\/uploads\/cours-24-reseaux5-min-768x1024.jpg 768w\" sizes=\"auto, (max-width: 400px) 100vw, 400px\" \/><\/a><\/p>\n<p><span style=\"font-family: helvetica, arial, sans-serif;\">Reportage sur le 1er cour de 2024:<\/span><\/p>\n<p><iframe loading=\"lazy\" title=\"YouTube video player\" src=\"https:\/\/www.youtube.com\/embed\/W10QRsPklWE?si=QO6a0pwm8Dcj32DM\" width=\"400\" height=\"250\" frameborder=\"0\" allowfullscreen=\"allowfullscreen\" data-mce-fragment=\"1\"><\/iframe><\/p>\n<p><span style=\"font-family: helvetica, arial, sans-serif;\">Reportage sur les cours pr\u00e9c\u00e9dents en 2023 (qui portaient sur le Cut-Out):<\/span><\/p>\n<p><iframe loading=\"lazy\" title=\"YouTube video player\" src=\"https:\/\/www.youtube.com\/embed\/uV1YyW-LJKA?si=soZEFjzA3zP8YGDH\" width=\"400\" height=\"250\" frameborder=\"0\" allowfullscreen=\"allowfullscreen\" data-mce-fragment=\"1\"><\/iframe><\/p>","protected":false},"excerpt":{"rendered":"<p>Bonne nouvelle! Comme vous le savez peut-\u00eatre, l\u2019atelier Auderset se lance dans le dessin anim\u00e9. Pour cette ann\u00e9e 2024, on a mis en place 4 cours d\u2019une semaine qui porteront sur les m\u00e9tiers de l\u2019animation. Et en plus, \u00e7a sera &hellip; <a href=\"https:\/\/www.auderset.com\/en\/4-cours-danimation-2024\/\">More&#8230;<\/a> <a href=\"https:\/\/www.auderset.com\/en\/4-cours-danimation-2024\/\">More&#8230;<\/a><\/p>\n","protected":false},"author":1,"featured_media":0,"parent":0,"menu_order":0,"comment_status":"closed","ping_status":"closed","template":"","meta":{"footnotes":""},"class_list":["post-20331","page","type-page","status-publish","hentry"],"_links":{"self":[{"href":"https:\/\/www.auderset.com\/en\/wp-json\/wp\/v2\/pages\/20331","targetHints":{"allow":["GET"]}}],"collection":[{"href":"https:\/\/www.auderset.com\/en\/wp-json\/wp\/v2\/pages"}],"about":[{"href":"https:\/\/www.auderset.com\/en\/wp-json\/wp\/v2\/types\/page"}],"author":[{"embeddable":true,"href":"https:\/\/www.auderset.com\/en\/wp-json\/wp\/v2\/users\/1"}],"replies":[{"embeddable":true,"href":"https:\/\/www.auderset.com\/en\/wp-json\/wp\/v2\/comments?post=20331"}],"version-history":[{"count":1,"href":"https:\/\/www.auderset.com\/en\/wp-json\/wp\/v2\/pages\/20331\/revisions"}],"predecessor-version":[{"id":20811,"href":"https:\/\/www.auderset.com\/en\/wp-json\/wp\/v2\/pages\/20331\/revisions\/20811"}],"wp:attachment":[{"href":"https:\/\/www.auderset.com\/en\/wp-json\/wp\/v2\/media?parent=20331"}],"curies":[{"name":"wp","href":"https:\/\/api.w.org\/{rel}","templated":true}]}}