{"id":22361,"date":"2026-04-02T12:01:04","date_gmt":"2026-04-02T10:01:04","guid":{"rendered":"https:\/\/www.auderset.com\/?page_id=22361"},"modified":"2026-04-02T14:45:02","modified_gmt":"2026-04-02T12:45:02","slug":"mentions-legales","status":"publish","type":"page","link":"https:\/\/www.auderset.com\/en\/mentions-legales\/","title":{"rendered":"Mentions l\u00e9gales"},"content":{"rendered":"<h2>LIGNE \u00c9DITORIALE<\/h2>\n<p>Atelier Auderset<\/p>\n<h2 class=\"wp-block-heading has-medium-font-size\"><strong>\u00c9DITEUR DU SITE<\/strong><\/h2>\n<p>Nom : Productions Auderset S\u00e0rl<\/p>\n<p>Adresse : Rue de la Malathe 14, 2610 St-Imier<\/p>\n<p>Pays : Suisse<\/p>\n<h2 class=\"wp-block-heading has-medium-font-size\"><strong>CONTACT<\/strong><\/h2>\n<p>Mail: atelier@auderset.com<\/p>\n<h2 class=\"wp-block-heading has-medium-font-size\"><strong>RESPONSABLE DE LA PUBLICATION<\/strong><\/h2>\n<p>Alain Auderset<\/p>\n<h2 class=\"wp-block-heading has-medium-font-size\"><strong>H\u00c9BERGEMENT<\/strong><\/h2>\n<p>H\u00e9bergeur : Infomaniak Network SA<\/p>\n<p>Site web : <a href=\"https:\/\/www.infomaniak.com\/fr\">[infomaniak.com]<\/a><\/p>\n","protected":false},"excerpt":{"rendered":"<p>LIGNE \u00c9DITORIALE Atelier Auderset \u00c9DITEUR DU SITE Nom : Productions Auderset S\u00e0rl Adresse : Rue de la Malathe 14, 2610 St-Imier Pays : Suisse CONTACT Mail: atelier@auderset.com RESPONSABLE DE LA PUBLICATION Alain Auderset H\u00c9BERGEMENT H\u00e9bergeur : Infomaniak Network SA Site &hellip; <a href=\"https:\/\/www.auderset.com\/en\/mentions-legales\/\">More&#8230;<\/a> <a href=\"https:\/\/www.auderset.com\/en\/mentions-legales\/\">More&#8230;<\/a><\/p>\n","protected":false},"author":4,"featured_media":0,"parent":0,"menu_order":0,"comment_status":"closed","ping_status":"closed","template":"","meta":{"footnotes":""},"class_list":["post-22361","page","type-page","status-publish","hentry"],"_links":{"self":[{"href":"https:\/\/www.auderset.com\/en\/wp-json\/wp\/v2\/pages\/22361","targetHints":{"allow":["GET"]}}],"collection":[{"href":"https:\/\/www.auderset.com\/en\/wp-json\/wp\/v2\/pages"}],"about":[{"href":"https:\/\/www.auderset.com\/en\/wp-json\/wp\/v2\/types\/page"}],"author":[{"embeddable":true,"href":"https:\/\/www.auderset.com\/en\/wp-json\/wp\/v2\/users\/4"}],"replies":[{"embeddable":true,"href":"https:\/\/www.auderset.com\/en\/wp-json\/wp\/v2\/comments?post=22361"}],"version-history":[{"count":1,"href":"https:\/\/www.auderset.com\/en\/wp-json\/wp\/v2\/pages\/22361\/revisions"}],"predecessor-version":[{"id":22418,"href":"https:\/\/www.auderset.com\/en\/wp-json\/wp\/v2\/pages\/22361\/revisions\/22418"}],"wp:attachment":[{"href":"https:\/\/www.auderset.com\/en\/wp-json\/wp\/v2\/media?parent=22361"}],"curies":[{"name":"wp","href":"https:\/\/api.w.org\/{rel}","templated":true}]}}