{"id":10306,"date":"2015-11-12T16:42:42","date_gmt":"2015-11-12T14:42:42","guid":{"rendered":"http:\/\/www.auderset.com\/?page_id=10306"},"modified":"2016-07-25T13:46:14","modified_gmt":"2016-07-25T11:46:14","slug":"dvd","status":"publish","type":"page","link":"https:\/\/www.auderset.com\/es\/dvd\/","title":{"rendered":"DVD"},"content":{"rendered":"<p><a href=\"http:\/\/www.auderset.com\/wp-content\/uploads\/alain-one-man-show.jpg\"><img loading=\"lazy\" decoding=\"async\" class=\"alignleft size-full wp-image-10307\" src=\"http:\/\/www.auderset.com\/wp-content\/uploads\/alain-one-man-show.jpg\" alt=\"alain-one-man-show\" width=\"400\" height=\"571\" srcset=\"https:\/\/www.auderset.com\/wp-content\/uploads\/alain-one-man-show.jpg 400w, https:\/\/www.auderset.com\/wp-content\/uploads\/alain-one-man-show-210x300.jpg 210w\" sizes=\"auto, (max-width: 400px) 100vw, 400px\" \/><\/a><strong>Le DVD :<\/strong><br \/>\nCe DVD (le 2e de l\u2019auteur) consacre un spectacle qui a \u00e9t\u00e9 jou\u00e9 des dizaines de fois sur les sc\u00e8nes de francophonie (Suisse, France, Qu\u00e9bec, Belgique). Depuis sa cr\u00e9ation ce one-man-show a \u00e9t\u00e9 constamment peaufin\u00e9 et retravaill\u00e9 jusqu\u2019\u00e0 obtenir un petit bijou, digne de faire l\u2019objet d\u2019une \u00ab\u200amise en bo\u00eete\u200a\u00bb.<\/p>\n<p><strong>Le contenu :<\/strong><br \/>\nQu\u2019est-ce que cela donnerait si on allait jusqu\u2019au bout de nos \u00ab\u200acroyances\u200a\u00bb ath\u00e9es ou \u00e9vasives?<br \/>\nA. Auderset joue ses personnages \u00e0 l\u2019extr\u00eame, quitte \u00e0 d\u00e9passer les fronti\u00e8res de l\u2019absurde. Il focalise les projecteurs sur les incoh\u00e9rences de notre fa\u00e7on de voir la vie.<br \/>\nUne suite de sketches pertinents, intelligents, dr\u00f4les, aux jeux de mots subtils, pleins d\u2019\u00e9motion sinc\u00e8re qui malgr\u00e9 l\u2019humour d\u00e9jant\u00e9 de l\u2019artiste est align\u00e9e sur un fil rouge qui tient le tout bien ficel\u00e9.<br \/>\nUne performance de com\u00e9die d\u2019un auteur de BD confirm\u00e9 qui vous tiendra en haleine. A croire qu\u2019un de ses personnages s\u2019est \u00e9chapp\u00e9 d\u2019une de ses planches pour se retrouver sur celles d\u2019un th\u00e9\u00e2tre&#8230;<\/p>\n<p><strong>A propos de l\u2019auteur :<\/strong><br \/>\nAlain Auderset est un artiste qui cumule divers talents\u2009: auteur de BD (10 publi\u00e9es \u00e0 ce jour, vendues \u00e0 plus de 110\u2019000 exemplaires et r\u00e9compens\u00e9es \u00e0 de multiples reprises), il est \u00e9galement un humoriste d\u2019un genre nouveau dont les one-man-shows et les conf\u00e9rences sont tr\u00e8s appr\u00e9ci\u00e9s.<br \/>\nSes lettres de nouvelles\u200a*, son blog et ses diverses collaborations \u00e0 la radio et sur youtube sont suivis r\u00e9guli\u00e8re-ment par une audience toujours plus large. En 2013, le studio Moondog-animation a produit un dessin anim\u00e9 intitul\u00e9 \u00ab\u200aID\u200a\u00bb (pour \u00ab\u200aId\u00e9es re\u00e7ues\u200a\u00bb), inspir\u00e9 de l\u2019oeuvre d\u2019Alain Auderset et narrant les aventures de Willy Grunch, un de ses personnages embl\u00e9matiques. Ce projet ambitieux a une port\u00e9e mondiale.<br \/>\nEnfin, Alain est le guitariste du groupe rock \u00ab\u200aSaahsal\u200a\u00bb o\u00f9 chante Eliane (sa femme), groupe qui vient de sortir son premier album \u00e9ponyme..<br \/>\nMalgr\u00e9 un emploi du temps charg\u00e9 et une notori\u00e9t\u00e9 m\u00e9diatique croissante, l\u2019auteur a su rester accessible,<br \/>\nsimple et authentique.<\/p>\n<p><span style=\"color: #808080;\">*\u2009dont les meilleures ont \u00e9t\u00e9 publi\u00e9es sous la forme d\u2019un recueil intitul\u00e9 \u00ab\u200aRendez-vous dans la for\u00eat\u200a\u00bb.<\/span><\/p>\n<p>&nbsp;<\/p>\n<p>&nbsp;<\/p>\n<p>&nbsp;<\/p>\n<p>&nbsp;<\/p>\n<p>&nbsp;<\/p>\n<p>&nbsp;<\/p>\n<p>&nbsp;<\/p>\n<p>&nbsp;<\/p>\n<p>&nbsp;<\/p>\n<p>&nbsp;<\/p>\n<p>&nbsp;<\/p>\n<p>&nbsp;<\/p>\n<p>&nbsp;<\/p>\n<p>&nbsp;<\/p>\n<p>&nbsp;<\/p>","protected":false},"excerpt":{"rendered":"<p>Le DVD : Ce DVD (le 2e de l\u2019auteur) consacre un spectacle qui a \u00e9t\u00e9 jou\u00e9 des dizaines de fois sur les sc\u00e8nes de francophonie (Suisse, France, Qu\u00e9bec, Belgique). Depuis sa cr\u00e9ation ce one-man-show a \u00e9t\u00e9 constamment peaufin\u00e9 et retravaill\u00e9 &hellip; <a href=\"https:\/\/www.auderset.com\/es\/dvd\/\">More&#8230;<\/a> <a href=\"https:\/\/www.auderset.com\/es\/dvd\/\">More&#8230;<\/a><\/p>\n","protected":false},"author":1,"featured_media":0,"parent":0,"menu_order":0,"comment_status":"closed","ping_status":"closed","template":"","meta":{"footnotes":""},"class_list":["post-10306","page","type-page","status-publish","hentry"],"_links":{"self":[{"href":"https:\/\/www.auderset.com\/es\/wp-json\/wp\/v2\/pages\/10306","targetHints":{"allow":["GET"]}}],"collection":[{"href":"https:\/\/www.auderset.com\/es\/wp-json\/wp\/v2\/pages"}],"about":[{"href":"https:\/\/www.auderset.com\/es\/wp-json\/wp\/v2\/types\/page"}],"author":[{"embeddable":true,"href":"https:\/\/www.auderset.com\/es\/wp-json\/wp\/v2\/users\/1"}],"replies":[{"embeddable":true,"href":"https:\/\/www.auderset.com\/es\/wp-json\/wp\/v2\/comments?post=10306"}],"version-history":[{"count":28,"href":"https:\/\/www.auderset.com\/es\/wp-json\/wp\/v2\/pages\/10306\/revisions"}],"predecessor-version":[{"id":11389,"href":"https:\/\/www.auderset.com\/es\/wp-json\/wp\/v2\/pages\/10306\/revisions\/11389"}],"wp:attachment":[{"href":"https:\/\/www.auderset.com\/es\/wp-json\/wp\/v2\/media?parent=10306"}],"curies":[{"name":"wp","href":"https:\/\/api.w.org\/{rel}","templated":true}]}}