{"id":15141,"date":"2019-04-19T17:26:54","date_gmt":"2019-04-19T15:26:54","guid":{"rendered":"http:\/\/www.auderset.com\/?page_id=15141"},"modified":"2021-02-22T16:40:24","modified_gmt":"2021-02-22T14:40:24","slug":"azvaltya2","status":"publish","type":"page","link":"https:\/\/www.auderset.com\/es\/azvaltya2\/","title":{"rendered":"Les souvenirs d&#8217;Azvaltya Tome II"},"content":{"rendered":"<p><\/p>\n<div title=\"Page 2\"><\/div>\n<h3>\u00a0<img loading=\"lazy\" decoding=\"async\" class=\"alignnone size-full wp-image-15247\" src=\"http:\/\/www.auderset.com\/wp-content\/uploads\/overview-video-big2.jpg\" alt=\"\" width=\"600\" height=\"397\" srcset=\"https:\/\/www.auderset.com\/wp-content\/uploads\/overview-video-big2.jpg 600w, https:\/\/www.auderset.com\/wp-content\/uploads\/overview-video-big2-300x199.jpg 300w\" sizes=\"auto, (max-width: 600px) 100vw, 600px\" \/><\/h3>\n<p><strong>Il est d\u00e9sormais possible de pr\u00e9commander\u00a0la BD\u00a0Azvaltya2 \u00a0en suivant ce lien :<\/strong><br \/>\n<strong> <span style=\"text-decoration: underline;\"><a href=\"https:\/\/www.auderset.com\/shop\/product.php?id_product=96#\" rel=\"noopener nofollow\">https:\/\/www.auderset.com\/shop<\/a><\/span><\/strong><\/p>\n<p><iframe loading=\"lazy\" src=\"https:\/\/www.youtube.com\/embed\/BdAslA9vqLA\" width=\"600\" height=\"338\" frameborder=\"0\" allowfullscreen=\"allowfullscreen\"><\/iframe><\/p>\n<p><a href=\"#azrecherchefonds\"><span style=\"font-weight: 400;\">&#8211; <span style=\"text-decoration: underline;\">Info sur la recherche de fonds<\/span><\/span><\/a><\/p>\n<p><a href=\"#azcollector\"><span style=\"font-weight: 400;\">&#8211; <span style=\"text-decoration: underline;\">Un collector exceptionnel\u00a0!<\/span><\/span><\/a><\/p>\n<h2>&#8211; Pr\u00e9sentation de l&#8217;\u0153uvre<\/h2>\n<p><b><br \/>\n<iframe loading=\"lazy\" src=\"https:\/\/www.youtube.com\/embed\/rauJf0sK9ck\" width=\"600\" height=\"338\" frameborder=\"0\" allowfullscreen=\"allowfullscreen\"><\/iframe><\/b><\/p>\n<p><a href=\"https:\/\/www.auderset.com\/medias\/tv\/temoignage-des-lecteurs-dazvaltya-prisca\"><img loading=\"lazy\" decoding=\"async\" class=\"alignnone size-thumbnail wp-image-15429\" src=\"http:\/\/www.auderset.com\/wp-content\/uploads\/mignature-prisca-2-150x150.jpg\" alt=\"\" width=\"150\" height=\"150\" \/><\/a>\u00a0 \u00a0<span style=\"text-decoration: underline;\"><b><a href=\"https:\/\/www.auderset.com\/medias\/tv\/temoignage-des-lecteurs-dazvaltya-prisca\">T\u00e9moignage des lecteurs d&#8217;Azvaltya \u00a0&#8211; Prisca<\/a>\u00a0<\/b><\/span><\/p>\n<p><a href=\"https:\/\/www.auderset.com\/medias\/tv\/temoignage-des-lecteurs-dazvaltya-prisca\"><img loading=\"lazy\" decoding=\"async\" class=\"alignnone size-full wp-image-15470\" src=\"http:\/\/www.auderset.com\/wp-content\/uploads\/samuel-min.jpg\" alt=\"\" width=\"150\" height=\"150\" \/><\/a>\u00a0 \u00a0<span style=\"text-decoration: underline;\"><a href=\"https:\/\/www.auderset.com\/medias\/tv\/temoignage-des-lecteurs-dazvaltya-prisca\"><b>T\u00e9moignage des lecteurs d&#8217;Azvaltya &#8211; Samuel<\/b><\/a><b><br \/>\n<\/b><\/span><a href=\"http:\/\/www.auderset.com\/wp-content\/uploads\/Recap-live-5.jpg\"><br \/>\n<\/a><a href=\"https:\/\/www.auderset.com\/medias\/tv\/temoignage-des-lecteurs-dazvaltya-prisca\"><img loading=\"lazy\" decoding=\"async\" class=\"alignnone size-full wp-image-15502\" src=\"http:\/\/www.auderset.com\/wp-content\/uploads\/mignature-dji-sung-site.jpg\" alt=\"\" width=\"150\" height=\"150\" \/><\/a>\u00a0 <span style=\"text-decoration: underline;\"><a href=\"https:\/\/www.auderset.com\/medias\/tv\/temoignage-des-lecteurs-dazvaltya-prisca\"><b>T\u00e9moignage des lecteurs d&#8217;Azvaltya &#8211; Dji-Sung<\/b><\/a><b>\u00a0<\/b><\/span><\/p>\n<p>Le Monde d&#8217;Azvaltya<\/p>\n<p><span style=\"font-weight: 400;\">Azvaltya est un monde de r\u00eave, une sorte de parabole qui fait allusion \u00e0 notre vie int\u00e9rieure, \u00e0 nos pens\u00e9es et \u00e0 nos \u00e9motions.<br \/>\n<\/span><\/p>\n<p><span style=\"font-weight: 400;\">Sur sa route, Marcel, le personnage principal, rencontre amis, potes, amour mais aussi <\/span><span style=\"font-weight: 400;\">trahison<\/span><span style=\"font-weight: 400;\"> et impasses. Ses probl\u00e8mes sont devenus un fardeau qu\u2019il tra\u00eene p\u00e9niblement derri\u00e8re lui. Il est paum\u00e9 dans un monde fantastique peupl\u00e9 de fleurs g\u00e9antes, de montagnes, de monstres et de routes vivantes et psychologiquement instables. <\/span><\/p>\n<p><span style=\"font-weight: 400;\">Marcel se croit seul, mais c\u2019est faux, car le cr\u00e9ateur d\u2019Azvaltya en personne veille sur lui. Et les emb\u00fbches qu\u2019il permet sur son chemin sont en fait des marques d\u2019affection de sa part \u2013 m\u00eame si seul le lecteur s\u2019en rend compte. <\/span><\/p>\n<p><img loading=\"lazy\" decoding=\"async\" class=\"alignnone wp-image-15186 size-full\" src=\"http:\/\/www.auderset.com\/wp-content\/uploads\/bdsi.jpg\" alt=\"\" width=\"456\" height=\"624\" srcset=\"https:\/\/www.auderset.com\/wp-content\/uploads\/bdsi.jpg 456w, https:\/\/www.auderset.com\/wp-content\/uploads\/bdsi-219x300.jpg 219w\" sizes=\"auto, (max-width: 456px) 100vw, 456px\" \/><\/p>\n<p><b>Dans ce tome 2<\/b><span style=\"font-weight: 400;\">, le cr\u00e9ateur franchit un cap relationnel en approchant Marcel davantage. Il cherche son c\u0153ur et p\u00e9n\u00e8tre son \u00e2me pour y attiser la foi et \u00e9veiller sa soif d\u2019absolu. Il met Marcel face \u00e0 lui-m\u00eame, face \u00e0 ses incapacit\u00e9s, pour tenter de le sauver de lui-m\u00eame.<\/span><\/p>\n<p>&nbsp;<\/p>\n<p>&nbsp;<\/p>\n<p><b>Le but de l\u2019auteur ?<\/b><\/p>\n<p><img loading=\"lazy\" decoding=\"async\" class=\"alignnone size-full wp-image-15193\" src=\"http:\/\/www.auderset.com\/wp-content\/uploads\/l-auteur.jpg\" alt=\"\" width=\"600\" height=\"389\" srcset=\"https:\/\/www.auderset.com\/wp-content\/uploads\/l-auteur.jpg 600w, https:\/\/www.auderset.com\/wp-content\/uploads\/l-auteur-300x195.jpg 300w\" sizes=\"auto, (max-width: 600px) 100vw, 600px\" \/><\/p>\n<p><span style=\"font-weight: 400;\">Cette histoire nous met dans la m\u00eame situation que Marcel, face \u00e0 notre Cr\u00e9ateur. Car l&#8217;auteur est convaincu que Dieu aussi place des gens \u00e0 Lui sur notre chemin, Il se d\u00e9carcasse pour \u00e9viter que l\u2019on sombre dans notre \u00e9paisse b\u00eatise. Son but n\u2019est pas de nous critiquer car personne ne nous comprend mieux que Lui. Et m\u00eame si on ne capte que dalle, Il continue \u00e0 nous visiter en r\u00eaves, en pens\u00e9es et via les circonstances de la vie. Il cherche \u00e0 nous rencontrer et cette BD en est justement un moyen. <\/span><\/p>\n<p>&nbsp;<\/p>\n<p><span style=\"font-weight: 400;\">Mais qu&#8217;on y croit ou non, cette histoire est un voyage plein de surprise. Et si le but de l&#8217;auteur est de nous ramener \u00e0 une r\u00e9alit\u00e9 qui nous \u00e9chappe, c&#8217;est aussi un divertissement qui paradoxalement permet de nous \u00e9vader de notre r\u00e9alit\u00e9 quotidienne. Le temps d&#8217;une lecture nous aurons comme l&#8217;impression bizarre d&#8217;avoir v\u00e9cu un r\u00eave&#8230;<\/span><\/p>\n<p><img decoding=\"async\" src=\"https:\/\/c1.iggcdn.com\/indiegogo-media-prod-cld\/image\/upload\/c_limit,w_695\/v1554221224\/hwqpuhhcarucgcvlj672.jpg\" data-cke-saved-src=\"https:\/\/c1.iggcdn.com\/indiegogo-media-prod-cld\/image\/upload\/c_limit,w_695\/v1554221224\/hwqpuhhcarucgcvlj672.jpg\" \/><\/p>\n<p><b>\u0152uvre d&#8217;art<\/b><\/p>\n<p><i><span style=\"font-weight: 400;\">Lorsque les dessins originaux de l\u2019auteur \u2013 Alain Auderset, un artiste plusieurs fois prim\u00e9 \u2013 <\/span><\/i><span style=\"font-weight: 400;\">sont pr\u00e9sent\u00e9s \u00e0 des galeries d&#8217;art, les professionnels sont unanimes pour reconna\u00eetre la grande force que d\u00e9gagent ces esquisses tr\u00e8s travaill\u00e9es. C&#8217;est ainsi que l&#8217;id\u00e9e de faire sa BD Azvaltya enti\u00e8rement en esquisse a germ\u00e9 dans l&#8217;esprit de son auteur. <\/span><\/p>\n<p><span style=\"font-weight: 400;\">Pour une planche, comptez 8h d\u2019esquisse pure. <\/span><\/p>\n<p><span style=\"font-weight: 400;\">Puis l&#8217;artiste scanne son dessin et le retravaille encore 10h sur Photoshop sans passer par l&#8217;encrage. <\/span><\/p>\n<p><span style=\"font-weight: 400;\">Le r\u00e9sultat est bluffant : un dessin abouti et fignol\u00e9, qui contient toujours l\u2019\u00e9nergie de son esquisse de d\u00e9part. <\/span><\/p>\n<div><\/div>\n<div id=\"azrecherchefonds\"><\/div>\n<h2>Besoin de vous<\/h2>\n<p><b><br \/>\nSituation financi\u00e8re de l&#8217;Atelier<\/b><\/p>\n<p><span style=\"font-weight: 400;\">Malgr\u00e9 un succ\u00e8s d\u2019estime, l&#8217;auteur ne peut sortir cette BD sans une aide ext\u00e9rieur. Et m\u00eame si la question de la survie financi\u00e8re de l\u2019Atelier revient presque \u00e0 chaque fin de mois, A. Auderset reste confiant en l&#8217;avenir.<\/span><\/p>\n<p><img loading=\"lazy\" decoding=\"async\" class=\"alignnone wp-image-15209\" src=\"http:\/\/www.auderset.com\/wp-content\/uploads\/typo_video_camembert-copie.png\" alt=\"\" width=\"600\" height=\"422\" srcset=\"https:\/\/www.auderset.com\/wp-content\/uploads\/typo_video_camembert-copie.png 640w, https:\/\/www.auderset.com\/wp-content\/uploads\/typo_video_camembert-copie-300x211.png 300w\" sizes=\"auto, (max-width: 600px) 100vw, 600px\" \/><\/p>\n<p><b><br \/>\nBesoin de votre complicit\u00e9<\/b><\/p>\n<p><span style=\"font-weight: 400;\">La premi\u00e8re recherche de fonds a \u00e9t\u00e9 une exp\u00e9rience enthousiasmante\u00a0: plus que la victoire que repr\u00e9sente la somme obtenue, c&#8217;est ce sentiment de ne pas \u00eatre seul. R\u00e9aliser que toute une communaut\u00e9 de lecteurs est derri\u00e8re son \u0153uvre est un encouragement formidable. Plusieurs participants ont t\u00e9moign\u00e9 la joie qu&#8217;ils avaient de ne plus \u00eatre que spectateurs, mais participants.<\/span><\/p>\n<div id=\"azlivejeudi\"><\/div>\n<h2>Live en direct<\/h2>\n<p><span style=\"font-weight: 400;\">Suivez et participez \u00e0 l\u2019avancement du projet en direct !<\/span><\/p>\n<h2><a href=\"https:\/\/www.auderset.com\/medias\/tv\/live-azvaltya-2\"><img loading=\"lazy\" decoding=\"async\" class=\"alignnone size-full wp-image-15399\" src=\"http:\/\/www.auderset.com\/wp-content\/uploads\/Recap-live-1.jpg\" alt=\"\" width=\"150\" height=\"150\" \/><\/a> <a href=\"https:\/\/www.auderset.com\/medias\/tv\/live-azvaltya-2\"><img loading=\"lazy\" decoding=\"async\" class=\"alignnone size-full wp-image-15400\" src=\"http:\/\/www.auderset.com\/wp-content\/uploads\/Recap-live-2.jpg\" alt=\"\" width=\"150\" height=\"150\" \/><\/a> <a href=\"https:\/\/www.auderset.com\/medias\/tv\/live-azvaltya-2\"><img loading=\"lazy\" decoding=\"async\" class=\"alignnone size-full wp-image-15444\" src=\"http:\/\/www.auderset.com\/wp-content\/uploads\/Recap-live-3.jpg\" alt=\"\" width=\"150\" height=\"150\" \/>\u00a0<\/a><a href=\"https:\/\/www.auderset.com\/medias\/tv\/live-azvaltya-2\"><img loading=\"lazy\" decoding=\"async\" class=\"alignnone size-full wp-image-15493\" src=\"http:\/\/www.auderset.com\/wp-content\/uploads\/Recap-live-4.jpg\" alt=\"\" width=\"150\" height=\"150\" \/><\/a><\/h2>\n<p><a href=\"https:\/\/www.auderset.com\/medias\/tv\/live-azvaltya-2\"><img loading=\"lazy\" decoding=\"async\" class=\"alignnone size-full wp-image-15510\" src=\"http:\/\/www.auderset.com\/wp-content\/uploads\/Recap-live-5.jpg\" alt=\"\" width=\"150\" height=\"150\" \/><\/a> <a href=\"https:\/\/www.auderset.com\/medias\/tv\/live-azvaltya-2\"><img loading=\"lazy\" decoding=\"async\" class=\"alignnone size-full wp-image-15545\" src=\"http:\/\/www.auderset.com\/wp-content\/uploads\/Recap-live-6.jpg\" alt=\"\" width=\"150\" height=\"150\" \/><\/a> <a href=\"https:\/\/www.auderset.com\/medias\/tv\/live-azvaltya-2\"><img loading=\"lazy\" decoding=\"async\" class=\"alignnone size-full wp-image-15546\" src=\"http:\/\/www.auderset.com\/wp-content\/uploads\/Recap-live-7.jpg\" alt=\"\" width=\"150\" height=\"150\" \/><\/a><\/p>\n<p><strong><br \/>\nCollector<\/strong><\/p>\n<p><span style=\"font-weight: 400;\"><a href=\"http:\/\/www.auderset.com\/wp-content\/uploads\/vi-collector.jpg\"><img loading=\"lazy\" decoding=\"async\" class=\"alignnone wp-image-15195\" src=\"http:\/\/www.auderset.com\/wp-content\/uploads\/vi-collector.jpg\" alt=\"\" width=\"400\" height=\"400\" srcset=\"https:\/\/www.auderset.com\/wp-content\/uploads\/vi-collector.jpg 600w, https:\/\/www.auderset.com\/wp-content\/uploads\/vi-collector-150x150.jpg 150w, https:\/\/www.auderset.com\/wp-content\/uploads\/vi-collector-300x300.jpg 300w\" sizes=\"auto, (max-width: 400px) 100vw, 400px\" \/><\/a><br \/>\n3 Pour un don de <\/span><b>180 \u20ac <\/b><span style=\"font-weight: 400;\">:<br \/>\n<\/span><span style=\"font-weight: 400;\">La BD d\u2019Azvaltya en version Collector<br \/>\n<\/span><span style=\"text-decoration: underline;\"><a href=\"#azcollector\"><span style=\"font-weight: 400;\">(voir les d\u00e9tails) <\/span><\/a><\/span><\/p>\n<div id=\"azcollector\"><\/div>\n<h2>Le Collector 2019<\/h2>\n<p><a href=\"http:\/\/www.auderset.com\/wp-content\/uploads\/collector-cadre.jpg\"><img loading=\"lazy\" decoding=\"async\" class=\"alignnone wp-image-15203\" src=\"http:\/\/www.auderset.com\/wp-content\/uploads\/collector-cadre.jpg\" alt=\"\" width=\"400\" height=\"400\" srcset=\"https:\/\/www.auderset.com\/wp-content\/uploads\/collector-cadre.jpg 600w, https:\/\/www.auderset.com\/wp-content\/uploads\/collector-cadre-150x150.jpg 150w, https:\/\/www.auderset.com\/wp-content\/uploads\/collector-cadre-300x300.jpg 300w\" sizes=\"auto, (max-width: 400px) 100vw, 400px\" \/><\/a><\/p>\n<p><span style=\"font-weight: 400;\">Cette ann\u00e9e, c\u2019est vraiment du jamais vu ! <\/span><\/p>\n<p><b>Le livre est au format A3<\/b><span style=\"font-weight: 400;\">, (le double d\u2019un livre normal).<br \/>\n<\/span><span style=\"font-weight: 400;\">Ceux qui aiment se perdre dans les d\u00e9tails de paysages hors du commun vont se r\u00e9galer. <\/span><\/p>\n<p><b>Deux livres en un<br \/>\n<\/b><span style=\"font-weight: 400;\">C\u2019est le premier collector d\u2019Azvaltya et il est compos\u00e9 des deux premiers tomes de la saga. <\/span><\/p>\n<p><b>L\u2019id\u00e9e ing\u00e9nieuse du cadre<br \/>\n<\/b><span style=\"font-weight: 400;\">Il est livr\u00e9 avec un cadre en bois sp\u00e9cial dans lequel on peut ins\u00e9rer le livre afin de l\u2019accrocher au mur tel un tableau. L\u2019avantage, en plus d\u2019avoir une belle d\u00e9co pour son int\u00e9rieur, est de ne pas avoir \u00e0 trouver une place pour le ranger. Le cadre a \u00e9t\u00e9 pens\u00e9 avec un syst\u00e8me facile permettant de retirer ou remettre le livre en place \u00e0 tout moment.<\/span><\/p>\n<p><span style=\"font-weight: 400;\"><br \/>\n&#8211; plus de 120 pages (<\/span><b>2 livres en 1 !<\/b><span style=\"font-weight: 400;\">) <\/span><\/p>\n<p><span style=\"font-weight: 400;\">&#8211; art book int\u00e9gr\u00e9 <\/span><\/p>\n<p><span style=\"font-weight: 400;\">&#8211; Format <\/span><b>A3 <\/b><\/p>\n<p><span style=\"font-weight: 400;\">&#8211; Papier \u00e9pais (140gr) <\/span><\/p>\n<p><span style=\"font-weight: 400;\">&#8211; couverture et tranche gaufr\u00e9es <\/span><\/p>\n<p><span style=\"font-weight: 400;\">&#8211; <\/span><span style=\"font-weight: 400;\">marque page en fil (tissu rouge) <\/span><\/p>\n<p><span style=\"font-weight: 400;\">&#8211; tirage num\u00e9rot\u00e9 et sign\u00e9 attestant son caract\u00e8re exclusif. <\/span><\/p>\n<p><span style=\"font-weight: 400;\">&#8211; tirage limit\u00e9 selon le nombre de pr\u00e9commandes <\/span><\/p>\n<p><span style=\"font-weight: 400;\">(mais ne devrait \u00e0 priori pas exc\u00e9der 150 exemplaires.) <\/span><\/p>\n<div id=\"azaffiche\"><\/div>\n<p><\/p>","protected":false},"excerpt":{"rendered":"<p>\u00a0 Il est d\u00e9sormais possible de pr\u00e9commander\u00a0la BD\u00a0Azvaltya2 \u00a0en suivant ce lien : https:\/\/www.auderset.com\/shop &#8211; Info sur la recherche de fonds &#8211; Un collector exceptionnel\u00a0! &#8211; Pr\u00e9sentation de l&#8217;\u0153uvre \u00a0 \u00a0T\u00e9moignage des lecteurs d&#8217;Azvaltya \u00a0&#8211; Prisca\u00a0 \u00a0 \u00a0T\u00e9moignage des lecteurs &hellip; <a href=\"https:\/\/www.auderset.com\/es\/azvaltya2\/\">More&#8230;<\/a> <a href=\"https:\/\/www.auderset.com\/es\/azvaltya2\/\">More&#8230;<\/a><\/p>\n","protected":false},"author":1,"featured_media":0,"parent":0,"menu_order":0,"comment_status":"closed","ping_status":"closed","template":"","meta":{"footnotes":""},"class_list":["post-15141","page","type-page","status-publish","hentry"],"_links":{"self":[{"href":"https:\/\/www.auderset.com\/es\/wp-json\/wp\/v2\/pages\/15141","targetHints":{"allow":["GET"]}}],"collection":[{"href":"https:\/\/www.auderset.com\/es\/wp-json\/wp\/v2\/pages"}],"about":[{"href":"https:\/\/www.auderset.com\/es\/wp-json\/wp\/v2\/types\/page"}],"author":[{"embeddable":true,"href":"https:\/\/www.auderset.com\/es\/wp-json\/wp\/v2\/users\/1"}],"replies":[{"embeddable":true,"href":"https:\/\/www.auderset.com\/es\/wp-json\/wp\/v2\/comments?post=15141"}],"version-history":[{"count":7,"href":"https:\/\/www.auderset.com\/es\/wp-json\/wp\/v2\/pages\/15141\/revisions"}],"predecessor-version":[{"id":17722,"href":"https:\/\/www.auderset.com\/es\/wp-json\/wp\/v2\/pages\/15141\/revisions\/17722"}],"wp:attachment":[{"href":"https:\/\/www.auderset.com\/es\/wp-json\/wp\/v2\/media?parent=15141"}],"curies":[{"name":"wp","href":"https:\/\/api.w.org\/{rel}","templated":true}]}}