{"id":20504,"date":"2024-01-29T15:31:26","date_gmt":"2024-01-29T13:31:26","guid":{"rendered":"http:\/\/www.auderset.com\/?page_id=20504"},"modified":"2024-12-14T09:54:36","modified_gmt":"2024-12-14T07:54:36","slug":"idees-recues-le-dessin-anime","status":"publish","type":"page","link":"https:\/\/www.auderset.com\/es\/idees-recues-le-dessin-anime\/","title":{"rendered":"(FR) Id\u00e9es re\u00e7ues, le dessin anim\u00e9"},"content":{"rendered":"<p class=\"qtranxs-available-languages-message qtranxs-available-languages-message-es\">Disculpa, pero esta entrada est\u00e1 disponible s\u00f3lo en <a href=\"https:\/\/www.auderset.com\/fr\/wp-json\/wp\/v2\/pages\/20504\" class=\"qtranxs-available-language-link qtranxs-available-language-link-fr\" title=\"FR\">FR<\/a>, <a href=\"https:\/\/www.auderset.com\/de\/wp-json\/wp\/v2\/pages\/20504\" class=\"qtranxs-available-language-link qtranxs-available-language-link-de\" title=\"DE\">DE<\/a> y <a href=\"https:\/\/www.auderset.com\/en\/wp-json\/wp\/v2\/pages\/20504\" class=\"qtranxs-available-language-link qtranxs-available-language-link-en\" title=\"EN\">EN<\/a>.<\/p>","protected":false},"excerpt":{"rendered":"<p>Disculpa, pero esta entrada est\u00e1 disponible s\u00f3lo en FR, DE y EN. <a href=\"https:\/\/www.auderset.com\/es\/idees-recues-le-dessin-anime\/\">More&#8230;<\/a><\/p>\n","protected":false},"author":1,"featured_media":0,"parent":0,"menu_order":0,"comment_status":"closed","ping_status":"closed","template":"","meta":{"footnotes":""},"class_list":["post-20504","page","type-page","status-publish","hentry"],"_links":{"self":[{"href":"https:\/\/www.auderset.com\/es\/wp-json\/wp\/v2\/pages\/20504","targetHints":{"allow":["GET"]}}],"collection":[{"href":"https:\/\/www.auderset.com\/es\/wp-json\/wp\/v2\/pages"}],"about":[{"href":"https:\/\/www.auderset.com\/es\/wp-json\/wp\/v2\/types\/page"}],"author":[{"embeddable":true,"href":"https:\/\/www.auderset.com\/es\/wp-json\/wp\/v2\/users\/1"}],"replies":[{"embeddable":true,"href":"https:\/\/www.auderset.com\/es\/wp-json\/wp\/v2\/comments?post=20504"}],"version-history":[{"count":0,"href":"https:\/\/www.auderset.com\/es\/wp-json\/wp\/v2\/pages\/20504\/revisions"}],"wp:attachment":[{"href":"https:\/\/www.auderset.com\/es\/wp-json\/wp\/v2\/media?parent=20504"}],"curies":[{"name":"wp","href":"https:\/\/api.w.org\/{rel}","templated":true}]}}