{"id":22367,"date":"2026-04-02T12:05:15","date_gmt":"2026-04-02T10:05:15","guid":{"rendered":"https:\/\/www.auderset.com\/?page_id=22367"},"modified":"2026-04-02T14:46:07","modified_gmt":"2026-04-02T12:46:07","slug":"politique-de-confidentialite","status":"publish","type":"page","link":"https:\/\/www.auderset.com\/es\/politique-de-confidentialite\/","title":{"rendered":"Politique de confidentialit\u00e9"},"content":{"rendered":"<p>Nous attachons une grande importance \u00e0 la protection de vos donn\u00e9es personnelles.<\/p>\n<p>&nbsp;<\/p>\n<h3><strong>DONN\u00c9ES COLLECT\u00c9ES<\/strong><\/h3>\n<p>Nous pouvons collecter les donn\u00e9es suivantes :<\/p>\n<ul>\n<li>nom et pr\u00e9nom<\/li>\n<li>adresse email<\/li>\n<li>adresse postale (en cas de commande)<\/li>\n<li>donn\u00e9es techniques (adresse IP, cookies)<\/li>\n<\/ul>\n<p>&nbsp;<\/p>\n<h3><strong>UTILISATION DES DONN\u00c9ES<\/strong><\/h3>\n<p>Les donn\u00e9es sont utilis\u00e9es uniquement pour :<\/p>\n<ul>\n<li>r\u00e9pondre aux demandes via le formulaire de contact<\/li>\n<li>g\u00e9rer les commandes et livraisons<\/li>\n<li>communiquer des informations li\u00e9es \u00e0 nos projets<\/li>\n<li><\/li>\n<\/ul>\n<p>&nbsp;<\/p>\n<h3><strong>CONSERVATION DES DONN\u00c9ES<\/strong><\/h3>\n<p>Les donn\u00e9es sont conserv\u00e9es uniquement le temps n\u00e9cessaire aux finalit\u00e9s d\u00e9crites ci-dessus.<\/p>\n<p>&nbsp;<\/p>\n<h3><strong>VOS DROITS<\/strong><\/h3>\n<p>Conform\u00e9ment \u00e0 la l\u00e9gislation en vigueur, vous pouvez demander l\u2019acc\u00e8s, la rectification ou la suppression de vos donn\u00e9es en nous contactant \u00e0 :<br \/>\n<img decoding=\"async\" class=\"emoji\" role=\"img\" draggable=\"false\" src=\"https:\/\/s.w.org\/images\/core\/emoji\/17.0.2\/svg\/1f4e9.svg\" alt=\"\ud83d\udce9\" \/> [atelier@auderset.com]<\/p>\n","protected":false},"excerpt":{"rendered":"<p>Nous attachons une grande importance \u00e0 la protection de vos donn\u00e9es personnelles. &nbsp; DONN\u00c9ES COLLECT\u00c9ES Nous pouvons collecter les donn\u00e9es suivantes : nom et pr\u00e9nom adresse email adresse postale (en cas de commande) donn\u00e9es techniques (adresse IP, cookies) &nbsp; UTILISATION &hellip; <a href=\"https:\/\/www.auderset.com\/es\/politique-de-confidentialite\/\">More&#8230;<\/a> <a href=\"https:\/\/www.auderset.com\/es\/politique-de-confidentialite\/\">More&#8230;<\/a><\/p>\n","protected":false},"author":4,"featured_media":0,"parent":0,"menu_order":0,"comment_status":"closed","ping_status":"closed","template":"","meta":{"footnotes":""},"class_list":["post-22367","page","type-page","status-publish","hentry"],"_links":{"self":[{"href":"https:\/\/www.auderset.com\/es\/wp-json\/wp\/v2\/pages\/22367","targetHints":{"allow":["GET"]}}],"collection":[{"href":"https:\/\/www.auderset.com\/es\/wp-json\/wp\/v2\/pages"}],"about":[{"href":"https:\/\/www.auderset.com\/es\/wp-json\/wp\/v2\/types\/page"}],"author":[{"embeddable":true,"href":"https:\/\/www.auderset.com\/es\/wp-json\/wp\/v2\/users\/4"}],"replies":[{"embeddable":true,"href":"https:\/\/www.auderset.com\/es\/wp-json\/wp\/v2\/comments?post=22367"}],"version-history":[{"count":1,"href":"https:\/\/www.auderset.com\/es\/wp-json\/wp\/v2\/pages\/22367\/revisions"}],"predecessor-version":[{"id":22419,"href":"https:\/\/www.auderset.com\/es\/wp-json\/wp\/v2\/pages\/22367\/revisions\/22419"}],"wp:attachment":[{"href":"https:\/\/www.auderset.com\/es\/wp-json\/wp\/v2\/media?parent=22367"}],"curies":[{"name":"wp","href":"https:\/\/api.w.org\/{rel}","templated":true}]}}