{"id":5374,"date":"2013-12-02T16:00:58","date_gmt":"2013-12-02T14:00:58","guid":{"rendered":"http:\/\/www.auderset.com\/\/?page_id=5374"},"modified":"2023-11-16T19:32:46","modified_gmt":"2023-11-16T17:32:46","slug":"rendez-vous-dans-la-foret","status":"publish","type":"page","link":"https:\/\/www.auderset.com\/es\/comics\/rendez-vous-dans-la-foret\/","title":{"rendered":"CITA EN EL BOSQUE"},"content":{"rendered":"<p><a href=\"http:\/\/www.auderset.com\/\/wp-content\/uploads\/RDV-for\u00eat-couv-72pt.jpg\"><img loading=\"lazy\" decoding=\"async\" class=\"alignleft size-full wp-image-8209\" src=\"http:\/\/www.auderset.com\/\/wp-content\/uploads\/RDV-for\u00eat-couv-72pt.jpg\" alt=\"RDV for\u00eat couv 72pt\" width=\"300\" height=\"431\" srcset=\"https:\/\/www.auderset.com\/wp-content\/uploads\/RDV-for\u00eat-couv-72pt.jpg 300w, https:\/\/www.auderset.com\/wp-content\/uploads\/RDV-for\u00eat-couv-72pt-208x300.jpg 208w\" sizes=\"auto, (max-width: 300px) 100vw, 300px\" \/><\/a><\/p>\n<p>Esta obra agrupa mis mejores historias sacadas hasta hoy, acompa\u00f1adas de muchas fotos y de ilustraciones, la mayor\u00eda in\u00e9ditas. El todo se presenta en una forma atirante de diario de viaje.<\/p>\n<p>Ver aqu\u00ed dos historias del libro:<\/p>\n<p>Con pap\u00e1 en la tierra<br \/>\nEl sendero entre los sue\u00f1os<\/p>\n<p><b>Energ\u00eda pura<br \/>\n<\/b>Cuando vuelvo de la guerra o de las profundidades del bosque, \u00a1nunca lo hago con las manos vac\u00edas!\u00a0 Tengo el coraz\u00f3n y la cabeza llena de an\u00e9cdotas \u00e9picas vividas con la complicidad de Dios\u2026 Es energ\u00eda positiva en estado puro, del est\u00edmulo a montones que ayuda a vivir \u00a1\u00a1y qu\u00e9 es tan grande que me es imposible guardarlo solo para m\u00ed!!<\/p>\n<p><b>Para ustedes, por ustedes<br \/>\n<\/b>Me siento en deuda con cada uno de ustedes que me acompa\u00f1a en sus oraciones (algunos desde el principio)\u2026Sin este apoyo no habr\u00eda tenido la fuerza para atravesar tantos territorios hostiles, todav\u00eda no conquistados por el Evangelio. Hoy en d\u00eda muchos me dicen que esperan con ansias mi pr\u00f3xima historia (\u00a1algunos como una serie de televisi\u00f3n!) porque los reimpulsan seriamente en sus propias vidas (lo cual no siempre es f\u00e1cil).<br \/>\nEl famoso: \u00abdeber\u00edas escribir un libro\u00bb vuelve a menudo\u2026<br \/>\nListo \u00a1Est\u00e1 hecho!<\/p>\n<p><b>En el men\u00fa<\/b>:<br \/>\nUna doble dosis de ternura y poes\u00eda servida en un c\u00f3ctel con peque\u00f1as an\u00e9cdotas aut\u00e9nticas bien apretadas. De la fe en la vida, en Dios y la esperanza suficiente para desenterrar a un hombre muerto (de risa). Solo buenas vitaminas para consumir regularmente, pero preferiblemente en peque\u00f1as dosis, con el fin de permitir que su alma tome el tiempo para digerir bien&#8230;<\/p>\n<p>En fin, divi\u00e9rtete&#8230; y\u00a0\u00a1buen provecho!<\/p>\n<p>&nbsp;<\/p>\n<p>Este libro est\u00e1 siendo traducido y, por supuesto, est\u00e1 buscando un editor&#8230;<\/p>\n<p>&nbsp;<\/p>\n<p><a href=\"http:\/\/www.auderset.com\/\/wp-content\/uploads\/RDV-for\u00eat-int2-72.jpg\"><img loading=\"lazy\" decoding=\"async\" class=\"size-thumbnail wp-image-4998 alignnone\" src=\"http:\/\/www.auderset.com\/\/wp-content\/uploads\/RDV-for\u00eat-int2-72-150x150.jpg\" alt=\"RDV for\u00eat int2 72\" width=\"150\" height=\"150\" \/><\/a> \u00a0 <a href=\"http:\/\/www.auderset.com\/\/wp-content\/uploads\/RDV-for\u00eat-int1-72.jpg\"><img loading=\"lazy\" decoding=\"async\" class=\"size-thumbnail wp-image-4997 alignnone\" src=\"http:\/\/www.auderset.com\/\/wp-content\/uploads\/RDV-for\u00eat-int1-72-150x150.jpg\" alt=\"RDV for\u00eat int1 72\" width=\"150\" height=\"150\" \/><\/a><\/p>\n<p>&nbsp;<\/p>\n<p>&nbsp;<\/p>","protected":false},"excerpt":{"rendered":"<p>Esta obra agrupa mis mejores historias sacadas hasta hoy, acompa\u00f1adas de muchas fotos y de ilustraciones, la mayor\u00eda in\u00e9ditas. El todo se presenta en una forma atirante de diario de viaje. Ver aqu\u00ed dos historias del libro: Con pap\u00e1 en &hellip; <a href=\"https:\/\/www.auderset.com\/es\/comics\/rendez-vous-dans-la-foret\/\">More&#8230;<\/a> <a href=\"https:\/\/www.auderset.com\/es\/comics\/rendez-vous-dans-la-foret\/\">More&#8230;<\/a><\/p>\n","protected":false},"author":1,"featured_media":0,"parent":24,"menu_order":0,"comment_status":"closed","ping_status":"closed","template":"","meta":{"footnotes":""},"class_list":["post-5374","page","type-page","status-publish","hentry"],"_links":{"self":[{"href":"https:\/\/www.auderset.com\/es\/wp-json\/wp\/v2\/pages\/5374","targetHints":{"allow":["GET"]}}],"collection":[{"href":"https:\/\/www.auderset.com\/es\/wp-json\/wp\/v2\/pages"}],"about":[{"href":"https:\/\/www.auderset.com\/es\/wp-json\/wp\/v2\/types\/page"}],"author":[{"embeddable":true,"href":"https:\/\/www.auderset.com\/es\/wp-json\/wp\/v2\/users\/1"}],"replies":[{"embeddable":true,"href":"https:\/\/www.auderset.com\/es\/wp-json\/wp\/v2\/comments?post=5374"}],"version-history":[{"count":79,"href":"https:\/\/www.auderset.com\/es\/wp-json\/wp\/v2\/pages\/5374\/revisions"}],"predecessor-version":[{"id":20295,"href":"https:\/\/www.auderset.com\/es\/wp-json\/wp\/v2\/pages\/5374\/revisions\/20295"}],"up":[{"embeddable":true,"href":"https:\/\/www.auderset.com\/es\/wp-json\/wp\/v2\/pages\/24"}],"wp:attachment":[{"href":"https:\/\/www.auderset.com\/es\/wp-json\/wp\/v2\/media?parent=5374"}],"curies":[{"name":"wp","href":"https:\/\/api.w.org\/{rel}","templated":true}]}}