{"id":562,"date":"2011-06-22T16:30:27","date_gmt":"2011-06-22T14:30:27","guid":{"rendered":"http:\/\/www.auderset.com\/\/?page_id=562"},"modified":"2025-04-01T11:28:03","modified_gmt":"2025-04-01T09:28:03","slug":"presentation","status":"publish","type":"page","link":"https:\/\/www.auderset.com\/es\/about\/presentation\/","title":{"rendered":"El Autor"},"content":{"rendered":"<p><a href=\"http:\/\/www.auderset.com\/wp-content\/uploads\/autoportrait-vide-e1440766620315.jpg\"><img loading=\"lazy\" decoding=\"async\" class=\"alignleft wp-image-9703 size-full\" src=\"http:\/\/www.auderset.com\/wp-content\/uploads\/autoportrait-vide-e1440766620315.jpg\" alt=\"\" width=\"400\" height=\"569\" srcset=\"https:\/\/www.auderset.com\/wp-content\/uploads\/autoportrait-vide-e1440766620315.jpg 400w, https:\/\/www.auderset.com\/wp-content\/uploads\/autoportrait-vide-e1440766620315-211x300.jpg 211w\" sizes=\"auto, (max-width: 400px) 100vw, 400px\" \/><\/a><\/p>\n<p class=\"western\"><span lang=\"es-ES\">Cuando era ni\u00f1o, Alain sol\u00eda participar a las colectas tradicionales de papeles viejos destinados al reciclaje. Era una oportunidad, para el chaval travieso que era, de recoger para su cuenta propia algunas revistas er\u00f3ticas abandonadas por su propietario o viejos c\u00f3mics de los que se delectaba. Cuando \u00e9l encontraba un enorme mont\u00f3n de ellos en el fondo de un s\u00f3tano, aprovechaba la oportunidad y escond\u00eda tanto como pod\u00eda debajo de su jersey antes de ir corriendo a su casa para deleitarse de tal hallazgo\u2026<\/span><\/p>\n<p class=\"western\"><span lang=\"es-ES\">\u00a1La lectura de esos c\u00f3mics fue para \u00e9l una revelaci\u00f3n que iba a trastornar su vida! Las historias verdaderas que conten\u00edan aquellos libros le hablaban de todas esas personas que hac\u00edan buenas acciones y cuya fe cristiana constitu\u00eda el punto en com\u00fan\u2026 Fue un momento clave que le llev\u00f3 a encontrar, a su vez, al que iba a ser el motor de su vida, \u00a1Jesucristo!<\/span><\/p>\n<p class=\"western\"><span lang=\"es-ES\">Despu\u00e9s de su formaci\u00f3n de dise\u00f1ador y a\u00f1os dif\u00edciles, llega a sacar su primer c\u00f3mic por cuenta propia en 2001, y pronto llegan otros cuatro que atestiguan de su talento y su sensibilidad particular.<\/span><\/p>\n<p class=\"western\"><span lang=\"es-ES\">Alain Auderset est\u00e1 casado y es padre de cuatro hijos, vive y trabaja en Saint-Imier en Suiza.<\/p>\n<p><\/span><\/p>\n<p class=\"western\"><a href=\"http:\/\/www.auderset.com\/\/wp-content\/uploads\/lilou.jpg\"><span style=\"font-family: Arial; font-size: medium;\"><span class=\"Apple-style-span\" style=\"font-size: 14px;\"><img loading=\"lazy\" decoding=\"async\" style=\"margin: 5px; border: 5px solid black;\" title=\"lilou\" src=\"http:\/\/www.auderset.com\/\/wp-content\/uploads\/lilou-150x150.jpg\" alt=\"\" width=\"150\" height=\"150\" \/><\/span><\/span><\/a><span lang=\"es-ES\"><i>Lilou, mujer de Alain, artista cantante-m\u00fasico (escuela de jazz de Zurich). <\/i><\/span><\/p>\n<p><\/p>","protected":false},"excerpt":{"rendered":"<p>Cuando era ni\u00f1o, Alain sol\u00eda participar a las colectas tradicionales de papeles viejos destinados al reciclaje. Era una oportunidad, para el chaval travieso que era, de recoger para su cuenta propia algunas revistas er\u00f3ticas abandonadas por su propietario o viejos &hellip; <a href=\"https:\/\/www.auderset.com\/es\/about\/presentation\/\">More&#8230;<\/a> <a href=\"https:\/\/www.auderset.com\/es\/about\/presentation\/\">More&#8230;<\/a><\/p>\n","protected":false},"author":1,"featured_media":0,"parent":2,"menu_order":0,"comment_status":"closed","ping_status":"closed","template":"","meta":{"footnotes":""},"class_list":["post-562","page","type-page","status-publish","hentry"],"_links":{"self":[{"href":"https:\/\/www.auderset.com\/es\/wp-json\/wp\/v2\/pages\/562","targetHints":{"allow":["GET"]}}],"collection":[{"href":"https:\/\/www.auderset.com\/es\/wp-json\/wp\/v2\/pages"}],"about":[{"href":"https:\/\/www.auderset.com\/es\/wp-json\/wp\/v2\/types\/page"}],"author":[{"embeddable":true,"href":"https:\/\/www.auderset.com\/es\/wp-json\/wp\/v2\/users\/1"}],"replies":[{"embeddable":true,"href":"https:\/\/www.auderset.com\/es\/wp-json\/wp\/v2\/comments?post=562"}],"version-history":[{"count":46,"href":"https:\/\/www.auderset.com\/es\/wp-json\/wp\/v2\/pages\/562\/revisions"}],"predecessor-version":[{"id":21653,"href":"https:\/\/www.auderset.com\/es\/wp-json\/wp\/v2\/pages\/562\/revisions\/21653"}],"up":[{"embeddable":true,"href":"https:\/\/www.auderset.com\/es\/wp-json\/wp\/v2\/pages\/2"}],"wp:attachment":[{"href":"https:\/\/www.auderset.com\/es\/wp-json\/wp\/v2\/media?parent=562"}],"curies":[{"name":"wp","href":"https:\/\/api.w.org\/{rel}","templated":true}]}}