{"id":8692,"date":"2014-12-09T16:23:49","date_gmt":"2014-12-09T14:23:49","guid":{"rendered":"http:\/\/www.auderset.com\/\/?page_id=8692"},"modified":"2025-11-26T12:09:08","modified_gmt":"2025-11-26T10:09:08","slug":"conte-legende-de-mi","status":"publish","type":"page","link":"https:\/\/www.auderset.com\/es\/show\/conte-legende-de-mi\/","title":{"rendered":"La leyenda de Mi"},"content":{"rendered":"<p><iframe loading=\"lazy\" title=\"YouTube video player\" src=\"https:\/\/www.youtube.com\/embed\/S83NNbro0yc?si=Mkq61cgjO44uaLrt\" width=\"600\" height=\"338\" frameborder=\"0\" allowfullscreen=\"allowfullscreen\"><\/iframe><\/p>\n<p><span style=\"font-family: helvetica, arial, sans-serif; font-size: 20px;\">Mineloida, el hazmerre\u00edr de su barrio, volver\u00e1 al fant\u00e1stico reino que ve desde su destartalada vivienda.<\/span><br \/>\n<span style=\"font-family: helvetica, arial, sans-serif; font-size: 20px;\">\u00bfSe encontrar\u00e1 con el legendario Rey al que todo el mundo teme sin conocerle?<\/span><br \/>\n<span style=\"font-family: helvetica, arial, sans-serif; font-size: 20px;\">Nada va seg\u00fan lo previsto para el h\u00e9roe de esta apasionante historia.<\/span><\/p>\n<p><span style=\"font-family: helvetica, arial, sans-serif; font-size: 20px;\">Mineloida nos llevar\u00e1 a nuestro\u00a0pesar a una aventura llena de giros, donde lo bueno y lo malo no son lo que creemos\u2026<\/span><br \/>\n<span style=\"font-family: helvetica, arial, sans-serif; font-size: 20px;\">E incluso cuando nos arrastre al fondo de situaciones injustas, aquellas en las que el sufrimiento no se puede explicar, os dar\u00e1 algunas respuestas inteligentes a vuestras propias preguntas sobre este tema, una esperanza concreta.<\/span><\/p>\n<p><span style=\"font-family: helvetica, arial, sans-serif; font-size: 20px;\">Un cuento narrado por Alain Auderset, acompa\u00f1ado de su guitarra e ilustrado por Priscilla De Prins acompa\u00f1ada de su tableta gr\u00e1fica. Esto podr\u00eda iluminar con una nueva luz las historias m\u00e1s oscuras de tu propia vida&#8230; <\/span><\/p>\n<p><span style=\"font-family: helvetica, arial, sans-serif; font-size: 20px;\">Duraci\u00f3n: 1h30 min<\/span><\/p>\n<p><span style=\"font-family: helvetica, arial, sans-serif; font-size: 20px;\">P\u00fablico: de\u00a010\u00a0a\u00a0100\u00a0a\u00f1os<\/span><\/p>\n<address><a href=\"http:\/\/www.auderset.com\/wp-content\/uploads\/mi-r.jpg\"><img loading=\"lazy\" decoding=\"async\" class=\"alignnone wp-image-19530\" src=\"http:\/\/www.auderset.com\/wp-content\/uploads\/mi-r-300x200.jpg\" alt=\"\" width=\"400\" height=\"267\" srcset=\"https:\/\/www.auderset.com\/wp-content\/uploads\/mi-r-300x200.jpg 300w, https:\/\/www.auderset.com\/wp-content\/uploads\/mi-r-768x512.jpg 768w, https:\/\/www.auderset.com\/wp-content\/uploads\/mi-r-1024x682.jpg 1024w, https:\/\/www.auderset.com\/wp-content\/uploads\/mi-r.jpg 2000w\" sizes=\"auto, (max-width: 400px) 100vw, 400px\" \/><\/a><\/address>\n<address><a href=\"http:\/\/www.auderset.com\/wp-content\/uploads\/4-foret3-1024x860.jpg\"><img loading=\"lazy\" decoding=\"async\" class=\"alignnone wp-image-16136\" src=\"http:\/\/www.auderset.com\/wp-content\/uploads\/4-foret3-1024x860-300x252.jpg\" alt=\"\" width=\"250\" height=\"210\" srcset=\"https:\/\/www.auderset.com\/wp-content\/uploads\/4-foret3-1024x860-300x252.jpg 300w, https:\/\/www.auderset.com\/wp-content\/uploads\/4-foret3-1024x860-768x645.jpg 768w, https:\/\/www.auderset.com\/wp-content\/uploads\/4-foret3-1024x860.jpg 1024w\" sizes=\"auto, (max-width: 250px) 100vw, 250px\" \/><\/a><img loading=\"lazy\" decoding=\"async\" class=\"alignnone wp-image-16134 size-full\" src=\"http:\/\/www.auderset.com\/wp-content\/uploads\/P3150877.jpeg\" alt=\"\" width=\"320\" height=\"240\" srcset=\"https:\/\/www.auderset.com\/wp-content\/uploads\/P3150877.jpeg 320w, https:\/\/www.auderset.com\/wp-content\/uploads\/P3150877-300x225.jpeg 300w\" sizes=\"auto, (max-width: 320px) 100vw, 320px\" \/>\u00a0 \u00a0<a href=\"http:\/\/www.auderset.com\/wp-content\/uploads\/IMG-20180320-WA0005-1024x768.jpg\"><img loading=\"lazy\" decoding=\"async\" class=\"alignnone wp-image-16133\" src=\"http:\/\/www.auderset.com\/wp-content\/uploads\/IMG-20180320-WA0005-1024x768-300x225.jpg\" alt=\"\" width=\"250\" height=\"188\" srcset=\"https:\/\/www.auderset.com\/wp-content\/uploads\/IMG-20180320-WA0005-1024x768-300x225.jpg 300w, https:\/\/www.auderset.com\/wp-content\/uploads\/IMG-20180320-WA0005-1024x768-768x576.jpg 768w, https:\/\/www.auderset.com\/wp-content\/uploads\/IMG-20180320-WA0005-1024x768.jpg 1024w\" sizes=\"auto, (max-width: 250px) 100vw, 250px\" \/><\/a> <a href=\"http:\/\/www.auderset.com\/wp-content\/uploads\/6-ile5-1024x860.jpg\"><img loading=\"lazy\" decoding=\"async\" class=\"alignnone wp-image-16132\" src=\"http:\/\/www.auderset.com\/wp-content\/uploads\/6-ile5-1024x860-300x252.jpg\" alt=\"\" width=\"250\" height=\"210\" srcset=\"https:\/\/www.auderset.com\/wp-content\/uploads\/6-ile5-1024x860-300x252.jpg 300w, https:\/\/www.auderset.com\/wp-content\/uploads\/6-ile5-1024x860-768x645.jpg 768w, https:\/\/www.auderset.com\/wp-content\/uploads\/6-ile5-1024x860.jpg 1024w\" sizes=\"auto, (max-width: 250px) 100vw, 250px\" \/><\/a><\/address>\n<p><\/p>","protected":false},"excerpt":{"rendered":"<p>Mineloida, el hazmerre\u00edr de su barrio, volver\u00e1 al fant\u00e1stico reino que ve desde su destartalada vivienda. \u00bfSe encontrar\u00e1 con el legendario Rey al que todo el mundo teme sin conocerle? Nada va seg\u00fan lo previsto para el h\u00e9roe de esta &hellip; <a href=\"https:\/\/www.auderset.com\/es\/show\/conte-legende-de-mi\/\">More&#8230;<\/a> <a href=\"https:\/\/www.auderset.com\/es\/show\/conte-legende-de-mi\/\">More&#8230;<\/a><\/p>\n","protected":false},"author":1,"featured_media":0,"parent":270,"menu_order":5,"comment_status":"closed","ping_status":"closed","template":"","meta":{"footnotes":""},"class_list":["post-8692","page","type-page","status-publish","hentry"],"_links":{"self":[{"href":"https:\/\/www.auderset.com\/es\/wp-json\/wp\/v2\/pages\/8692","targetHints":{"allow":["GET"]}}],"collection":[{"href":"https:\/\/www.auderset.com\/es\/wp-json\/wp\/v2\/pages"}],"about":[{"href":"https:\/\/www.auderset.com\/es\/wp-json\/wp\/v2\/types\/page"}],"author":[{"embeddable":true,"href":"https:\/\/www.auderset.com\/es\/wp-json\/wp\/v2\/users\/1"}],"replies":[{"embeddable":true,"href":"https:\/\/www.auderset.com\/es\/wp-json\/wp\/v2\/comments?post=8692"}],"version-history":[{"count":12,"href":"https:\/\/www.auderset.com\/es\/wp-json\/wp\/v2\/pages\/8692\/revisions"}],"predecessor-version":[{"id":22160,"href":"https:\/\/www.auderset.com\/es\/wp-json\/wp\/v2\/pages\/8692\/revisions\/22160"}],"up":[{"embeddable":true,"href":"https:\/\/www.auderset.com\/es\/wp-json\/wp\/v2\/pages\/270"}],"wp:attachment":[{"href":"https:\/\/www.auderset.com\/es\/wp-json\/wp\/v2\/media?parent=8692"}],"curies":[{"name":"wp","href":"https:\/\/api.w.org\/{rel}","templated":true}]}}