{"id":88,"date":"2010-12-21T16:09:37","date_gmt":"2010-12-21T14:09:37","guid":{"rendered":"http:\/\/www.auderset.com\/\/"},"modified":"2021-02-22T15:58:30","modified_gmt":"2021-02-22T13:58:30","slug":"willy-grunch","status":"publish","type":"page","link":"https:\/\/www.auderset.com\/es\/comics\/willy-grunch\/","title":{"rendered":"Willy 1"},"content":{"rendered":"<p><b>Willy 1<br \/>\n<\/b><\/p>\n<p>&nbsp;<\/p>\n<p><span style=\"color: #000000;\"><span style=\"font-size: small;\"><strong><span style=\"font-family: Arial;\"><a href=\"http:\/\/www.auderset.com\/\/wp-content\/uploads\/2010\/12\/Grunch.jpg\"><img loading=\"lazy\" decoding=\"async\" title=\"Grunch\" src=\"http:\/\/www.auderset.com\/\/wp-content\/uploads\/2010\/12\/Grunch-150x150.jpg\" alt=\"\" width=\"150\" height=\"150\" \/><\/a><\/span><\/strong><\/span><\/span><\/p>\n<p><img loading=\"lazy\" decoding=\"async\" class=\"alignleft wp-image-12165\" src=\"http:\/\/www.auderset.com\/wp-content\/uploads\/ville-color-E-1000-213x300.jpg\" alt=\"ville color E 1000\" width=\"180\" height=\"253\" srcset=\"https:\/\/www.auderset.com\/wp-content\/uploads\/ville-color-E-1000-213x300.jpg 213w, https:\/\/www.auderset.com\/wp-content\/uploads\/ville-color-E-1000-768x1081.jpg 768w, https:\/\/www.auderset.com\/wp-content\/uploads\/ville-color-E-1000-727x1024.jpg 727w, https:\/\/www.auderset.com\/wp-content\/uploads\/ville-color-E-1000.jpg 1000w\" sizes=\"auto, (max-width: 180px) 100vw, 180px\" \/> <img loading=\"lazy\" decoding=\"async\" class=\"alignleft wp-image-12166\" src=\"http:\/\/www.auderset.com\/wp-content\/uploads\/bad-religion-color-E-1000-213x300.jpg\" alt=\"bad religion color E 1000\" width=\"180\" height=\"254\" srcset=\"https:\/\/www.auderset.com\/wp-content\/uploads\/bad-religion-color-E-1000-213x300.jpg 213w, https:\/\/www.auderset.com\/wp-content\/uploads\/bad-religion-color-E-1000-768x1082.jpg 768w, https:\/\/www.auderset.com\/wp-content\/uploads\/bad-religion-color-E-1000-727x1024.jpg 727w, https:\/\/www.auderset.com\/wp-content\/uploads\/bad-religion-color-E-1000.jpg 1000w\" sizes=\"auto, (max-width: 180px) 100vw, 180px\" \/> <img loading=\"lazy\" decoding=\"async\" class=\"alignleft wp-image-12164\" src=\"http:\/\/www.auderset.com\/wp-content\/uploads\/juge-color-E-1000-207x300.jpg\" alt=\"juge color E 1000\" width=\"180\" height=\"261\" srcset=\"https:\/\/www.auderset.com\/wp-content\/uploads\/juge-color-E-1000-207x300.jpg 207w, https:\/\/www.auderset.com\/wp-content\/uploads\/juge-color-E-1000-768x1112.jpg 768w, https:\/\/www.auderset.com\/wp-content\/uploads\/juge-color-E-1000-707x1024.jpg 707w, https:\/\/www.auderset.com\/wp-content\/uploads\/juge-color-E-1000.jpg 1000w\" sizes=\"auto, (max-width: 180px) 100vw, 180px\" \/><\/p>\n<p>&nbsp;<\/p>\n<p><b>Las incorregibles cuestiones de Willy Grunch<\/b><br \/>\nEn este c\u00f3mic en plan muy \u00ab\u00a0adolescente\u00a0\u00bb, los paisajes son privilegiados. En cada ocasi\u00f3n, chistes de una p\u00e1gina, pero siempre con un eje principal. Con su guitarra por \u00fanica maleta, Willy es a la vez fil\u00f3sofo, poeta e inmaduro a veces. Adem\u00e1s, lo comprende todo al rev\u00e9s, \u00a1y pone de relieve nuestras propias torpezas!<\/p>\n<p>Willy Grunch viene de Par\u00eds. Llega al Jura bern\u00e9s. Al principio, dig\u00e1moslo francamente, se aburre. \u00a0Luego se enamora de Jasmine. La pornograf\u00eda, las relaciones entre chicos y chicas, el racismo, las cuestiones existenciales, las depresiones y las maneras de sacarse de nuestros encerramientos son temas que aparecen en este \u00e1lbum en el que el humor es omnipresente.<\/p>\n<p><b>P\u00fablico destinatario<\/b>: adolescentes, adultos j\u00f3venes, aficionados al humor.<\/p>\n<p>Willy Grunch nos lleva a su universo de adolescente con cuestiones ligeras centradas en la tem\u00e1tica chico\/chica. La madurez crece y desemboca en cuestiones m\u00e1s existenciales, pero siempre divertidas.<br \/>\n21.5 x 30 cm \u2013 64 p\u00e1ginas<\/p>\n<p><span style=\"color: #333399;\">Precio: CHF19.- \/\u00a0\u20ac\u00a012.50 \/\u00a0Disponible inmediatamente<\/span><\/p>\n<p>&nbsp;<\/p>","protected":false},"excerpt":{"rendered":"<p>Willy 1 &nbsp; &nbsp; Las incorregibles cuestiones de Willy Grunch En este c\u00f3mic en plan muy \u00ab\u00a0adolescente\u00a0\u00bb, los paisajes son privilegiados. En cada ocasi\u00f3n, chistes de una p\u00e1gina, pero siempre con un eje principal. Con su guitarra por \u00fanica maleta, &hellip; <a href=\"https:\/\/www.auderset.com\/es\/comics\/willy-grunch\/\">More&#8230;<\/a> <a href=\"https:\/\/www.auderset.com\/es\/comics\/willy-grunch\/\">More&#8230;<\/a><\/p>\n","protected":false},"author":1,"featured_media":0,"parent":24,"menu_order":0,"comment_status":"closed","ping_status":"closed","template":"","meta":{"footnotes":""},"class_list":["post-88","page","type-page","status-publish","hentry"],"_links":{"self":[{"href":"https:\/\/www.auderset.com\/es\/wp-json\/wp\/v2\/pages\/88","targetHints":{"allow":["GET"]}}],"collection":[{"href":"https:\/\/www.auderset.com\/es\/wp-json\/wp\/v2\/pages"}],"about":[{"href":"https:\/\/www.auderset.com\/es\/wp-json\/wp\/v2\/types\/page"}],"author":[{"embeddable":true,"href":"https:\/\/www.auderset.com\/es\/wp-json\/wp\/v2\/users\/1"}],"replies":[{"embeddable":true,"href":"https:\/\/www.auderset.com\/es\/wp-json\/wp\/v2\/comments?post=88"}],"version-history":[{"count":8,"href":"https:\/\/www.auderset.com\/es\/wp-json\/wp\/v2\/pages\/88\/revisions"}],"predecessor-version":[{"id":17714,"href":"https:\/\/www.auderset.com\/es\/wp-json\/wp\/v2\/pages\/88\/revisions\/17714"}],"up":[{"embeddable":true,"href":"https:\/\/www.auderset.com\/es\/wp-json\/wp\/v2\/pages\/24"}],"wp:attachment":[{"href":"https:\/\/www.auderset.com\/es\/wp-json\/wp\/v2\/media?parent=88"}],"curies":[{"name":"wp","href":"https:\/\/api.w.org\/{rel}","templated":true}]}}