{"id":92,"date":"2010-12-15T16:10:32","date_gmt":"2010-12-15T14:10:32","guid":{"rendered":"http:\/\/www.auderset.com\/\/"},"modified":"2024-08-06T22:35:31","modified_gmt":"2024-08-06T20:35:31","slug":"idees-recues-1","status":"publish","type":"page","link":"https:\/\/www.auderset.com\/es\/comics\/idees-recues-1\/","title":{"rendered":"Ay ! Dios mio ! 1"},"content":{"rendered":"<p><\/p>\n<p class=\"western\"><a href=\"http:\/\/www.auderset.com\/wp-content\/uploads\/IR-E-cov-ok1.jpg\"><img loading=\"lazy\" decoding=\"async\" class=\"alignleft size-medium wp-image-9735\" src=\"http:\/\/www.auderset.com\/wp-content\/uploads\/IR-E-cov-ok1-213x300.jpg\" alt=\"IR E cov ok\" width=\"213\" height=\"300\" srcset=\"https:\/\/www.auderset.com\/wp-content\/uploads\/IR-E-cov-ok1-213x300.jpg 213w, https:\/\/www.auderset.com\/wp-content\/uploads\/IR-E-cov-ok1.jpg 300w\" sizes=\"auto, (max-width: 213px) 100vw, 213px\" \/><\/a><\/p>\n<p><a href=\"http:\/\/www.auderset.com\/wp-content\/uploads\/Foot-noir-E.png\"><img loading=\"lazy\" decoding=\"async\" class=\"alignleft wp-image-11586 size-thumbnail\" style=\"border: 5px solid black; margin: 5px;\" src=\"http:\/\/www.auderset.com\/wp-content\/uploads\/Foot-noir-E-150x150.png\" alt=\"\" width=\"150\" height=\"150\" \/><\/a><a href=\"http:\/\/www.auderset.com\/wp-content\/uploads\/Flaque-E.png\"><img loading=\"lazy\" decoding=\"async\" class=\"alignleft wp-image-11584 size-thumbnail\" style=\"border: 5px solid black;\" src=\"http:\/\/www.auderset.com\/wp-content\/uploads\/Flaque-E-150x150.png\" alt=\"\" width=\"150\" height=\"150\" \/><\/a><a href=\"http:\/\/www.auderset.com\/wp-content\/uploads\/Avion-guerre-E.png\"><img loading=\"lazy\" decoding=\"async\" class=\"alignleft wp-image-11583 size-thumbnail\" style=\"border: 5px solid black;\" src=\"http:\/\/www.auderset.com\/wp-content\/uploads\/Avion-guerre-E-150x150.png\" alt=\"\" width=\"150\" height=\"150\" \/><\/a><a href=\"http:\/\/www.auderset.com\/wp-content\/uploads\/Fleur-E.png\"><img loading=\"lazy\" decoding=\"async\" class=\"alignleft wp-image-11585 size-thumbnail\" style=\"border: 5px solid black;\" src=\"http:\/\/www.auderset.com\/wp-content\/uploads\/Fleur-E-150x150.png\" alt=\"\" width=\"150\" height=\"150\" \/><\/a><a href=\"http:\/\/www.auderset.com\/wp-content\/uploads\/Flaque-E.png\"><br \/>\n<\/a><\/p>\n<p class=\"western\"><span style=\"font-size: 16px;\"><span lang=\"es-ES\">Este es el primer libro del autor. No te lo pierdas. Reunir humor negro, cuestiones existenciales y fe de esta manera no se hab\u00eda visto nunca antes. Tres meses despu\u00e9s de salir en Suiza, ya era una superventa de la autoedici\u00f3n. M\u00e1s de 60.000 ejemplares vendidos en ocho idiomas (hasta en mandar\u00edn). Obtuvo una <\/span><span lang=\"es-ES\"><b>menci\u00f3n especial<\/b><\/span><i><b> :<\/b><\/i><span lang=\"es-ES\"> el <\/span><span lang=\"es-ES\"><b>Premio internacional del c\u00f3mic<\/b><\/span><span lang=\"es-ES\"> franc\u00f3fono cristiano de Angoul\u00e8me. <\/span><\/span><\/p>\n<p class=\"western\"><span lang=\"es-ES\" style=\"font-size: 16px;\">Un humor negro, con un grafismo y colores del mismo tono para hablar de todas esos prejuicios que tenemos sobre Dios, la muerte, la religi\u00f3n, los hombres. Es novedoso, conmovido, divertido y sincero. Una sinceridad que se desprende y desestabiliza las certidumbres del lector, ateo o no. <\/span><\/p>\n<p class=\"western\"><span lang=\"es-ES\" style=\"font-size: 16px;\">P\u00fablico : adolescentes, adultos j\u00f3venes, humor negro, religioso pero no convencional.<\/span><\/p>\n<p>&nbsp;<\/p>\n<ul>\n<li style=\"list-style-type: none;\">\n<ul>\n<li><span lang=\"es-ES\" style=\"font-size: 16px;\"><strong>Cubierta flexible\u00a0<\/strong>: 17 x 24.5 cm \u2013 64 p\u00e1ginas.<\/span><\/li>\n<\/ul>\n<\/li>\n<\/ul>\n<p class=\"western\"><span lang=\"es-ES\" style=\"font-size: 16px;\"><a href=\"https:\/\/shop.auderset.com\/produit\/ay-dios-mio-petit-format-espagnol\/\" target=\"_blank\" rel=\"noopener\"><span style=\"text-decoration: underline;\">Precio : CHF 10\/ 8\u20ac \/ disponible.<\/span> <\/a><\/span><\/p>\n<p class=\"western\"><span lang=\"es-ES\" style=\"font-size: 16px;\">\u00a1Ojo! : descuento por volumen. <\/span><\/p>\n<p class=\"western\"><span style=\"font-size: 16px;\"><span lang=\"es-ES\"><u><a href=\"https:\/\/shop.auderset.com\/produit\/ay-dios-mio-petit-format-espagnol\/\" target=\"_blank\" rel=\"noopener\">Comprar ahora<\/a><\/u><\/span><\/span><\/p>\n<p class=\"western\"><span lang=\"es-ES\" style=\"font-size: 16px;\">Este libro se encuentra tambi\u00e9n en <a href=\"http:\/\/www.auderset.com\/shop\/product.php?id_product=21\" target=\"_blank\" rel=\"noopener\">Alem\u00e1n<\/a>, <a href=\"http:\/\/www.auderset.com\/shop\/product.php?id_product=22\" target=\"_blank\" rel=\"noopener\">Ingl\u00e9s<\/a>, <a href=\"http:\/\/www.auderset.com\/shop\/product.php?id_product=13#\" target=\"_blank\" rel=\"noopener\">Franc\u00e9s<\/a>, <a href=\"http:\/\/www.auderset.com\/shop\/product.php?id_product=33\" target=\"_blank\" rel=\"noopener\">Italiano<\/a>, <a href=\"http:\/\/www.auderset.com\/shop\/product.php?id_product=30\" target=\"_blank\" rel=\"noopener\">Dan\u00e9s<\/a>, <a href=\"http:\/\/www.auderset.com\/shop\/product.php?id_product=31\" target=\"_blank\" rel=\"noopener\">Chino<\/a>, Mongol.<br \/>\n<\/span><\/p>\n<p><\/p>","protected":false},"excerpt":{"rendered":"<p>Este es el primer libro del autor. No te lo pierdas. Reunir humor negro, cuestiones existenciales y fe de esta manera no se hab\u00eda visto nunca antes. Tres meses despu\u00e9s de salir en Suiza, ya era una superventa de la &hellip; <a href=\"https:\/\/www.auderset.com\/es\/comics\/idees-recues-1\/\">More&#8230;<\/a> <a href=\"https:\/\/www.auderset.com\/es\/comics\/idees-recues-1\/\">More&#8230;<\/a><\/p>\n","protected":false},"author":1,"featured_media":0,"parent":24,"menu_order":0,"comment_status":"closed","ping_status":"closed","template":"","meta":{"footnotes":""},"class_list":["post-92","page","type-page","status-publish","hentry"],"_links":{"self":[{"href":"https:\/\/www.auderset.com\/es\/wp-json\/wp\/v2\/pages\/92","targetHints":{"allow":["GET"]}}],"collection":[{"href":"https:\/\/www.auderset.com\/es\/wp-json\/wp\/v2\/pages"}],"about":[{"href":"https:\/\/www.auderset.com\/es\/wp-json\/wp\/v2\/types\/page"}],"author":[{"embeddable":true,"href":"https:\/\/www.auderset.com\/es\/wp-json\/wp\/v2\/users\/1"}],"replies":[{"embeddable":true,"href":"https:\/\/www.auderset.com\/es\/wp-json\/wp\/v2\/comments?post=92"}],"version-history":[{"count":24,"href":"https:\/\/www.auderset.com\/es\/wp-json\/wp\/v2\/pages\/92\/revisions"}],"predecessor-version":[{"id":21042,"href":"https:\/\/www.auderset.com\/es\/wp-json\/wp\/v2\/pages\/92\/revisions\/21042"}],"up":[{"embeddable":true,"href":"https:\/\/www.auderset.com\/es\/wp-json\/wp\/v2\/pages\/24"}],"wp:attachment":[{"href":"https:\/\/www.auderset.com\/es\/wp-json\/wp\/v2\/media?parent=92"}],"curies":[{"name":"wp","href":"https:\/\/api.w.org\/{rel}","templated":true}]}}