{"id":9271,"date":"2015-06-01T10:26:11","date_gmt":"2015-06-01T08:26:11","guid":{"rendered":"http:\/\/www.auderset.com\/?page_id=9271"},"modified":"2021-02-22T15:51:59","modified_gmt":"2021-02-22T13:51:59","slug":"willy-grunch-2","status":"publish","type":"page","link":"https:\/\/www.auderset.com\/es\/comics\/willy-grunch-2\/","title":{"rendered":"Willy 2"},"content":{"rendered":"<p><a href=\"http:\/\/www.auderset.com\/wp-content\/uploads\/willy-grunch-bd.jpg\"><img loading=\"lazy\" decoding=\"async\" class=\"alignleft size-full wp-image-9313\" src=\"http:\/\/www.auderset.com\/wp-content\/uploads\/willy-grunch-bd.jpg\" alt=\"willy grunch bd\" width=\"402\" height=\"584\" \/><\/a><\/p>\n<p>Willy 2<\/p>\n<p>Este c\u00f3mic est\u00e1 basado en una historia fant\u00e1stica, la del encuentro entre Dios y Willy\u2026 Se trata de una evocaci\u00f3n sorprendente, tanto por la fuerza del grafismo como por el poder del mensaje. Como ya lo hab\u00eda introducido en su \u00faltimo c\u00f3mic -Marcel 3- Alain Auderset utiliza aqu\u00ed una nueva t\u00e9cnica de dibujo, la cual mezcla esbozo y tinta china. Este proceso espectacular nos ayuda a entrar literalmente en la mente de los personajes para leer sus pensamientos \u00edntimos y as\u00ed familiarizarnos mejor con su sicolog\u00eda.<\/p>\n<p>&nbsp;<\/p>\n<p><a href=\"http:\/\/www.auderset.com\/wp-content\/uploads\/amour-decide-ok.jpg\"><img loading=\"lazy\" decoding=\"async\" class=\"alignleft wp-image-9292\" src=\"http:\/\/www.auderset.com\/wp-content\/uploads\/amour-decide-ok.jpg\" alt=\"amour d\u00e9cid\u00e9 ok\" width=\"380\" height=\"225\" srcset=\"https:\/\/www.auderset.com\/wp-content\/uploads\/amour-decide-ok.jpg 700w, https:\/\/www.auderset.com\/wp-content\/uploads\/amour-decide-ok-300x178.jpg 300w\" sizes=\"auto, (max-width: 380px) 100vw, 380px\" \/><\/a><\/p>\n<p>&nbsp;<\/p>\n<p>Willy Grunch tomo 1 es el c\u00f3mic m\u00e1s premiado de los del Taller Auderset, con el Gran Premio de C\u00f3mic Cristiano Internacional del Festival de Angoul\u00eame y tres Premios del P\u00fablico del Festival de Albuquerque (EE-UU). Forma parte de los c\u00f3mics que mejor se venden despu\u00e9s de la colecci\u00f3n Id\u00e9es re\u00e7ues (<i>T\u00f3picos). <\/i>Apostamos que el tomo 2 tome el mismo rumbo.<\/p>\n<p>&nbsp;<\/p>\n<p>(pronto m\u00e1s informaciones)<\/p>\n<p>Le collector Willy Grunch 2 :\u00a0<a href=\"http:\/\/www.auderset.com\/fr\/comics\/collector\">www.auderset.com\/collector<\/a><\/p>\n<p>&nbsp;<\/p>\n<p>&nbsp;<\/p>","protected":false},"excerpt":{"rendered":"<p>Willy 2 Este c\u00f3mic est\u00e1 basado en una historia fant\u00e1stica, la del encuentro entre Dios y Willy\u2026 Se trata de una evocaci\u00f3n sorprendente, tanto por la fuerza del grafismo como por el poder del mensaje. Como ya lo hab\u00eda introducido &hellip; <a href=\"https:\/\/www.auderset.com\/es\/comics\/willy-grunch-2\/\">More&#8230;<\/a> <a href=\"https:\/\/www.auderset.com\/es\/comics\/willy-grunch-2\/\">More&#8230;<\/a><\/p>\n","protected":false},"author":1,"featured_media":0,"parent":24,"menu_order":0,"comment_status":"closed","ping_status":"closed","template":"","meta":{"footnotes":""},"class_list":["post-9271","page","type-page","status-publish","hentry"],"_links":{"self":[{"href":"https:\/\/www.auderset.com\/es\/wp-json\/wp\/v2\/pages\/9271","targetHints":{"allow":["GET"]}}],"collection":[{"href":"https:\/\/www.auderset.com\/es\/wp-json\/wp\/v2\/pages"}],"about":[{"href":"https:\/\/www.auderset.com\/es\/wp-json\/wp\/v2\/types\/page"}],"author":[{"embeddable":true,"href":"https:\/\/www.auderset.com\/es\/wp-json\/wp\/v2\/users\/1"}],"replies":[{"embeddable":true,"href":"https:\/\/www.auderset.com\/es\/wp-json\/wp\/v2\/comments?post=9271"}],"version-history":[{"count":4,"href":"https:\/\/www.auderset.com\/es\/wp-json\/wp\/v2\/pages\/9271\/revisions"}],"predecessor-version":[{"id":17711,"href":"https:\/\/www.auderset.com\/es\/wp-json\/wp\/v2\/pages\/9271\/revisions\/17711"}],"up":[{"embeddable":true,"href":"https:\/\/www.auderset.com\/es\/wp-json\/wp\/v2\/pages\/24"}],"wp:attachment":[{"href":"https:\/\/www.auderset.com\/es\/wp-json\/wp\/v2\/media?parent=9271"}],"curies":[{"name":"wp","href":"https:\/\/api.w.org\/{rel}","templated":true}]}}