{"id":9547,"date":"2015-08-10T16:25:04","date_gmt":"2015-08-10T14:25:04","guid":{"rendered":"http:\/\/www.auderset.com\/?page_id=9547"},"modified":"2023-01-27T16:32:20","modified_gmt":"2023-01-27T14:32:20","slug":"son-biotope","status":"publish","type":"page","link":"https:\/\/www.auderset.com\/es\/son-biotope\/","title":{"rendered":"(FR) Son biotope"},"content":{"rendered":"<p>&nbsp;<\/p>\n<p align=\"LEFT\"><span style=\"color: #000000;\"><span style=\"font-family: Arial,serif;\"><span style=\"font-size: small;\"><span lang=\"es-ES\"><b>SU BIOTOPO<\/b><\/span><\/span><\/span><\/span><\/p>\n<p align=\"LEFT\"><span style=\"color: #000000;\"><span style=\"font-family: Arial,serif;\"><span style=\"font-size: small;\"><span lang=\"es-ES\">La pandilla AUDERSET desempe\u00f1a un papel clave en la vida del autor cuyo entorno social es fuente de intercambios, inspiraci\u00f3n y equilibrio\u2026<\/span><\/span><\/span><\/span><\/p>\n<p align=\"LEFT\"><span style=\"color: #000000;\"><span style=\"font-family: Arial,serif;\"><span style=\"font-size: small;\"><span lang=\"es-ES\">Una familia at\u00edpica y calurosa constituye el n\u00facleo central de esa tribu que ba\u00f1a en la efervescencia art\u00edstica (que reina alrededor de Alain) y la nutre a su vez. La espiritualidad desempe\u00f1a tambi\u00e9n un papel importante en la obra de Alain que se compromete activamente en la vida de la comunidad cristiana del Roc (<\/span><\/span><\/span><\/span><span style=\"color: #000000;\"><span style=\"font-family: Arial,serif;\"><span style=\"font-size: small;\"><span lang=\"es-ES\"><i>La Roca <\/i><\/span><\/span><\/span><\/span><span style=\"color: #000000;\"><span style=\"font-family: Arial,serif;\"><span style=\"font-size: small;\"><span lang=\"es-ES\">en espa\u00f1ol) a la cual pertenece desde hace muchos a\u00f1os.<\/span><\/span><\/span><\/span><\/p>\n<p>&nbsp;<\/p>\n<p><a href=\"http:\/\/www.auderset.com\/\/wp-content\/uploads\/Benjamin_Auderset-bl.jpg\"><span style=\"font-family: Arial; font-size: medium;\"><span class=\"Apple-style-span\" style=\"font-size: 14px;\"><img loading=\"lazy\" decoding=\"async\" style=\"margin: 5px; border: 5px solid black;\" title=\"Benjamin_Auderset bl\" src=\"http:\/\/www.auderset.com\/\/wp-content\/uploads\/Benjamin_Auderset-bl-150x150.jpg\" alt=\"\" width=\"122\" height=\"122\" \/><\/span><\/span><\/a><a href=\"http:\/\/www.auderset.com\/\/wp-content\/uploads\/sep_Auderset_et_son_papa-e1308944192101.jpg\"><span style=\"font-family: Arial; font-size: medium;\"><span class=\"Apple-style-span\" style=\"font-size: 14px;\"><img loading=\"lazy\" decoding=\"async\" style=\"margin: 5px; border: 5px solid black;\" title=\"Seph_Auderset_et_son_papa\" src=\"http:\/\/www.auderset.com\/\/wp-content\/uploads\/sep_Auderset_et_son_papa-e1308944192101.jpg\" alt=\"\" width=\"112\" height=\"188\" \/><\/span><\/span><\/a><a href=\"http:\/\/www.auderset.com\/\/wp-content\/uploads\/silas.jpg\"><span style=\"font-family: Arial; font-size: medium;\"><span class=\"Apple-style-span\" style=\"font-size: 14px;\"><img loading=\"lazy\" decoding=\"async\" style=\"margin: 5px; border: 5px solid black;\" title=\"silas\" src=\"http:\/\/www.auderset.com\/\/wp-content\/uploads\/silas.jpg\" alt=\"\" width=\"112\" height=\"125\" \/><\/span><\/span><\/a><a href=\"http:\/\/www.auderset.com\/\/wp-content\/uploads\/Oceane_Auderset.jpg\"><span style=\"font-family: Arial; font-size: medium;\"><span class=\"Apple-style-span\" style=\"font-size: 14px;\"><img loading=\"lazy\" decoding=\"async\" style=\"margin: 5px; border: 5px solid black;\" title=\"Oceane_Auderset\" src=\"http:\/\/www.auderset.com\/\/wp-content\/uploads\/Oceane_Auderset.jpg\" alt=\"\" width=\"162\" height=\"122\" \/><\/span><\/span><\/a><\/p>\n<p align=\"LEFT\"><span style=\"color: #000000;\"><span style=\"font-family: Arial,serif;\"><span style=\"font-size: small;\"><span lang=\"es-ES\">Los hijos\u00a0: <\/span><\/span><\/span><\/span><\/p>\n<p align=\"LEFT\"><span style=\"color: #000000;\"><span style=\"font-family: Arial,serif;\"><span style=\"font-size: small;\"><span lang=\"es-ES\">Benjamin\u00a0: \u00ab\u00a0Cuando sea mayor, ser\u00e9 como pap\u00e1\u00a0\u00bb &#8211; S\u00e9phora y su padre <\/span><\/span><\/span><\/span><span style=\"color: #666699;\"><span style=\"font-family: Arial,serif;\"><span style=\"font-size: small;\"><span lang=\"es-ES\"><i>(Photo: S.Amman)<\/i><\/span><\/span><\/span><\/span><span style=\"color: #000000;\"><span style=\"font-family: Arial,serif;\"><span style=\"font-size: small;\"><span lang=\"es-ES\"><i>\u00a0\u2013 Silas, cantante y baterista de Rhumpage\u00a0<\/i><\/span><\/span><\/span><\/span><span style=\"color: #666699;\"><span style=\"font-family: Arial,serif;\"><span style=\"font-size: small;\"><span lang=\"es-ES\"><i>(abajo)<\/i><\/span><\/span><\/span><\/span><span style=\"color: #000000;\"><span style=\"font-family: Arial,serif;\"><span style=\"font-size: small;\"><span lang=\"es-ES\"><i>\u00a0\u2013 Oc\u00e9ane-Aim\u00e9e, nacida para actriz \u2026<\/i><\/span><\/span><\/span><\/span><\/p>\n<p><a href=\"http:\/\/www.auderset.com\/\/wp-content\/uploads\/Rhumpage.jpg\"><span style=\"font-family: Arial; font-size: medium;\"><span class=\"Apple-style-span\" style=\"font-size: 14px;\"><img loading=\"lazy\" decoding=\"async\" style=\"margin: 5px; border: 5px solid black;\" title=\"Rhumpage\" src=\"http:\/\/www.auderset.com\/\/wp-content\/uploads\/Rhumpage.jpg\" alt=\"\" width=\"300\" height=\"200\" \/><\/span><\/span><\/a><\/p>\n<p>&nbsp;<\/p>\n<p align=\"LEFT\"><span style=\"color: #000000;\"><span style=\"font-family: Arial,serif;\"><span style=\"font-size: small;\"><span lang=\"es-ES\">Ser empresario es un verdadero oficio\u2026<\/span><\/span><\/span><\/span><\/p>\n<p align=\"LEFT\"><span style=\"color: #000000;\">\u2026 <span style=\"font-family: Arial,serif;\"><span style=\"font-size: small;\"><span lang=\"es-ES\">por esa raz\u00f3n Alain supo rodearse de <\/span><\/span><\/span><\/span><span style=\"color: #000000;\"><span style=\"font-family: Arial,serif;\"><span style=\"font-size: small;\"><span lang=\"es-ES\"><u>colaboradores<\/u><\/span><\/span><\/span><\/span><span style=\"color: #000000;\"><span style=\"font-family: Arial,serif;\"><span style=\"font-size: small;\"><span lang=\"es-ES\"> amigos. Venidos de diversos horizontes, ellos se re\u00fanen regularmente para aconsejarle en el seguimiento y la planificaci\u00f3n de las operaciones, as\u00ed como para ayudarle a reunir los fondos necesarios a la edici\u00f3n de sus obras. <\/span><\/span><\/span><\/span><\/p>\n<p>&nbsp;<\/p>","protected":false},"excerpt":{"rendered":"<p>&nbsp; SU BIOTOPO La pandilla AUDERSET desempe\u00f1a un papel clave en la vida del autor cuyo entorno social es fuente de intercambios, inspiraci\u00f3n y equilibrio\u2026 Una familia at\u00edpica y calurosa constituye el n\u00facleo central de esa tribu que ba\u00f1a en &hellip; <a href=\"https:\/\/www.auderset.com\/es\/son-biotope\/\">More&#8230;<\/a> <a href=\"https:\/\/www.auderset.com\/es\/son-biotope\/\">More&#8230;<\/a><\/p>\n","protected":false},"author":1,"featured_media":0,"parent":0,"menu_order":0,"comment_status":"closed","ping_status":"closed","template":"","meta":{"footnotes":""},"class_list":["post-9547","page","type-page","status-publish","hentry"],"_links":{"self":[{"href":"https:\/\/www.auderset.com\/es\/wp-json\/wp\/v2\/pages\/9547","targetHints":{"allow":["GET"]}}],"collection":[{"href":"https:\/\/www.auderset.com\/es\/wp-json\/wp\/v2\/pages"}],"about":[{"href":"https:\/\/www.auderset.com\/es\/wp-json\/wp\/v2\/types\/page"}],"author":[{"embeddable":true,"href":"https:\/\/www.auderset.com\/es\/wp-json\/wp\/v2\/users\/1"}],"replies":[{"embeddable":true,"href":"https:\/\/www.auderset.com\/es\/wp-json\/wp\/v2\/comments?post=9547"}],"version-history":[{"count":3,"href":"https:\/\/www.auderset.com\/es\/wp-json\/wp\/v2\/pages\/9547\/revisions"}],"predecessor-version":[{"id":19523,"href":"https:\/\/www.auderset.com\/es\/wp-json\/wp\/v2\/pages\/9547\/revisions\/19523"}],"wp:attachment":[{"href":"https:\/\/www.auderset.com\/es\/wp-json\/wp\/v2\/media?parent=9547"}],"curies":[{"name":"wp","href":"https:\/\/api.w.org\/{rel}","templated":true}]}}