{"id":96,"date":"2010-12-21T16:11:09","date_gmt":"2010-12-21T14:11:09","guid":{"rendered":"http:\/\/www.auderset.com\/\/"},"modified":"2026-01-29T18:18:45","modified_gmt":"2026-01-29T16:18:45","slug":"robi","status":"publish","type":"page","link":"https:\/\/www.auderset.com\/es\/comics\/robi\/","title":{"rendered":"Robi"},"content":{"rendered":"<p>Por ahora, solo disponible en franc\u00e9s, ingl\u00e9s y alem\u00e1n (pero esperamos poder traducirlo alg\u00fan d\u00eda al espa\u00f1ol).<\/p>\n<p>N.\u00ba 330 000 403 Robi para los amigos<\/p>\n<p>Metro, trabajo, dormir&#8230; as\u00ed parece ser la existencia de Jean-Philippe Robert Sakamoto hasta aquella famosa ma\u00f1ana en la que, frente al espejo, se da cuenta de que padece una inquietante malformaci\u00f3n&#8230; Robi (para los \u00edntimos) est\u00e1, en efecto, dotado de un vac\u00edo interior que lo llevar\u00e1 a emprender una loca b\u00fasqueda. Esta historia nos cuenta la lucha de un individuo contra el anonimato de una vida programada, banal y similar a la de millones de personas, para encontrar un sentido a la existencia y descubrir, finalmente, que cada uno es \u00fanico, irreemplazable, precioso y amado&#8230; apasionadamente. Una peque\u00f1a obra maestra del grafismo en blanco y negro dibujada a trazo (tinta china).<\/p>\n<p>P\u00fablico: adolescentes, j\u00f3venes adultos (ideal para j\u00f3venes de alrededor de 12 a\u00f1os). Cuarta obra del autor.<\/p>\n<p>Primer premio internacional del c\u00f3mic cristiano franc\u00f3fono de Angulema. Historia continua. (no es una serie de gags)<\/p>\n<p>Existe en dos versiones:<\/p>\n<p>Tapa dura: 21,5 x 30 cm &#8211; 64 p\u00e1ginas.<\/p>\n<p><strong><span style=\"font-family: Arial; font-size: x-large;\"><span style=\"font-size: 24px;\"><a href=\"http:\/\/www.auderset.com\/wp-content\/uploads\/ROBI.png\"><img loading=\"lazy\" decoding=\"async\" class=\"alignnone wp-image-18104\" src=\"http:\/\/www.auderset.com\/wp-content\/uploads\/ROBI-211x300.png\" alt=\"\" width=\"300\" height=\"426\" srcset=\"https:\/\/www.auderset.com\/wp-content\/uploads\/ROBI-211x300.png 211w, https:\/\/www.auderset.com\/wp-content\/uploads\/ROBI-768x1090.png 768w, https:\/\/www.auderset.com\/wp-content\/uploads\/ROBI-722x1024.png 722w, https:\/\/www.auderset.com\/wp-content\/uploads\/ROBI.png 800w\" sizes=\"auto, (max-width: 300px) 100vw, 300px\" \/><\/a><\/span><\/span><\/strong><\/p>\n<p>&nbsp;<\/p>\n<p>Encuadernaci\u00f3n en tapa dura: 17 x 24,5 cm \u2013 64 p\u00e1ginas.<\/p>\n<p>&nbsp;<\/p>\n<p>Atenci\u00f3n: \u00a1posibilidad de beneficiarse de descuentos por cantidad!<\/p>\n<p>&nbsp;<\/p>","protected":false},"excerpt":{"rendered":"<p>Por ahora, solo disponible en franc\u00e9s, ingl\u00e9s y alem\u00e1n (pero esperamos poder traducirlo alg\u00fan d\u00eda al espa\u00f1ol). N.\u00ba 330 000 403 Robi para los amigos Metro, trabajo, dormir&#8230; as\u00ed parece ser la existencia de Jean-Philippe Robert Sakamoto hasta aquella famosa &hellip; <a href=\"https:\/\/www.auderset.com\/es\/comics\/robi\/\">More&#8230;<\/a> <a href=\"https:\/\/www.auderset.com\/es\/comics\/robi\/\">More&#8230;<\/a><\/p>\n","protected":false},"author":1,"featured_media":0,"parent":24,"menu_order":0,"comment_status":"closed","ping_status":"closed","template":"","meta":{"footnotes":""},"class_list":["post-96","page","type-page","status-publish","hentry"],"_links":{"self":[{"href":"https:\/\/www.auderset.com\/es\/wp-json\/wp\/v2\/pages\/96","targetHints":{"allow":["GET"]}}],"collection":[{"href":"https:\/\/www.auderset.com\/es\/wp-json\/wp\/v2\/pages"}],"about":[{"href":"https:\/\/www.auderset.com\/es\/wp-json\/wp\/v2\/types\/page"}],"author":[{"embeddable":true,"href":"https:\/\/www.auderset.com\/es\/wp-json\/wp\/v2\/users\/1"}],"replies":[{"embeddable":true,"href":"https:\/\/www.auderset.com\/es\/wp-json\/wp\/v2\/comments?post=96"}],"version-history":[{"count":26,"href":"https:\/\/www.auderset.com\/es\/wp-json\/wp\/v2\/pages\/96\/revisions"}],"predecessor-version":[{"id":22281,"href":"https:\/\/www.auderset.com\/es\/wp-json\/wp\/v2\/pages\/96\/revisions\/22281"}],"up":[{"embeddable":true,"href":"https:\/\/www.auderset.com\/es\/wp-json\/wp\/v2\/pages\/24"}],"wp:attachment":[{"href":"https:\/\/www.auderset.com\/es\/wp-json\/wp\/v2\/media?parent=96"}],"curies":[{"name":"wp","href":"https:\/\/api.w.org\/{rel}","templated":true}]}}